{"id":12054,"date":"2025-06-12T05:54:00","date_gmt":"2025-06-12T08:54:00","guid":{"rendered":"https:\/\/rms-enlinea.com.ar\/tienda\/producto\/mouse-pad-gaming-logitech-g240-280x340x1mm-943-000783\/"},"modified":"2026-04-21T03:42:18","modified_gmt":"2026-04-21T06:42:18","slug":"mouse-pad-gaming-logitech-g240-280x340x1mm-943-000783","status":"publish","type":"product","link":"https:\/\/rms-enlinea.com.ar\/tienda\/producto\/mouse-pad-gaming-logitech-g240-280x340x1mm-943-000783\/","title":{"rendered":"Mouse Pad Gaming Logitech G240 280x340x1mm 943-000783"},"content":{"rendered":"<p>Dimensiones<br \/>Altura: 280 mm<\/p>\n<p>Ancho: 340 mm<\/p>\n<p>Profundidad: 1 mm<\/p>\n<p>Peso: 90 g, aproximado<\/p>\n<p>Especificaciones t\u00e9cnicas<br \/>280 x 340 mm: Tama\u00f1o cl\u00e1sico<\/p>\n<p>Grosor ultrafino: 1 mm<\/p>\n<p>Textura: Tela<\/p>\n","protected":false},"excerpt":{"rendered":"<p>DimensionesAltura: 280 mm Ancho: 340 mm Profundidad: 1 mm Peso: 90 g, aproximado Especificaciones t\u00e9cnicas280 x 340 mm: Tama\u00f1o cl\u00e1sico Grosor ultrafino: 1 mm Textura: Tela<\/p>\n","protected":false},"featured_media":12046,"comment_status":"open","ping_status":"closed","template":"","meta":{"_uag_custom_page_level_css":""},"product_brand":[549],"product_cat":[125],"product_tag":[],"class_list":{"0":"post-12054","1":"product","2":"type-product","3":"status-publish","4":"has-post-thumbnail","6":"product_brand-logitech","7":"product_cat-teclados-y-mouses","9":"first","10":"outofstock","11":"sale","12":"taxable","13":"shipping-taxable","14":"purchasable","15":"product-type-simple"},"uagb_featured_image_src":{"full":["https:\/\/rms-enlinea.com.ar\/wp-content\/uploads\/2025\/06\/D_654812-MLM54407826466_032023-F.jpg",509,334,false],"thumbnail":["https:\/\/rms-enlinea.com.ar\/wp-content\/uploads\/2025\/06\/D_654812-MLM54407826466_032023-F-150x150.jpg",150,150,true],"medium":["https:\/\/rms-enlinea.com.ar\/wp-content\/uploads\/2025\/06\/D_654812-MLM54407826466_032023-F-300x197.jpg",300,197,true],"medium_large":["https:\/\/rms-enlinea.com.ar\/wp-content\/uploads\/2025\/06\/D_654812-MLM54407826466_032023-F.jpg",509,334,false],"large":["https:\/\/rms-enlinea.com.ar\/wp-content\/uploads\/2025\/06\/D_654812-MLM54407826466_032023-F.jpg",509,334,false],"1536x1536":["https:\/\/rms-enlinea.com.ar\/wp-content\/uploads\/2025\/06\/D_654812-MLM54407826466_032023-F.jpg",509,334,false],"2048x2048":["https:\/\/rms-enlinea.com.ar\/wp-content\/uploads\/2025\/06\/D_654812-MLM54407826466_032023-F.jpg",509,334,false],"woocommerce_thumbnail":["https:\/\/rms-enlinea.com.ar\/wp-content\/uploads\/2025\/06\/D_654812-MLM54407826466_032023-F-450x334.jpg",450,334,true],"woocommerce_single":["https:\/\/rms-enlinea.com.ar\/wp-content\/uploads\/2025\/06\/D_654812-MLM54407826466_032023-F.jpg",509,334,false],"woocommerce_gallery_thumbnail":["https:\/\/rms-enlinea.com.ar\/wp-content\/uploads\/2025\/06\/D_654812-MLM54407826466_032023-F-100x100.jpg",100,100,true]},"uagb_author_info":{"display_name":"l0071054","author_link":"https:\/\/rms-enlinea.com.ar\/tienda\/author\/"},"uagb_comment_info":0,"uagb_excerpt":"DimensionesAltura: 280 mm Ancho: 340 mm Profundidad: 1 mm Peso: 90 g, aproximado Especificaciones t\u00e9cnicas280 x 340 mm: Tama\u00f1o cl\u00e1sico Grosor ultrafino: 1 mm Textura: Tela","_links":{"self":[{"href":"https:\/\/rms-enlinea.com.ar\/tienda\/wp-json\/wp\/v2\/product\/12054","targetHints":{"allow":["GET"]}}],"collection":[{"href":"https:\/\/rms-enlinea.com.ar\/tienda\/wp-json\/wp\/v2\/product"}],"about":[{"href":"https:\/\/rms-enlinea.com.ar\/tienda\/wp-json\/wp\/v2\/types\/product"}],"replies":[{"embeddable":true,"href":"https:\/\/rms-enlinea.com.ar\/tienda\/wp-json\/wp\/v2\/comments?post=12054"}],"wp:featuredmedia":[{"embeddable":true,"href":"https:\/\/rms-enlinea.com.ar\/tienda\/wp-json\/wp\/v2\/media\/12046"}],"wp:attachment":[{"href":"https:\/\/rms-enlinea.com.ar\/tienda\/wp-json\/wp\/v2\/media?parent=12054"}],"wp:term":[{"taxonomy":"product_brand","embeddable":true,"href":"https:\/\/rms-enlinea.com.ar\/tienda\/wp-json\/wp\/v2\/product_brand?post=12054"},{"taxonomy":"product_cat","embeddable":true,"href":"https:\/\/rms-enlinea.com.ar\/tienda\/wp-json\/wp\/v2\/product_cat?post=12054"},{"taxonomy":"product_tag","embeddable":true,"href":"https:\/\/rms-enlinea.com.ar\/tienda\/wp-json\/wp\/v2\/product_tag?post=12054"}],"curies":[{"name":"wp","href":"https:\/\/api.w.org\/{rel}","templated":true}]}}