{"id":12075,"date":"2025-06-12T05:54:25","date_gmt":"2025-06-12T08:54:25","guid":{"rendered":"https:\/\/rms-enlinea.com.ar\/tienda\/producto\/kit-x-31-keycaps-gamer-goma-rugosa-traslucidas-ducky-dksa31-2\/"},"modified":"2026-04-06T13:19:15","modified_gmt":"2026-04-06T16:19:15","slug":"kit-x-31-keycaps-gamer-goma-rugosa-traslucidas-ducky-dksa31-2","status":"publish","type":"product","link":"https:\/\/rms-enlinea.com.ar\/tienda\/producto\/kit-x-31-keycaps-gamer-goma-rugosa-traslucidas-ducky-dksa31-2\/","title":{"rendered":"Kit X 31 Keycaps Gamer Goma Rugosa Traslucidas Ducky Dksa31"},"content":{"rendered":"<p>EL PRODUCTO SON SOLO LAS 31 KEYCAPS<\/p>\n<p>El producto SET 31 TECLAS DUCKY VERDE GOMA RUGOSAS GAMER TRASLUCIDAS DKSA31-USRDGNNO1 es un set de teclas dise\u00f1ado para teclados mec\u00e1nicos Ducky. Estas teclas est\u00e1n hechas de goma rugosa y tienen un acabado transl\u00facido, lo que las hace ideales para jugadores que buscan mejorar la est\u00e9tica y el agarre de su teclado.<br \/>Las teclas est\u00e1n dise\u00f1adas para proporcionar una sensaci\u00f3n t\u00e1ctil \u00fanica y duradera, lo que puede mejorar la experiencia de juego y la precisi\u00f3n al teclear. Adem\u00e1s, su acabado transl\u00facido permite que la luz de los teclados con iluminaci\u00f3n RGB brille a trav\u00e9s de ellas, creando efectos visuales llamativos.<br \/>En resumen, el SET 31 TECLAS DUCKY VERDE GOMA RUGOSAS GAMER TRASLUCIDAS DKSA31-USRDGNNO1 es un producto dise\u00f1ado para gamers que buscan personalizar y mejorar su experiencia de juego con un toque de estilo y funcionalidad.<\/p>\n","protected":false},"excerpt":{"rendered":"<p>EL PRODUCTO SON SOLO LAS 31 KEYCAPS El producto SET 31 TECLAS DUCKY VERDE GOMA RUGOSAS GAMER TRASLUCIDAS DKSA31-USRDGNNO1 es un set de teclas dise\u00f1ado para teclados mec\u00e1nicos Ducky. Estas teclas est\u00e1n hechas de goma rugosa y tienen un acabado transl\u00facido, lo que las hace ideales para jugadores que buscan mejorar la est\u00e9tica y el [&hellip;]<\/p>\n","protected":false},"featured_media":12076,"comment_status":"open","ping_status":"closed","template":"","meta":{"_uag_custom_page_level_css":""},"product_brand":[576],"product_cat":[125],"product_tag":[],"class_list":{"0":"post-12075","1":"product","2":"type-product","3":"status-publish","4":"has-post-thumbnail","6":"product_brand-ducky","7":"product_cat-teclados-y-mouses","9":"first","10":"instock","11":"sale","12":"taxable","13":"shipping-taxable","14":"purchasable","15":"product-type-simple"},"uagb_featured_image_src":{"full":["https:\/\/rms-enlinea.com.ar\/wp-content\/uploads\/2025\/06\/D_918910-MLA78002614146_082024-F.jpg",1200,1196,false],"thumbnail":["https:\/\/rms-enlinea.com.ar\/wp-content\/uploads\/2025\/06\/D_918910-MLA78002614146_082024-F-150x150.jpg",150,150,true],"medium":["https:\/\/rms-enlinea.com.ar\/wp-content\/uploads\/2025\/06\/D_918910-MLA78002614146_082024-F-300x300.jpg",300,300,true],"medium_large":["https:\/\/rms-enlinea.com.ar\/wp-content\/uploads\/2025\/06\/D_918910-MLA78002614146_082024-F-768x765.jpg",768,765,true],"large":["https:\/\/rms-enlinea.com.ar\/wp-content\/uploads\/2025\/06\/D_918910-MLA78002614146_082024-F-1024x1021.jpg",1024,1021,true],"1536x1536":["https:\/\/rms-enlinea.com.ar\/wp-content\/uploads\/2025\/06\/D_918910-MLA78002614146_082024-F.jpg",1200,1196,false],"2048x2048":["https:\/\/rms-enlinea.com.ar\/wp-content\/uploads\/2025\/06\/D_918910-MLA78002614146_082024-F.jpg",1200,1196,false],"woocommerce_thumbnail":["https:\/\/rms-enlinea.com.ar\/wp-content\/uploads\/2025\/06\/D_918910-MLA78002614146_082024-F-450x450.jpg",450,450,true],"woocommerce_single":["https:\/\/rms-enlinea.com.ar\/wp-content\/uploads\/2025\/06\/D_918910-MLA78002614146_082024-F-600x598.jpg",600,598,true],"woocommerce_gallery_thumbnail":["https:\/\/rms-enlinea.com.ar\/wp-content\/uploads\/2025\/06\/D_918910-MLA78002614146_082024-F-100x100.jpg",100,100,true]},"uagb_author_info":{"display_name":"l0071054","author_link":"https:\/\/rms-enlinea.com.ar\/tienda\/author\/"},"uagb_comment_info":0,"uagb_excerpt":"EL PRODUCTO SON SOLO LAS 31 KEYCAPS El producto SET 31 TECLAS DUCKY VERDE GOMA RUGOSAS GAMER TRASLUCIDAS DKSA31-USRDGNNO1 es un set de teclas dise\u00f1ado para teclados mec\u00e1nicos Ducky. Estas teclas est\u00e1n hechas de goma rugosa y tienen un acabado transl\u00facido, lo que las hace ideales para jugadores que buscan mejorar la est\u00e9tica y el&hellip;","_links":{"self":[{"href":"https:\/\/rms-enlinea.com.ar\/tienda\/wp-json\/wp\/v2\/product\/12075","targetHints":{"allow":["GET"]}}],"collection":[{"href":"https:\/\/rms-enlinea.com.ar\/tienda\/wp-json\/wp\/v2\/product"}],"about":[{"href":"https:\/\/rms-enlinea.com.ar\/tienda\/wp-json\/wp\/v2\/types\/product"}],"replies":[{"embeddable":true,"href":"https:\/\/rms-enlinea.com.ar\/tienda\/wp-json\/wp\/v2\/comments?post=12075"}],"wp:featuredmedia":[{"embeddable":true,"href":"https:\/\/rms-enlinea.com.ar\/tienda\/wp-json\/wp\/v2\/media\/12076"}],"wp:attachment":[{"href":"https:\/\/rms-enlinea.com.ar\/tienda\/wp-json\/wp\/v2\/media?parent=12075"}],"wp:term":[{"taxonomy":"product_brand","embeddable":true,"href":"https:\/\/rms-enlinea.com.ar\/tienda\/wp-json\/wp\/v2\/product_brand?post=12075"},{"taxonomy":"product_cat","embeddable":true,"href":"https:\/\/rms-enlinea.com.ar\/tienda\/wp-json\/wp\/v2\/product_cat?post=12075"},{"taxonomy":"product_tag","embeddable":true,"href":"https:\/\/rms-enlinea.com.ar\/tienda\/wp-json\/wp\/v2\/product_tag?post=12075"}],"curies":[{"name":"wp","href":"https:\/\/api.w.org\/{rel}","templated":true}]}}