{"id":12137,"date":"2025-06-12T05:55:26","date_gmt":"2025-06-12T08:55:26","guid":{"rendered":"https:\/\/rms-enlinea.com.ar\/tienda\/producto\/mother-asus-rog-strix-b760-a-gaming-wifi-s1700-ddr5-pcie-5-0\/"},"modified":"2026-05-04T10:06:23","modified_gmt":"2026-05-04T13:06:23","slug":"mother-asus-rog-strix-b760-a-gaming-wifi-s1700-ddr5-pcie-5-0","status":"publish","type":"product","link":"https:\/\/rms-enlinea.com.ar\/tienda\/producto\/mother-asus-rog-strix-b760-a-gaming-wifi-s1700-ddr5-pcie-5-0\/","title":{"rendered":"Mother Asus Rog Strix B760-a Gaming Wifi S1700 Ddr5 Pcie 5.0"},"content":{"rendered":"<p>Plataforma Intel<br \/>Socket Lga1700<br \/>Tipo de memoria RAM DDR5<br \/>L\u00ednea ROG Strix<br \/>Capacidad m\u00e1xima soportada de la memoria RAM 192 GB<br \/>SKU ROG STRIX B760-A GAMING WIFI<br \/>Versi\u00f3n WiFi<br \/>Marca Asus<br \/>Chipsets B760<\/p>\n","protected":false},"excerpt":{"rendered":"<p>Plataforma IntelSocket Lga1700Tipo de memoria RAM DDR5L\u00ednea ROG StrixCapacidad m\u00e1xima soportada de la memoria RAM 192 GBSKU ROG STRIX B760-A GAMING WIFIVersi\u00f3n WiFiMarca AsusChipsets B760<\/p>\n","protected":false},"featured_media":12142,"comment_status":"open","ping_status":"closed","template":"","meta":{"_uag_custom_page_level_css":""},"product_brand":[586],"product_cat":[115],"product_tag":[],"class_list":{"0":"post-12137","1":"product","2":"type-product","3":"status-publish","4":"has-post-thumbnail","6":"product_brand-asus","7":"product_cat-mother","9":"first","10":"outofstock","11":"sale","12":"taxable","13":"shipping-taxable","14":"purchasable","15":"product-type-simple"},"uagb_featured_image_src":{"full":["https:\/\/rms-enlinea.com.ar\/wp-content\/uploads\/2025\/06\/D_663930-MLA77972259378_082024-F-1.jpg",806,1200,false],"thumbnail":["https:\/\/rms-enlinea.com.ar\/wp-content\/uploads\/2025\/06\/D_663930-MLA77972259378_082024-F-1-150x150.jpg",150,150,true],"medium":["https:\/\/rms-enlinea.com.ar\/wp-content\/uploads\/2025\/06\/D_663930-MLA77972259378_082024-F-1-202x300.jpg",202,300,true],"medium_large":["https:\/\/rms-enlinea.com.ar\/wp-content\/uploads\/2025\/06\/D_663930-MLA77972259378_082024-F-1-768x1143.jpg",768,1143,true],"large":["https:\/\/rms-enlinea.com.ar\/wp-content\/uploads\/2025\/06\/D_663930-MLA77972259378_082024-F-1-688x1024.jpg",688,1024,true],"1536x1536":["https:\/\/rms-enlinea.com.ar\/wp-content\/uploads\/2025\/06\/D_663930-MLA77972259378_082024-F-1.jpg",806,1200,false],"2048x2048":["https:\/\/rms-enlinea.com.ar\/wp-content\/uploads\/2025\/06\/D_663930-MLA77972259378_082024-F-1.jpg",806,1200,false],"woocommerce_thumbnail":["https:\/\/rms-enlinea.com.ar\/wp-content\/uploads\/2025\/06\/D_663930-MLA77972259378_082024-F-1-450x450.jpg",450,450,true],"woocommerce_single":["https:\/\/rms-enlinea.com.ar\/wp-content\/uploads\/2025\/06\/D_663930-MLA77972259378_082024-F-1-600x893.jpg",600,893,true],"woocommerce_gallery_thumbnail":["https:\/\/rms-enlinea.com.ar\/wp-content\/uploads\/2025\/06\/D_663930-MLA77972259378_082024-F-1-100x100.jpg",100,100,true]},"uagb_author_info":{"display_name":"l0071054","author_link":"https:\/\/rms-enlinea.com.ar\/tienda\/author\/"},"uagb_comment_info":0,"uagb_excerpt":"Plataforma IntelSocket Lga1700Tipo de memoria RAM DDR5L\u00ednea ROG StrixCapacidad m\u00e1xima soportada de la memoria RAM 192 GBSKU ROG STRIX B760-A GAMING WIFIVersi\u00f3n WiFiMarca AsusChipsets B760","_links":{"self":[{"href":"https:\/\/rms-enlinea.com.ar\/tienda\/wp-json\/wp\/v2\/product\/12137","targetHints":{"allow":["GET"]}}],"collection":[{"href":"https:\/\/rms-enlinea.com.ar\/tienda\/wp-json\/wp\/v2\/product"}],"about":[{"href":"https:\/\/rms-enlinea.com.ar\/tienda\/wp-json\/wp\/v2\/types\/product"}],"replies":[{"embeddable":true,"href":"https:\/\/rms-enlinea.com.ar\/tienda\/wp-json\/wp\/v2\/comments?post=12137"}],"wp:featuredmedia":[{"embeddable":true,"href":"https:\/\/rms-enlinea.com.ar\/tienda\/wp-json\/wp\/v2\/media\/12142"}],"wp:attachment":[{"href":"https:\/\/rms-enlinea.com.ar\/tienda\/wp-json\/wp\/v2\/media?parent=12137"}],"wp:term":[{"taxonomy":"product_brand","embeddable":true,"href":"https:\/\/rms-enlinea.com.ar\/tienda\/wp-json\/wp\/v2\/product_brand?post=12137"},{"taxonomy":"product_cat","embeddable":true,"href":"https:\/\/rms-enlinea.com.ar\/tienda\/wp-json\/wp\/v2\/product_cat?post=12137"},{"taxonomy":"product_tag","embeddable":true,"href":"https:\/\/rms-enlinea.com.ar\/tienda\/wp-json\/wp\/v2\/product_tag?post=12137"}],"curies":[{"name":"wp","href":"https:\/\/api.w.org\/{rel}","templated":true}]}}