{"id":12491,"date":"2025-06-12T06:02:17","date_gmt":"2025-06-12T09:02:17","guid":{"rendered":"https:\/\/rms-enlinea.com.ar\/tienda\/producto\/teclado-gamer-trust-azor-gxt-835-ingles-pc-ps4-xbox-one\/"},"modified":"2026-03-11T23:11:46","modified_gmt":"2026-03-12T02:11:46","slug":"teclado-gamer-trust-azor-gxt-835-ingles-pc-ps4-xbox-one","status":"publish","type":"product","link":"https:\/\/rms-enlinea.com.ar\/tienda\/producto\/teclado-gamer-trust-azor-gxt-835-ingles-pc-ps4-xbox-one\/","title":{"rendered":"Teclado Gamer Trust Azor Gxt 835 Ingl\u00e9s Pc Ps4 Xbox One"},"content":{"rendered":"<p>arca<\/p>\n<p>Trust<br \/>Largo del cable<\/p>\n<p>180 cm<br \/>Consolas de juegos compatibles<\/p>\n<p>Xbox One,PS4<br \/>Tipo de conector<\/p>\n<p>USB 2.0<br \/>C\u00f3digo universal de producto<\/p>\n<p>8713439236514<br \/>Cantidad de teclas de acceso r\u00e1pido<\/p>\n<p>12<br \/>Es ergon\u00f3mica<\/p>\n<p>No<br \/>Es gamer<\/p>\n<p>S\u00ed<br \/>Es para una mano<\/p>\n<p>No<br \/>Es resistente a salpicaduras<\/p>\n<p>No<br \/>Profundidad del teclado<\/p>\n<p>40 mm<br \/>Altura del teclado<\/p>\n<p>125 mm<br \/>Peso del teclado<\/p>\n<p>621 g<br \/>Ancho del teclado<\/p>\n<p>438 mm<br \/>Forma de las teclas<\/p>\n<p>Cil\u00edndrica<br \/>L\u00ednea<\/p>\n<p>Azor<br \/>Modelo<\/p>\n<p>23651<br \/>Arquitectura<\/p>\n<p>Membrana<br \/>Con teclas anti-ghost<\/p>\n<p>S\u00ed<br \/>Con Bluetooth<\/p>\n<p>No<br \/>Con pantalla<\/p>\n<p>No<br \/>Con teclas de acceso r\u00e1pido<\/p>\n<p>S\u00ed<br \/>Con interfaz USB<\/p>\n<p>S\u00ed<br \/>Con pad num\u00e9rico<\/p>\n<p>S\u00ed<br \/>Con cable removible<\/p>\n<p>No<br \/>Con retroiluminaci\u00f3n<\/p>\n<p>S\u00ed<\/p>\n","protected":false},"excerpt":{"rendered":"<p>arca TrustLargo del cable 180 cmConsolas de juegos compatibles Xbox One,PS4Tipo de conector USB 2.0C\u00f3digo universal de producto 8713439236514Cantidad de teclas de acceso r\u00e1pido 12Es ergon\u00f3mica NoEs gamer S\u00edEs para una mano NoEs resistente a salpicaduras NoProfundidad del teclado 40 mmAltura del teclado 125 mmPeso del teclado 621 gAncho del teclado 438 mmForma de las [&hellip;]<\/p>\n","protected":false},"featured_media":12492,"comment_status":"open","ping_status":"closed","template":"","meta":{"_uag_custom_page_level_css":""},"product_brand":[542],"product_cat":[125],"product_tag":[],"class_list":{"0":"post-12491","1":"product","2":"type-product","3":"status-publish","4":"has-post-thumbnail","6":"product_brand-trustgaming","7":"product_cat-teclados-y-mouses","9":"first","10":"instock","11":"sale","12":"taxable","13":"shipping-taxable","14":"purchasable","15":"product-type-simple"},"uagb_featured_image_src":{"full":["https:\/\/rms-enlinea.com.ar\/wp-content\/uploads\/2025\/06\/D_898093-MLA77173885254_072024-F.jpg",1200,432,false],"thumbnail":["https:\/\/rms-enlinea.com.ar\/wp-content\/uploads\/2025\/06\/D_898093-MLA77173885254_072024-F-150x150.jpg",150,150,true],"medium":["https:\/\/rms-enlinea.com.ar\/wp-content\/uploads\/2025\/06\/D_898093-MLA77173885254_072024-F-300x108.jpg",300,108,true],"medium_large":["https:\/\/rms-enlinea.com.ar\/wp-content\/uploads\/2025\/06\/D_898093-MLA77173885254_072024-F-768x276.jpg",768,276,true],"large":["https:\/\/rms-enlinea.com.ar\/wp-content\/uploads\/2025\/06\/D_898093-MLA77173885254_072024-F-1024x369.jpg",1024,369,true],"1536x1536":["https:\/\/rms-enlinea.com.ar\/wp-content\/uploads\/2025\/06\/D_898093-MLA77173885254_072024-F.jpg",1200,432,false],"2048x2048":["https:\/\/rms-enlinea.com.ar\/wp-content\/uploads\/2025\/06\/D_898093-MLA77173885254_072024-F.jpg",1200,432,false],"woocommerce_thumbnail":["https:\/\/rms-enlinea.com.ar\/wp-content\/uploads\/2025\/06\/D_898093-MLA77173885254_072024-F-450x432.jpg",450,432,true],"woocommerce_single":["https:\/\/rms-enlinea.com.ar\/wp-content\/uploads\/2025\/06\/D_898093-MLA77173885254_072024-F-600x216.jpg",600,216,true],"woocommerce_gallery_thumbnail":["https:\/\/rms-enlinea.com.ar\/wp-content\/uploads\/2025\/06\/D_898093-MLA77173885254_072024-F-100x100.jpg",100,100,true]},"uagb_author_info":{"display_name":"l0071054","author_link":"https:\/\/rms-enlinea.com.ar\/tienda\/author\/"},"uagb_comment_info":0,"uagb_excerpt":"arca TrustLargo del cable 180 cmConsolas de juegos compatibles Xbox One,PS4Tipo de conector USB 2.0C\u00f3digo universal de producto 8713439236514Cantidad de teclas de acceso r\u00e1pido 12Es ergon\u00f3mica NoEs gamer S\u00edEs para una mano NoEs resistente a salpicaduras NoProfundidad del teclado 40 mmAltura del teclado 125 mmPeso del teclado 621 gAncho del teclado 438 mmForma de las&hellip;","_links":{"self":[{"href":"https:\/\/rms-enlinea.com.ar\/tienda\/wp-json\/wp\/v2\/product\/12491","targetHints":{"allow":["GET"]}}],"collection":[{"href":"https:\/\/rms-enlinea.com.ar\/tienda\/wp-json\/wp\/v2\/product"}],"about":[{"href":"https:\/\/rms-enlinea.com.ar\/tienda\/wp-json\/wp\/v2\/types\/product"}],"replies":[{"embeddable":true,"href":"https:\/\/rms-enlinea.com.ar\/tienda\/wp-json\/wp\/v2\/comments?post=12491"}],"wp:featuredmedia":[{"embeddable":true,"href":"https:\/\/rms-enlinea.com.ar\/tienda\/wp-json\/wp\/v2\/media\/12492"}],"wp:attachment":[{"href":"https:\/\/rms-enlinea.com.ar\/tienda\/wp-json\/wp\/v2\/media?parent=12491"}],"wp:term":[{"taxonomy":"product_brand","embeddable":true,"href":"https:\/\/rms-enlinea.com.ar\/tienda\/wp-json\/wp\/v2\/product_brand?post=12491"},{"taxonomy":"product_cat","embeddable":true,"href":"https:\/\/rms-enlinea.com.ar\/tienda\/wp-json\/wp\/v2\/product_cat?post=12491"},{"taxonomy":"product_tag","embeddable":true,"href":"https:\/\/rms-enlinea.com.ar\/tienda\/wp-json\/wp\/v2\/product_tag?post=12491"}],"curies":[{"name":"wp","href":"https:\/\/api.w.org\/{rel}","templated":true}]}}