{"id":12520,"date":"2025-06-12T06:02:43","date_gmt":"2025-06-12T09:02:43","guid":{"rendered":"https:\/\/rms-enlinea.com.ar\/tienda\/producto\/teclado-numerico-inalambrico-genius-numpad-1000-membrana\/"},"modified":"2026-04-11T13:21:03","modified_gmt":"2026-04-11T16:21:03","slug":"teclado-numerico-inalambrico-genius-numpad-1000-membrana","status":"publish","type":"product","link":"https:\/\/rms-enlinea.com.ar\/tienda\/producto\/teclado-numerico-inalambrico-genius-numpad-1000-membrana\/","title":{"rendered":"Teclado Numerico Inalambrico Genius Numpad 1000 Membrana"},"content":{"rendered":"<p>Es teclado num\u00e9rico<\/p>\n<p>S\u00ed<br \/>Es resistente a salpicaduras<\/p>\n<p>S\u00ed<br \/>Condici\u00f3n del \u00edtem<\/p>\n<p>Nuevo<br \/>L\u00ednea<\/p>\n<p>NumPad<br \/>Marca<\/p>\n<p>Genius<br \/>Es gamer<\/p>\n<p>No<br \/>Arquitectura<\/p>\n<p>Membrana<br \/>Con recepci\u00f3n inal\u00e1mbrica<\/p>\n<p>S\u00ed<\/p>\n","protected":false},"excerpt":{"rendered":"<p>Es teclado num\u00e9rico S\u00edEs resistente a salpicaduras S\u00edCondici\u00f3n del \u00edtem NuevoL\u00ednea NumPadMarca GeniusEs gamer NoArquitectura MembranaCon recepci\u00f3n inal\u00e1mbrica S\u00ed<\/p>\n","protected":false},"featured_media":12521,"comment_status":"open","ping_status":"closed","template":"","meta":{"_uag_custom_page_level_css":""},"product_brand":[550],"product_cat":[125],"product_tag":[],"class_list":{"0":"post-12520","1":"product","2":"type-product","3":"status-publish","4":"has-post-thumbnail","6":"product_brand-genius","7":"product_cat-teclados-y-mouses","9":"first","10":"outofstock","11":"sale","12":"taxable","13":"shipping-taxable","14":"purchasable","15":"product-type-simple"},"uagb_featured_image_src":{"full":["https:\/\/rms-enlinea.com.ar\/wp-content\/uploads\/2025\/06\/D_953910-MLA77386528261_072024-F.jpg",874,1200,false],"thumbnail":["https:\/\/rms-enlinea.com.ar\/wp-content\/uploads\/2025\/06\/D_953910-MLA77386528261_072024-F-150x150.jpg",150,150,true],"medium":["https:\/\/rms-enlinea.com.ar\/wp-content\/uploads\/2025\/06\/D_953910-MLA77386528261_072024-F-219x300.jpg",219,300,true],"medium_large":["https:\/\/rms-enlinea.com.ar\/wp-content\/uploads\/2025\/06\/D_953910-MLA77386528261_072024-F-768x1054.jpg",768,1054,true],"large":["https:\/\/rms-enlinea.com.ar\/wp-content\/uploads\/2025\/06\/D_953910-MLA77386528261_072024-F-746x1024.jpg",746,1024,true],"1536x1536":["https:\/\/rms-enlinea.com.ar\/wp-content\/uploads\/2025\/06\/D_953910-MLA77386528261_072024-F.jpg",874,1200,false],"2048x2048":["https:\/\/rms-enlinea.com.ar\/wp-content\/uploads\/2025\/06\/D_953910-MLA77386528261_072024-F.jpg",874,1200,false],"woocommerce_thumbnail":["https:\/\/rms-enlinea.com.ar\/wp-content\/uploads\/2025\/06\/D_953910-MLA77386528261_072024-F-450x450.jpg",450,450,true],"woocommerce_single":["https:\/\/rms-enlinea.com.ar\/wp-content\/uploads\/2025\/06\/D_953910-MLA77386528261_072024-F-600x824.jpg",600,824,true],"woocommerce_gallery_thumbnail":["https:\/\/rms-enlinea.com.ar\/wp-content\/uploads\/2025\/06\/D_953910-MLA77386528261_072024-F-100x100.jpg",100,100,true]},"uagb_author_info":{"display_name":"l0071054","author_link":"https:\/\/rms-enlinea.com.ar\/tienda\/author\/"},"uagb_comment_info":0,"uagb_excerpt":"Es teclado num\u00e9rico S\u00edEs resistente a salpicaduras S\u00edCondici\u00f3n del \u00edtem NuevoL\u00ednea NumPadMarca GeniusEs gamer NoArquitectura MembranaCon recepci\u00f3n inal\u00e1mbrica S\u00ed","_links":{"self":[{"href":"https:\/\/rms-enlinea.com.ar\/tienda\/wp-json\/wp\/v2\/product\/12520","targetHints":{"allow":["GET"]}}],"collection":[{"href":"https:\/\/rms-enlinea.com.ar\/tienda\/wp-json\/wp\/v2\/product"}],"about":[{"href":"https:\/\/rms-enlinea.com.ar\/tienda\/wp-json\/wp\/v2\/types\/product"}],"replies":[{"embeddable":true,"href":"https:\/\/rms-enlinea.com.ar\/tienda\/wp-json\/wp\/v2\/comments?post=12520"}],"wp:featuredmedia":[{"embeddable":true,"href":"https:\/\/rms-enlinea.com.ar\/tienda\/wp-json\/wp\/v2\/media\/12521"}],"wp:attachment":[{"href":"https:\/\/rms-enlinea.com.ar\/tienda\/wp-json\/wp\/v2\/media?parent=12520"}],"wp:term":[{"taxonomy":"product_brand","embeddable":true,"href":"https:\/\/rms-enlinea.com.ar\/tienda\/wp-json\/wp\/v2\/product_brand?post=12520"},{"taxonomy":"product_cat","embeddable":true,"href":"https:\/\/rms-enlinea.com.ar\/tienda\/wp-json\/wp\/v2\/product_cat?post=12520"},{"taxonomy":"product_tag","embeddable":true,"href":"https:\/\/rms-enlinea.com.ar\/tienda\/wp-json\/wp\/v2\/product_tag?post=12520"}],"curies":[{"name":"wp","href":"https:\/\/api.w.org\/{rel}","templated":true}]}}