{"id":12526,"date":"2025-06-12T06:02:50","date_gmt":"2025-06-12T09:02:50","guid":{"rendered":"https:\/\/rms-enlinea.com.ar\/tienda\/producto\/teclado-usb-genius-rs2-kb-118-ii-membrana-espanol\/"},"modified":"2026-04-02T16:23:45","modified_gmt":"2026-04-02T19:23:45","slug":"teclado-usb-genius-rs2-kb-118-ii-membrana-espanol","status":"publish","type":"product","link":"https:\/\/rms-enlinea.com.ar\/tienda\/producto\/teclado-usb-genius-rs2-kb-118-ii-membrana-espanol\/","title":{"rendered":"Teclado Usb Genius Rs2 Kb-118 Ii Membrana Espa\u00f1ol"},"content":{"rendered":"<p>Marca<\/p>\n<p>Genius<br \/>Tipo de conector<\/p>\n<p>USB 2.0<br \/>Modelo detallado<\/p>\n<p>Genius KB-118 USB<br \/>Con Bluetooth<\/p>\n<p>No<br \/>Con teclas anti-ghost<\/p>\n<p>No<br \/>Layout<\/p>\n<p>QWERTY<br \/>Condici\u00f3n del \u00edtem<\/p>\n<p>Nuevo<br \/>Idioma<\/p>\n<p>Espa\u00f1ol<br \/>L\u00ednea<\/p>\n<p>Wired<br \/>Modelo<\/p>\n<p>KB-118<br \/>Arquitectura<\/p>\n<p>Membrana<\/p>\n","protected":false},"excerpt":{"rendered":"<p>Marca GeniusTipo de conector USB 2.0Modelo detallado Genius KB-118 USBCon Bluetooth NoCon teclas anti-ghost NoLayout QWERTYCondici\u00f3n del \u00edtem NuevoIdioma Espa\u00f1olL\u00ednea WiredModelo KB-118Arquitectura Membrana<\/p>\n","protected":false},"featured_media":12527,"comment_status":"open","ping_status":"closed","template":"","meta":{"_uag_custom_page_level_css":""},"product_brand":[550],"product_cat":[125],"product_tag":[],"class_list":{"0":"post-12526","1":"product","2":"type-product","3":"status-publish","4":"has-post-thumbnail","6":"product_brand-genius","7":"product_cat-teclados-y-mouses","9":"first","10":"outofstock","11":"sale","12":"taxable","13":"shipping-taxable","14":"purchasable","15":"product-type-simple"},"uagb_featured_image_src":{"full":["https:\/\/rms-enlinea.com.ar\/wp-content\/uploads\/2025\/06\/D_873344-MLA77386199775_072024-F.jpg",1200,489,false],"thumbnail":["https:\/\/rms-enlinea.com.ar\/wp-content\/uploads\/2025\/06\/D_873344-MLA77386199775_072024-F-150x150.jpg",150,150,true],"medium":["https:\/\/rms-enlinea.com.ar\/wp-content\/uploads\/2025\/06\/D_873344-MLA77386199775_072024-F-300x122.jpg",300,122,true],"medium_large":["https:\/\/rms-enlinea.com.ar\/wp-content\/uploads\/2025\/06\/D_873344-MLA77386199775_072024-F-768x313.jpg",768,313,true],"large":["https:\/\/rms-enlinea.com.ar\/wp-content\/uploads\/2025\/06\/D_873344-MLA77386199775_072024-F-1024x417.jpg",1024,417,true],"1536x1536":["https:\/\/rms-enlinea.com.ar\/wp-content\/uploads\/2025\/06\/D_873344-MLA77386199775_072024-F.jpg",1200,489,false],"2048x2048":["https:\/\/rms-enlinea.com.ar\/wp-content\/uploads\/2025\/06\/D_873344-MLA77386199775_072024-F.jpg",1200,489,false],"woocommerce_thumbnail":["https:\/\/rms-enlinea.com.ar\/wp-content\/uploads\/2025\/06\/D_873344-MLA77386199775_072024-F-450x450.jpg",450,450,true],"woocommerce_single":["https:\/\/rms-enlinea.com.ar\/wp-content\/uploads\/2025\/06\/D_873344-MLA77386199775_072024-F-600x245.jpg",600,245,true],"woocommerce_gallery_thumbnail":["https:\/\/rms-enlinea.com.ar\/wp-content\/uploads\/2025\/06\/D_873344-MLA77386199775_072024-F-100x100.jpg",100,100,true]},"uagb_author_info":{"display_name":"l0071054","author_link":"https:\/\/rms-enlinea.com.ar\/tienda\/author\/"},"uagb_comment_info":0,"uagb_excerpt":"Marca GeniusTipo de conector USB 2.0Modelo detallado Genius KB-118 USBCon Bluetooth NoCon teclas anti-ghost NoLayout QWERTYCondici\u00f3n del \u00edtem NuevoIdioma Espa\u00f1olL\u00ednea WiredModelo KB-118Arquitectura Membrana","_links":{"self":[{"href":"https:\/\/rms-enlinea.com.ar\/tienda\/wp-json\/wp\/v2\/product\/12526","targetHints":{"allow":["GET"]}}],"collection":[{"href":"https:\/\/rms-enlinea.com.ar\/tienda\/wp-json\/wp\/v2\/product"}],"about":[{"href":"https:\/\/rms-enlinea.com.ar\/tienda\/wp-json\/wp\/v2\/types\/product"}],"replies":[{"embeddable":true,"href":"https:\/\/rms-enlinea.com.ar\/tienda\/wp-json\/wp\/v2\/comments?post=12526"}],"wp:featuredmedia":[{"embeddable":true,"href":"https:\/\/rms-enlinea.com.ar\/tienda\/wp-json\/wp\/v2\/media\/12527"}],"wp:attachment":[{"href":"https:\/\/rms-enlinea.com.ar\/tienda\/wp-json\/wp\/v2\/media?parent=12526"}],"wp:term":[{"taxonomy":"product_brand","embeddable":true,"href":"https:\/\/rms-enlinea.com.ar\/tienda\/wp-json\/wp\/v2\/product_brand?post=12526"},{"taxonomy":"product_cat","embeddable":true,"href":"https:\/\/rms-enlinea.com.ar\/tienda\/wp-json\/wp\/v2\/product_cat?post=12526"},{"taxonomy":"product_tag","embeddable":true,"href":"https:\/\/rms-enlinea.com.ar\/tienda\/wp-json\/wp\/v2\/product_tag?post=12526"}],"curies":[{"name":"wp","href":"https:\/\/api.w.org\/{rel}","templated":true}]}}