{"id":12540,"date":"2025-06-12T06:03:17","date_gmt":"2025-06-12T09:03:17","guid":{"rendered":"https:\/\/rms-enlinea.com.ar\/tienda\/producto\/mouse-inalambrico-genius-rs2-ergo-9000s-blue-bt-y-wireless\/"},"modified":"2026-02-18T02:42:53","modified_gmt":"2026-02-18T05:42:53","slug":"mouse-inalambrico-genius-rs2-ergo-9000s-blue-bt-y-wireless","status":"publish","type":"product","link":"https:\/\/rms-enlinea.com.ar\/tienda\/producto\/mouse-inalambrico-genius-rs2-ergo-9000s-blue-bt-y-wireless\/","title":{"rendered":"Mouse Inalambrico Genius Rs2 Ergo 9000s Blue Bt Y Wireless"},"content":{"rendered":"<p>C\u00f3digo universal de producto<\/p>\n<p>4710268260981<br \/>Orientaci\u00f3n de la mano<\/p>\n<p>Diestro<br \/>Resoluci\u00f3n del sensor<\/p>\n<p>2400 dpi<br \/>Color<\/p>\n<p>BLUE<br \/>Tipo de sensor<\/p>\n<p>\u00d3ptico<br \/>Modelo<\/p>\n<p>Ergo 9000s<br \/>Tipo de mouse<\/p>\n<p>ERGONOMICO<br \/>Marca<\/p>\n<p>Genius<br \/>Cantidad de botones<\/p>\n<p>6<br \/>Con cable<\/p>\n<p>No<\/p>\n","protected":false},"excerpt":{"rendered":"<p>C\u00f3digo universal de producto 4710268260981Orientaci\u00f3n de la mano DiestroResoluci\u00f3n del sensor 2400 dpiColor BLUETipo de sensor \u00d3pticoModelo Ergo 9000sTipo de mouse ERGONOMICOMarca GeniusCantidad de botones 6Con cable No<\/p>\n","protected":false},"featured_media":12541,"comment_status":"open","ping_status":"closed","template":"","meta":{"_uag_custom_page_level_css":""},"product_brand":[550],"product_cat":[125],"product_tag":[],"class_list":{"0":"post-12540","1":"product","2":"type-product","3":"status-publish","4":"has-post-thumbnail","6":"product_brand-genius","7":"product_cat-teclados-y-mouses","9":"first","10":"instock","11":"sale","12":"taxable","13":"shipping-taxable","14":"purchasable","15":"product-type-simple"},"uagb_featured_image_src":{"full":["https:\/\/rms-enlinea.com.ar\/wp-content\/uploads\/2025\/06\/D_921684-MLU76235546099_052024-F.jpg",976,1199,false],"thumbnail":["https:\/\/rms-enlinea.com.ar\/wp-content\/uploads\/2025\/06\/D_921684-MLU76235546099_052024-F-150x150.jpg",150,150,true],"medium":["https:\/\/rms-enlinea.com.ar\/wp-content\/uploads\/2025\/06\/D_921684-MLU76235546099_052024-F-244x300.jpg",244,300,true],"medium_large":["https:\/\/rms-enlinea.com.ar\/wp-content\/uploads\/2025\/06\/D_921684-MLU76235546099_052024-F-768x943.jpg",768,943,true],"large":["https:\/\/rms-enlinea.com.ar\/wp-content\/uploads\/2025\/06\/D_921684-MLU76235546099_052024-F-834x1024.jpg",834,1024,true],"1536x1536":["https:\/\/rms-enlinea.com.ar\/wp-content\/uploads\/2025\/06\/D_921684-MLU76235546099_052024-F.jpg",976,1199,false],"2048x2048":["https:\/\/rms-enlinea.com.ar\/wp-content\/uploads\/2025\/06\/D_921684-MLU76235546099_052024-F.jpg",976,1199,false],"woocommerce_thumbnail":["https:\/\/rms-enlinea.com.ar\/wp-content\/uploads\/2025\/06\/D_921684-MLU76235546099_052024-F-450x450.jpg",450,450,true],"woocommerce_single":["https:\/\/rms-enlinea.com.ar\/wp-content\/uploads\/2025\/06\/D_921684-MLU76235546099_052024-F-600x737.jpg",600,737,true],"woocommerce_gallery_thumbnail":["https:\/\/rms-enlinea.com.ar\/wp-content\/uploads\/2025\/06\/D_921684-MLU76235546099_052024-F-100x100.jpg",100,100,true]},"uagb_author_info":{"display_name":"l0071054","author_link":"https:\/\/rms-enlinea.com.ar\/tienda\/author\/"},"uagb_comment_info":0,"uagb_excerpt":"C\u00f3digo universal de producto 4710268260981Orientaci\u00f3n de la mano DiestroResoluci\u00f3n del sensor 2400 dpiColor BLUETipo de sensor \u00d3pticoModelo Ergo 9000sTipo de mouse ERGONOMICOMarca GeniusCantidad de botones 6Con cable No","_links":{"self":[{"href":"https:\/\/rms-enlinea.com.ar\/tienda\/wp-json\/wp\/v2\/product\/12540","targetHints":{"allow":["GET"]}}],"collection":[{"href":"https:\/\/rms-enlinea.com.ar\/tienda\/wp-json\/wp\/v2\/product"}],"about":[{"href":"https:\/\/rms-enlinea.com.ar\/tienda\/wp-json\/wp\/v2\/types\/product"}],"replies":[{"embeddable":true,"href":"https:\/\/rms-enlinea.com.ar\/tienda\/wp-json\/wp\/v2\/comments?post=12540"}],"wp:featuredmedia":[{"embeddable":true,"href":"https:\/\/rms-enlinea.com.ar\/tienda\/wp-json\/wp\/v2\/media\/12541"}],"wp:attachment":[{"href":"https:\/\/rms-enlinea.com.ar\/tienda\/wp-json\/wp\/v2\/media?parent=12540"}],"wp:term":[{"taxonomy":"product_brand","embeddable":true,"href":"https:\/\/rms-enlinea.com.ar\/tienda\/wp-json\/wp\/v2\/product_brand?post=12540"},{"taxonomy":"product_cat","embeddable":true,"href":"https:\/\/rms-enlinea.com.ar\/tienda\/wp-json\/wp\/v2\/product_cat?post=12540"},{"taxonomy":"product_tag","embeddable":true,"href":"https:\/\/rms-enlinea.com.ar\/tienda\/wp-json\/wp\/v2\/product_tag?post=12540"}],"curies":[{"name":"wp","href":"https:\/\/api.w.org\/{rel}","templated":true}]}}