{"id":12547,"date":"2025-06-12T06:03:25","date_gmt":"2025-06-12T09:03:25","guid":{"rendered":"https:\/\/rms-enlinea.com.ar\/tienda\/producto\/mouse-inalambrico-genius-nx-9000bt-v2-gold-bluetooth-1600dpi\/"},"modified":"2026-04-08T19:00:20","modified_gmt":"2026-04-08T22:00:20","slug":"mouse-inalambrico-genius-nx-9000bt-v2-gold-bluetooth-1600dpi","status":"publish","type":"product","link":"https:\/\/rms-enlinea.com.ar\/tienda\/producto\/mouse-inalambrico-genius-nx-9000bt-v2-gold-bluetooth-1600dpi\/","title":{"rendered":"Mouse Inalambrico Genius Nx-9000bt V2 Gold Bluetooth 1600dpi"},"content":{"rendered":"<p>Tipo de mouse<\/p>\n<p>Convencional<br \/>Marca<\/p>\n<p>Genius<br \/>Es recargable<\/p>\n<p>S\u00ed<br \/>Es inal\u00e1mbrico<\/p>\n<p>S\u00ed<br \/>Es inal\u00e1mbrico USB<\/p>\n<p>S\u00ed<br \/>Alcance m\u00e1ximo<\/p>\n<p>10 m<br \/>Modelo<\/p>\n<p>NX-9000BT<br \/>Cantidad de botones<\/p>\n<p>3<br \/>Resoluci\u00f3n del sensor<\/p>\n<p>1600 dpi<br \/>Tecnolog\u00eda del sensor<\/p>\n<p>BlueEye<br \/>Tipo de sensor<\/p>\n<p>\u00d3ptico<br \/>Con Bluetooth<\/p>\n<p>S\u00ed<br \/>Con cable retr\u00e1ctil<\/p>\n<p>No<br \/>Con rueda de desplazamiento<\/p>\n<p>S\u00ed<br \/>Con cable<\/p>\n<p>No<br \/>Incluye mousepad<\/p>\n<p>No<br \/>Interfaces<\/p>\n<p>USB<\/p>\n","protected":false},"excerpt":{"rendered":"<p>Tipo de mouse ConvencionalMarca GeniusEs recargable S\u00edEs inal\u00e1mbrico S\u00edEs inal\u00e1mbrico USB S\u00edAlcance m\u00e1ximo 10 mModelo NX-9000BTCantidad de botones 3Resoluci\u00f3n del sensor 1600 dpiTecnolog\u00eda del sensor BlueEyeTipo de sensor \u00d3pticoCon Bluetooth S\u00edCon cable retr\u00e1ctil NoCon rueda de desplazamiento S\u00edCon cable NoIncluye mousepad NoInterfaces USB<\/p>\n","protected":false},"featured_media":12548,"comment_status":"open","ping_status":"closed","template":"","meta":{"_uag_custom_page_level_css":""},"product_brand":[550],"product_cat":[125],"product_tag":[],"class_list":{"0":"post-12547","1":"product","2":"type-product","3":"status-publish","4":"has-post-thumbnail","6":"product_brand-genius","7":"product_cat-teclados-y-mouses","9":"first","10":"instock","11":"sale","12":"taxable","13":"shipping-taxable","14":"purchasable","15":"product-type-simple"},"uagb_featured_image_src":{"full":["https:\/\/rms-enlinea.com.ar\/wp-content\/uploads\/2025\/06\/D_606516-MLA32841778086_112019-F.jpg",667,992,false],"thumbnail":["https:\/\/rms-enlinea.com.ar\/wp-content\/uploads\/2025\/06\/D_606516-MLA32841778086_112019-F-150x150.jpg",150,150,true],"medium":["https:\/\/rms-enlinea.com.ar\/wp-content\/uploads\/2025\/06\/D_606516-MLA32841778086_112019-F-202x300.jpg",202,300,true],"medium_large":["https:\/\/rms-enlinea.com.ar\/wp-content\/uploads\/2025\/06\/D_606516-MLA32841778086_112019-F.jpg",667,992,false],"large":["https:\/\/rms-enlinea.com.ar\/wp-content\/uploads\/2025\/06\/D_606516-MLA32841778086_112019-F.jpg",667,992,false],"1536x1536":["https:\/\/rms-enlinea.com.ar\/wp-content\/uploads\/2025\/06\/D_606516-MLA32841778086_112019-F.jpg",667,992,false],"2048x2048":["https:\/\/rms-enlinea.com.ar\/wp-content\/uploads\/2025\/06\/D_606516-MLA32841778086_112019-F.jpg",667,992,false],"woocommerce_thumbnail":["https:\/\/rms-enlinea.com.ar\/wp-content\/uploads\/2025\/06\/D_606516-MLA32841778086_112019-F-450x450.jpg",450,450,true],"woocommerce_single":["https:\/\/rms-enlinea.com.ar\/wp-content\/uploads\/2025\/06\/D_606516-MLA32841778086_112019-F-600x892.jpg",600,892,true],"woocommerce_gallery_thumbnail":["https:\/\/rms-enlinea.com.ar\/wp-content\/uploads\/2025\/06\/D_606516-MLA32841778086_112019-F-100x100.jpg",100,100,true]},"uagb_author_info":{"display_name":"l0071054","author_link":"https:\/\/rms-enlinea.com.ar\/tienda\/author\/"},"uagb_comment_info":0,"uagb_excerpt":"Tipo de mouse ConvencionalMarca GeniusEs recargable S\u00edEs inal\u00e1mbrico S\u00edEs inal\u00e1mbrico USB S\u00edAlcance m\u00e1ximo 10 mModelo NX-9000BTCantidad de botones 3Resoluci\u00f3n del sensor 1600 dpiTecnolog\u00eda del sensor BlueEyeTipo de sensor \u00d3pticoCon Bluetooth S\u00edCon cable retr\u00e1ctil NoCon rueda de desplazamiento S\u00edCon cable NoIncluye mousepad NoInterfaces USB","_links":{"self":[{"href":"https:\/\/rms-enlinea.com.ar\/tienda\/wp-json\/wp\/v2\/product\/12547","targetHints":{"allow":["GET"]}}],"collection":[{"href":"https:\/\/rms-enlinea.com.ar\/tienda\/wp-json\/wp\/v2\/product"}],"about":[{"href":"https:\/\/rms-enlinea.com.ar\/tienda\/wp-json\/wp\/v2\/types\/product"}],"replies":[{"embeddable":true,"href":"https:\/\/rms-enlinea.com.ar\/tienda\/wp-json\/wp\/v2\/comments?post=12547"}],"wp:featuredmedia":[{"embeddable":true,"href":"https:\/\/rms-enlinea.com.ar\/tienda\/wp-json\/wp\/v2\/media\/12548"}],"wp:attachment":[{"href":"https:\/\/rms-enlinea.com.ar\/tienda\/wp-json\/wp\/v2\/media?parent=12547"}],"wp:term":[{"taxonomy":"product_brand","embeddable":true,"href":"https:\/\/rms-enlinea.com.ar\/tienda\/wp-json\/wp\/v2\/product_brand?post=12547"},{"taxonomy":"product_cat","embeddable":true,"href":"https:\/\/rms-enlinea.com.ar\/tienda\/wp-json\/wp\/v2\/product_cat?post=12547"},{"taxonomy":"product_tag","embeddable":true,"href":"https:\/\/rms-enlinea.com.ar\/tienda\/wp-json\/wp\/v2\/product_tag?post=12547"}],"curies":[{"name":"wp","href":"https:\/\/api.w.org\/{rel}","templated":true}]}}