{"id":12559,"date":"2025-06-12T06:03:39","date_gmt":"2025-06-12T09:03:39","guid":{"rendered":"https:\/\/rms-enlinea.com.ar\/tienda\/producto\/mouse-genius-ergo-8300s-inalambrico-vertical-7-bot-1600dpi-2\/"},"modified":"2026-04-06T14:13:30","modified_gmt":"2026-04-06T17:13:30","slug":"mouse-genius-ergo-8300s-inalambrico-vertical-7-bot-1600dpi-2","status":"publish","type":"product","link":"https:\/\/rms-enlinea.com.ar\/tienda\/producto\/mouse-genius-ergo-8300s-inalambrico-vertical-7-bot-1600dpi-2\/","title":{"rendered":"Mouse Genius Ergo 8300s Inal\u00e1mbrico Vertical 7 Bot 1600dpi"},"content":{"rendered":"<p>Modelo<\/p>\n<p>ergo 8300s<br \/>Es inal\u00e1mbrico<\/p>\n<p>S\u00ed<br \/>Es ergon\u00f3mico<\/p>\n<p>S\u00ed<br \/>Con conexi\u00f3n USB<\/p>\n<p>S\u00ed<br \/>L\u00ednea<\/p>\n<p>MOUSE<br \/>Condici\u00f3n del \u00edtem<\/p>\n<p>Nuevo<br \/>Marca<\/p>\n<p>Genius<br \/>Cantidad de botones<\/p>\n<p>7<\/p>\n","protected":false},"excerpt":{"rendered":"<p>Modelo ergo 8300sEs inal\u00e1mbrico S\u00edEs ergon\u00f3mico S\u00edCon conexi\u00f3n USB S\u00edL\u00ednea MOUSECondici\u00f3n del \u00edtem NuevoMarca GeniusCantidad de botones 7<\/p>\n","protected":false},"featured_media":12560,"comment_status":"open","ping_status":"closed","template":"","meta":{"_uag_custom_page_level_css":""},"product_brand":[550],"product_cat":[125],"product_tag":[],"class_list":{"0":"post-12559","1":"product","2":"type-product","3":"status-publish","4":"has-post-thumbnail","6":"product_brand-genius","7":"product_cat-teclados-y-mouses","9":"first","10":"outofstock","11":"sale","12":"taxable","13":"shipping-taxable","14":"purchasable","15":"product-type-simple"},"uagb_featured_image_src":{"full":["https:\/\/rms-enlinea.com.ar\/wp-content\/uploads\/2025\/06\/D_629459-MLA77351184195_062024-F.jpg",1017,1200,false],"thumbnail":["https:\/\/rms-enlinea.com.ar\/wp-content\/uploads\/2025\/06\/D_629459-MLA77351184195_062024-F-150x150.jpg",150,150,true],"medium":["https:\/\/rms-enlinea.com.ar\/wp-content\/uploads\/2025\/06\/D_629459-MLA77351184195_062024-F-254x300.jpg",254,300,true],"medium_large":["https:\/\/rms-enlinea.com.ar\/wp-content\/uploads\/2025\/06\/D_629459-MLA77351184195_062024-F-768x906.jpg",768,906,true],"large":["https:\/\/rms-enlinea.com.ar\/wp-content\/uploads\/2025\/06\/D_629459-MLA77351184195_062024-F-868x1024.jpg",868,1024,true],"1536x1536":["https:\/\/rms-enlinea.com.ar\/wp-content\/uploads\/2025\/06\/D_629459-MLA77351184195_062024-F.jpg",1017,1200,false],"2048x2048":["https:\/\/rms-enlinea.com.ar\/wp-content\/uploads\/2025\/06\/D_629459-MLA77351184195_062024-F.jpg",1017,1200,false],"woocommerce_thumbnail":["https:\/\/rms-enlinea.com.ar\/wp-content\/uploads\/2025\/06\/D_629459-MLA77351184195_062024-F-450x450.jpg",450,450,true],"woocommerce_single":["https:\/\/rms-enlinea.com.ar\/wp-content\/uploads\/2025\/06\/D_629459-MLA77351184195_062024-F-600x708.jpg",600,708,true],"woocommerce_gallery_thumbnail":["https:\/\/rms-enlinea.com.ar\/wp-content\/uploads\/2025\/06\/D_629459-MLA77351184195_062024-F-100x100.jpg",100,100,true]},"uagb_author_info":{"display_name":"l0071054","author_link":"https:\/\/rms-enlinea.com.ar\/tienda\/author\/"},"uagb_comment_info":0,"uagb_excerpt":"Modelo ergo 8300sEs inal\u00e1mbrico S\u00edEs ergon\u00f3mico S\u00edCon conexi\u00f3n USB S\u00edL\u00ednea MOUSECondici\u00f3n del \u00edtem NuevoMarca GeniusCantidad de botones 7","_links":{"self":[{"href":"https:\/\/rms-enlinea.com.ar\/tienda\/wp-json\/wp\/v2\/product\/12559","targetHints":{"allow":["GET"]}}],"collection":[{"href":"https:\/\/rms-enlinea.com.ar\/tienda\/wp-json\/wp\/v2\/product"}],"about":[{"href":"https:\/\/rms-enlinea.com.ar\/tienda\/wp-json\/wp\/v2\/types\/product"}],"replies":[{"embeddable":true,"href":"https:\/\/rms-enlinea.com.ar\/tienda\/wp-json\/wp\/v2\/comments?post=12559"}],"wp:featuredmedia":[{"embeddable":true,"href":"https:\/\/rms-enlinea.com.ar\/tienda\/wp-json\/wp\/v2\/media\/12560"}],"wp:attachment":[{"href":"https:\/\/rms-enlinea.com.ar\/tienda\/wp-json\/wp\/v2\/media?parent=12559"}],"wp:term":[{"taxonomy":"product_brand","embeddable":true,"href":"https:\/\/rms-enlinea.com.ar\/tienda\/wp-json\/wp\/v2\/product_brand?post=12559"},{"taxonomy":"product_cat","embeddable":true,"href":"https:\/\/rms-enlinea.com.ar\/tienda\/wp-json\/wp\/v2\/product_cat?post=12559"},{"taxonomy":"product_tag","embeddable":true,"href":"https:\/\/rms-enlinea.com.ar\/tienda\/wp-json\/wp\/v2\/product_tag?post=12559"}],"curies":[{"name":"wp","href":"https:\/\/api.w.org\/{rel}","templated":true}]}}