{"id":12684,"date":"2025-06-12T06:06:39","date_gmt":"2025-06-12T09:06:39","guid":{"rendered":"https:\/\/rms-enlinea.com.ar\/tienda\/producto\/ficha-speakon-hembra-cable-adam-hall-7874\/"},"modified":"2026-02-20T19:15:54","modified_gmt":"2026-02-20T22:15:54","slug":"ficha-speakon-hembra-cable-adam-hall-7874","status":"publish","type":"product","link":"https:\/\/rms-enlinea.com.ar\/tienda\/producto\/ficha-speakon-hembra-cable-adam-hall-7874\/","title":{"rendered":"Ficha Speakon Hembra Cable Adam Hall 7874"},"content":{"rendered":"<p>TIPO DE PRODUCTO CONECTORES Y UNIONES<br \/>TIPO CONECTORES DE ALTAVOCES<br \/>N\u00daMERO DE PINES 4<br \/>DI\u00c1METRO DEL CABLE 9 &#8211; 12 MM<br \/>CONTACTOS NIQUELADO<br \/>TIPO DE CONEXI\u00d3N SOLDADURAS<br \/>COLOR AZUL \/ NEGRO<br \/>CARCASA POLIAMIDAS<br \/>ALIVIADOR DE TENSI\u00d3N POLIACETAL<br \/>LONGITUD 91,25 MM<br \/>DI\u00c1METRO 27,85 MM<br \/>PESO 0,04 KG<\/p>\n","protected":false},"excerpt":{"rendered":"<p>TIPO DE PRODUCTO CONECTORES Y UNIONESTIPO CONECTORES DE ALTAVOCESN\u00daMERO DE PINES 4DI\u00c1METRO DEL CABLE 9 &#8211; 12 MMCONTACTOS NIQUELADOTIPO DE CONEXI\u00d3N SOLDADURASCOLOR AZUL \/ NEGROCARCASA POLIAMIDASALIVIADOR DE TENSI\u00d3N POLIACETALLONGITUD 91,25 MMDI\u00c1METRO 27,85 MMPESO 0,04 KG<\/p>\n","protected":false},"featured_media":12685,"comment_status":"open","ping_status":"closed","template":"","meta":{"_uag_custom_page_level_css":""},"product_brand":[],"product_cat":[58,86],"product_tag":[],"class_list":{"0":"post-12684","1":"product","2":"type-product","3":"status-publish","4":"has-post-thumbnail","6":"product_cat-conectores-fichas-y-adaptadores","7":"product_cat-onectores-fichas-y-adaptadores","9":"first","10":"instock","11":"sale","12":"taxable","13":"shipping-taxable","14":"purchasable","15":"product-type-simple"},"uagb_featured_image_src":{"full":["https:\/\/rms-enlinea.com.ar\/wp-content\/uploads\/2025\/06\/D_851794-MLA31656791745_082019-F.jpg",810,629,false],"thumbnail":["https:\/\/rms-enlinea.com.ar\/wp-content\/uploads\/2025\/06\/D_851794-MLA31656791745_082019-F-150x150.jpg",150,150,true],"medium":["https:\/\/rms-enlinea.com.ar\/wp-content\/uploads\/2025\/06\/D_851794-MLA31656791745_082019-F-300x233.jpg",300,233,true],"medium_large":["https:\/\/rms-enlinea.com.ar\/wp-content\/uploads\/2025\/06\/D_851794-MLA31656791745_082019-F-768x596.jpg",768,596,true],"large":["https:\/\/rms-enlinea.com.ar\/wp-content\/uploads\/2025\/06\/D_851794-MLA31656791745_082019-F.jpg",810,629,false],"1536x1536":["https:\/\/rms-enlinea.com.ar\/wp-content\/uploads\/2025\/06\/D_851794-MLA31656791745_082019-F.jpg",810,629,false],"2048x2048":["https:\/\/rms-enlinea.com.ar\/wp-content\/uploads\/2025\/06\/D_851794-MLA31656791745_082019-F.jpg",810,629,false],"woocommerce_thumbnail":["https:\/\/rms-enlinea.com.ar\/wp-content\/uploads\/2025\/06\/D_851794-MLA31656791745_082019-F-450x450.jpg",450,450,true],"woocommerce_single":["https:\/\/rms-enlinea.com.ar\/wp-content\/uploads\/2025\/06\/D_851794-MLA31656791745_082019-F-600x466.jpg",600,466,true],"woocommerce_gallery_thumbnail":["https:\/\/rms-enlinea.com.ar\/wp-content\/uploads\/2025\/06\/D_851794-MLA31656791745_082019-F-100x100.jpg",100,100,true]},"uagb_author_info":{"display_name":"l0071054","author_link":"https:\/\/rms-enlinea.com.ar\/tienda\/author\/"},"uagb_comment_info":0,"uagb_excerpt":"TIPO DE PRODUCTO CONECTORES Y UNIONESTIPO CONECTORES DE ALTAVOCESN\u00daMERO DE PINES 4DI\u00c1METRO DEL CABLE 9 &#8211; 12 MMCONTACTOS NIQUELADOTIPO DE CONEXI\u00d3N SOLDADURASCOLOR AZUL \/ NEGROCARCASA POLIAMIDASALIVIADOR DE TENSI\u00d3N POLIACETALLONGITUD 91,25 MMDI\u00c1METRO 27,85 MMPESO 0,04 KG","_links":{"self":[{"href":"https:\/\/rms-enlinea.com.ar\/tienda\/wp-json\/wp\/v2\/product\/12684","targetHints":{"allow":["GET"]}}],"collection":[{"href":"https:\/\/rms-enlinea.com.ar\/tienda\/wp-json\/wp\/v2\/product"}],"about":[{"href":"https:\/\/rms-enlinea.com.ar\/tienda\/wp-json\/wp\/v2\/types\/product"}],"replies":[{"embeddable":true,"href":"https:\/\/rms-enlinea.com.ar\/tienda\/wp-json\/wp\/v2\/comments?post=12684"}],"wp:featuredmedia":[{"embeddable":true,"href":"https:\/\/rms-enlinea.com.ar\/tienda\/wp-json\/wp\/v2\/media\/12685"}],"wp:attachment":[{"href":"https:\/\/rms-enlinea.com.ar\/tienda\/wp-json\/wp\/v2\/media?parent=12684"}],"wp:term":[{"taxonomy":"product_brand","embeddable":true,"href":"https:\/\/rms-enlinea.com.ar\/tienda\/wp-json\/wp\/v2\/product_brand?post=12684"},{"taxonomy":"product_cat","embeddable":true,"href":"https:\/\/rms-enlinea.com.ar\/tienda\/wp-json\/wp\/v2\/product_cat?post=12684"},{"taxonomy":"product_tag","embeddable":true,"href":"https:\/\/rms-enlinea.com.ar\/tienda\/wp-json\/wp\/v2\/product_tag?post=12684"}],"curies":[{"name":"wp","href":"https:\/\/api.w.org\/{rel}","templated":true}]}}