{"id":12701,"date":"2025-06-12T06:07:07","date_gmt":"2025-06-12T09:07:07","guid":{"rendered":"https:\/\/rms-enlinea.com.ar\/tienda\/producto\/morsa-de-aluminio-para-iluminacion-cabezal-lion-m422\/"},"modified":"2026-04-02T19:00:02","modified_gmt":"2026-04-02T22:00:02","slug":"morsa-de-aluminio-para-iluminacion-cabezal-lion-m422","status":"publish","type":"product","link":"https:\/\/rms-enlinea.com.ar\/tienda\/producto\/morsa-de-aluminio-para-iluminacion-cabezal-lion-m422\/","title":{"rendered":"Morsa De Aluminio Para Iluminacion Cabezal Lion M422"},"content":{"rendered":"<p>TIPO DE PRODUCTO: ACCESORIOS PARA TRUSS\/ESTRUCTURAS<br \/>ADECUADO PARA UN DI\u00c1METRO DE TUBO 48 &#8211; 51 MM<br \/>CARGA DE TRACCI\u00d3N 100 KG<br \/>CARGA DE CIZALLAMIENTO M\u00c1X. 30 KG<br \/>MATERIAL ALUMINIO<br \/>ESPESOR DEL MATERIAL: 4MM<\/p>\n","protected":false},"excerpt":{"rendered":"<p>TIPO DE PRODUCTO: ACCESORIOS PARA TRUSS\/ESTRUCTURASADECUADO PARA UN DI\u00c1METRO DE TUBO 48 &#8211; 51 MMCARGA DE TRACCI\u00d3N 100 KGCARGA DE CIZALLAMIENTO M\u00c1X. 30 KGMATERIAL ALUMINIOESPESOR DEL MATERIAL: 4MM<\/p>\n","protected":false},"featured_media":12702,"comment_status":"open","ping_status":"closed","template":"","meta":{"_uag_custom_page_level_css":""},"product_brand":[],"product_cat":[95],"product_tag":[],"class_list":{"0":"post-12701","1":"product","2":"type-product","3":"status-publish","4":"has-post-thumbnail","6":"product_cat-morsas-clamps-y-lingas","8":"first","9":"instock","10":"sale","11":"taxable","12":"shipping-taxable","13":"purchasable","14":"product-type-simple"},"uagb_featured_image_src":{"full":["https:\/\/rms-enlinea.com.ar\/wp-content\/uploads\/2025\/06\/D_971527-MLA29975361796_042019-F.jpg",700,700,false],"thumbnail":["https:\/\/rms-enlinea.com.ar\/wp-content\/uploads\/2025\/06\/D_971527-MLA29975361796_042019-F-150x150.jpg",150,150,true],"medium":["https:\/\/rms-enlinea.com.ar\/wp-content\/uploads\/2025\/06\/D_971527-MLA29975361796_042019-F-300x300.jpg",300,300,true],"medium_large":["https:\/\/rms-enlinea.com.ar\/wp-content\/uploads\/2025\/06\/D_971527-MLA29975361796_042019-F.jpg",700,700,false],"large":["https:\/\/rms-enlinea.com.ar\/wp-content\/uploads\/2025\/06\/D_971527-MLA29975361796_042019-F.jpg",700,700,false],"1536x1536":["https:\/\/rms-enlinea.com.ar\/wp-content\/uploads\/2025\/06\/D_971527-MLA29975361796_042019-F.jpg",700,700,false],"2048x2048":["https:\/\/rms-enlinea.com.ar\/wp-content\/uploads\/2025\/06\/D_971527-MLA29975361796_042019-F.jpg",700,700,false],"woocommerce_thumbnail":["https:\/\/rms-enlinea.com.ar\/wp-content\/uploads\/2025\/06\/D_971527-MLA29975361796_042019-F-450x450.jpg",450,450,true],"woocommerce_single":["https:\/\/rms-enlinea.com.ar\/wp-content\/uploads\/2025\/06\/D_971527-MLA29975361796_042019-F-600x600.jpg",600,600,true],"woocommerce_gallery_thumbnail":["https:\/\/rms-enlinea.com.ar\/wp-content\/uploads\/2025\/06\/D_971527-MLA29975361796_042019-F-100x100.jpg",100,100,true]},"uagb_author_info":{"display_name":"l0071054","author_link":"https:\/\/rms-enlinea.com.ar\/tienda\/author\/"},"uagb_comment_info":0,"uagb_excerpt":"TIPO DE PRODUCTO: ACCESORIOS PARA TRUSS\/ESTRUCTURASADECUADO PARA UN DI\u00c1METRO DE TUBO 48 &#8211; 51 MMCARGA DE TRACCI\u00d3N 100 KGCARGA DE CIZALLAMIENTO M\u00c1X. 30 KGMATERIAL ALUMINIOESPESOR DEL MATERIAL: 4MM","_links":{"self":[{"href":"https:\/\/rms-enlinea.com.ar\/tienda\/wp-json\/wp\/v2\/product\/12701","targetHints":{"allow":["GET"]}}],"collection":[{"href":"https:\/\/rms-enlinea.com.ar\/tienda\/wp-json\/wp\/v2\/product"}],"about":[{"href":"https:\/\/rms-enlinea.com.ar\/tienda\/wp-json\/wp\/v2\/types\/product"}],"replies":[{"embeddable":true,"href":"https:\/\/rms-enlinea.com.ar\/tienda\/wp-json\/wp\/v2\/comments?post=12701"}],"wp:featuredmedia":[{"embeddable":true,"href":"https:\/\/rms-enlinea.com.ar\/tienda\/wp-json\/wp\/v2\/media\/12702"}],"wp:attachment":[{"href":"https:\/\/rms-enlinea.com.ar\/tienda\/wp-json\/wp\/v2\/media?parent=12701"}],"wp:term":[{"taxonomy":"product_brand","embeddable":true,"href":"https:\/\/rms-enlinea.com.ar\/tienda\/wp-json\/wp\/v2\/product_brand?post=12701"},{"taxonomy":"product_cat","embeddable":true,"href":"https:\/\/rms-enlinea.com.ar\/tienda\/wp-json\/wp\/v2\/product_cat?post=12701"},{"taxonomy":"product_tag","embeddable":true,"href":"https:\/\/rms-enlinea.com.ar\/tienda\/wp-json\/wp\/v2\/product_tag?post=12701"}],"curies":[{"name":"wp","href":"https:\/\/api.w.org\/{rel}","templated":true}]}}