{"id":12776,"date":"2025-06-12T06:09:01","date_gmt":"2025-06-12T09:09:01","guid":{"rendered":"https:\/\/rms-enlinea.com.ar\/tienda\/producto\/afinador-cromatico-de-3-modos-warwick-ct2\/"},"modified":"2026-04-21T05:23:41","modified_gmt":"2026-04-21T08:23:41","slug":"afinador-cromatico-de-3-modos-warwick-ct2","status":"publish","type":"product","link":"https:\/\/rms-enlinea.com.ar\/tienda\/producto\/afinador-cromatico-de-3-modos-warwick-ct2\/","title":{"rendered":"Afinador Cromatico De 3 Modos Warwick Ct2"},"content":{"rendered":"<p>TIPO DE PRODUCTO: AFINADOR<br \/>TIPO: PINZA<br \/>MODOS: GUITARRA, BAJO, INSTRUMENTOS DE VIENTO<br \/>CUENTA CON UNA PINZA ACOLCHADA PARA UNIR AL INSTRUMENTO<br \/>OPERACI\u00d3N: CLIP-ON (VIBRACI\u00d3N) O MIC (MICR\u00d3FONO)<br \/>PANTALLA LCD GIRATORIA<br \/>4 TECLAS SELECCIONABLES: C, F, BB, EB<br \/>CALIBRACI\u00d3N A4: 430 A 450 HZ<br \/>LUZ DE FONDO VERDE MUESTRA LA SINTONIZACI\u00d3N CORRECTA<br \/>FRECUENCIA \/ RANGO DE SINTON\u00cdA: 0A &#8211; 7C<br \/>PRECISI\u00d3N: +\/- 1 CENTAVO<br \/>FUNCI\u00d3N DE APAGADO AUTOM\u00c1TICO<br \/>POTENCIA: 1 X PILA DE BOT\u00d3N CR2032 (INCLUIDA)<br \/>COLOR: NEGRO<\/p>\n","protected":false},"excerpt":{"rendered":"<p>TIPO DE PRODUCTO: AFINADORTIPO: PINZAMODOS: GUITARRA, BAJO, INSTRUMENTOS DE VIENTOCUENTA CON UNA PINZA ACOLCHADA PARA UNIR AL INSTRUMENTOOPERACI\u00d3N: CLIP-ON (VIBRACI\u00d3N) O MIC (MICR\u00d3FONO)PANTALLA LCD GIRATORIA4 TECLAS SELECCIONABLES: C, F, BB, EBCALIBRACI\u00d3N A4: 430 A 450 HZLUZ DE FONDO VERDE MUESTRA LA SINTONIZACI\u00d3N CORRECTAFRECUENCIA \/ RANGO DE SINTON\u00cdA: 0A &#8211; 7CPRECISI\u00d3N: +\/- 1 CENTAVOFUNCI\u00d3N DE APAGADO [&hellip;]<\/p>\n","protected":false},"featured_media":12777,"comment_status":"open","ping_status":"closed","template":"","meta":{"_uag_custom_page_level_css":""},"product_brand":[],"product_cat":[15],"product_tag":[],"class_list":{"0":"post-12776","1":"product","2":"type-product","3":"status-publish","4":"has-post-thumbnail","6":"product_cat-sin-categorizar","8":"first","9":"outofstock","10":"sale","11":"taxable","12":"shipping-taxable","13":"purchasable","14":"product-type-simple"},"uagb_featured_image_src":{"full":["https:\/\/rms-enlinea.com.ar\/wp-content\/uploads\/2025\/06\/D_748817-MLA46248875815_062021-F.jpg",655,766,false],"thumbnail":["https:\/\/rms-enlinea.com.ar\/wp-content\/uploads\/2025\/06\/D_748817-MLA46248875815_062021-F-150x150.jpg",150,150,true],"medium":["https:\/\/rms-enlinea.com.ar\/wp-content\/uploads\/2025\/06\/D_748817-MLA46248875815_062021-F-257x300.jpg",257,300,true],"medium_large":["https:\/\/rms-enlinea.com.ar\/wp-content\/uploads\/2025\/06\/D_748817-MLA46248875815_062021-F.jpg",655,766,false],"large":["https:\/\/rms-enlinea.com.ar\/wp-content\/uploads\/2025\/06\/D_748817-MLA46248875815_062021-F.jpg",655,766,false],"1536x1536":["https:\/\/rms-enlinea.com.ar\/wp-content\/uploads\/2025\/06\/D_748817-MLA46248875815_062021-F.jpg",655,766,false],"2048x2048":["https:\/\/rms-enlinea.com.ar\/wp-content\/uploads\/2025\/06\/D_748817-MLA46248875815_062021-F.jpg",655,766,false],"woocommerce_thumbnail":["https:\/\/rms-enlinea.com.ar\/wp-content\/uploads\/2025\/06\/D_748817-MLA46248875815_062021-F-450x450.jpg",450,450,true],"woocommerce_single":["https:\/\/rms-enlinea.com.ar\/wp-content\/uploads\/2025\/06\/D_748817-MLA46248875815_062021-F-600x702.jpg",600,702,true],"woocommerce_gallery_thumbnail":["https:\/\/rms-enlinea.com.ar\/wp-content\/uploads\/2025\/06\/D_748817-MLA46248875815_062021-F-100x100.jpg",100,100,true]},"uagb_author_info":{"display_name":"l0071054","author_link":"https:\/\/rms-enlinea.com.ar\/tienda\/author\/"},"uagb_comment_info":0,"uagb_excerpt":"TIPO DE PRODUCTO: AFINADORTIPO: PINZAMODOS: GUITARRA, BAJO, INSTRUMENTOS DE VIENTOCUENTA CON UNA PINZA ACOLCHADA PARA UNIR AL INSTRUMENTOOPERACI\u00d3N: CLIP-ON (VIBRACI\u00d3N) O MIC (MICR\u00d3FONO)PANTALLA LCD GIRATORIA4 TECLAS SELECCIONABLES: C, F, BB, EBCALIBRACI\u00d3N A4: 430 A 450 HZLUZ DE FONDO VERDE MUESTRA LA SINTONIZACI\u00d3N CORRECTAFRECUENCIA \/ RANGO DE SINTON\u00cdA: 0A &#8211; 7CPRECISI\u00d3N: +\/- 1 CENTAVOFUNCI\u00d3N DE APAGADO&hellip;","_links":{"self":[{"href":"https:\/\/rms-enlinea.com.ar\/tienda\/wp-json\/wp\/v2\/product\/12776","targetHints":{"allow":["GET"]}}],"collection":[{"href":"https:\/\/rms-enlinea.com.ar\/tienda\/wp-json\/wp\/v2\/product"}],"about":[{"href":"https:\/\/rms-enlinea.com.ar\/tienda\/wp-json\/wp\/v2\/types\/product"}],"replies":[{"embeddable":true,"href":"https:\/\/rms-enlinea.com.ar\/tienda\/wp-json\/wp\/v2\/comments?post=12776"}],"wp:featuredmedia":[{"embeddable":true,"href":"https:\/\/rms-enlinea.com.ar\/tienda\/wp-json\/wp\/v2\/media\/12777"}],"wp:attachment":[{"href":"https:\/\/rms-enlinea.com.ar\/tienda\/wp-json\/wp\/v2\/media?parent=12776"}],"wp:term":[{"taxonomy":"product_brand","embeddable":true,"href":"https:\/\/rms-enlinea.com.ar\/tienda\/wp-json\/wp\/v2\/product_brand?post=12776"},{"taxonomy":"product_cat","embeddable":true,"href":"https:\/\/rms-enlinea.com.ar\/tienda\/wp-json\/wp\/v2\/product_cat?post=12776"},{"taxonomy":"product_tag","embeddable":true,"href":"https:\/\/rms-enlinea.com.ar\/tienda\/wp-json\/wp\/v2\/product_tag?post=12776"}],"curies":[{"name":"wp","href":"https:\/\/api.w.org\/{rel}","templated":true}]}}