{"id":12870,"date":"2025-06-12T06:11:17","date_gmt":"2025-06-12T09:11:17","guid":{"rendered":"https:\/\/rms-enlinea.com.ar\/tienda\/producto\/ficha-rca-hembra-cable-verde-amphenol-acjr-grn\/"},"modified":"2026-04-21T05:49:07","modified_gmt":"2026-04-21T08:49:07","slug":"ficha-rca-hembra-cable-verde-amphenol-acjr-grn","status":"publish","type":"product","link":"https:\/\/rms-enlinea.com.ar\/tienda\/producto\/ficha-rca-hembra-cable-verde-amphenol-acjr-grn\/","title":{"rendered":"Ficha Rca Hembra Cable Verde Amphenol Acjr-grn"},"content":{"rendered":"<p>TIPO DE PRODUCTO: CONECTORES <br \/>TIPO: RCA HEMBRA<br \/>N\u00daMERO DE PINES: 2<br \/>DI\u00c1METRO DEL CABLE: 4 A 6 MM<br \/>CARCASA METALICA<br \/>ALIVIADOR DE TENSI\u00d3N <br \/>CONTACTOS ENCHAPADOS EN ORO<br \/>BUENA SOLDABILIDAD<br \/>NORMA RoHS<\/p>\n","protected":false},"excerpt":{"rendered":"<p>TIPO DE PRODUCTO: CONECTORES TIPO: RCA HEMBRAN\u00daMERO DE PINES: 2DI\u00c1METRO DEL CABLE: 4 A 6 MMCARCASA METALICAALIVIADOR DE TENSI\u00d3N CONTACTOS ENCHAPADOS EN OROBUENA SOLDABILIDADNORMA RoHS<\/p>\n","protected":false},"featured_media":12871,"comment_status":"open","ping_status":"closed","template":"","meta":{"_uag_custom_page_level_css":""},"product_brand":[487],"product_cat":[86,58],"product_tag":[],"class_list":{"0":"post-12870","1":"product","2":"type-product","3":"status-publish","4":"has-post-thumbnail","6":"product_brand-amphenol","7":"product_cat-onectores-fichas-y-adaptadores","8":"product_cat-conectores-fichas-y-adaptadores","10":"first","11":"outofstock","12":"sale","13":"taxable","14":"shipping-taxable","15":"purchasable","16":"product-type-simple"},"uagb_featured_image_src":{"full":["https:\/\/rms-enlinea.com.ar\/wp-content\/uploads\/2025\/06\/D_804921-MLA31578005403_072019-F.jpg",826,532,false],"thumbnail":["https:\/\/rms-enlinea.com.ar\/wp-content\/uploads\/2025\/06\/D_804921-MLA31578005403_072019-F-150x150.jpg",150,150,true],"medium":["https:\/\/rms-enlinea.com.ar\/wp-content\/uploads\/2025\/06\/D_804921-MLA31578005403_072019-F-300x193.jpg",300,193,true],"medium_large":["https:\/\/rms-enlinea.com.ar\/wp-content\/uploads\/2025\/06\/D_804921-MLA31578005403_072019-F-768x495.jpg",768,495,true],"large":["https:\/\/rms-enlinea.com.ar\/wp-content\/uploads\/2025\/06\/D_804921-MLA31578005403_072019-F.jpg",826,532,false],"1536x1536":["https:\/\/rms-enlinea.com.ar\/wp-content\/uploads\/2025\/06\/D_804921-MLA31578005403_072019-F.jpg",826,532,false],"2048x2048":["https:\/\/rms-enlinea.com.ar\/wp-content\/uploads\/2025\/06\/D_804921-MLA31578005403_072019-F.jpg",826,532,false],"woocommerce_thumbnail":["https:\/\/rms-enlinea.com.ar\/wp-content\/uploads\/2025\/06\/D_804921-MLA31578005403_072019-F-450x450.jpg",450,450,true],"woocommerce_single":["https:\/\/rms-enlinea.com.ar\/wp-content\/uploads\/2025\/06\/D_804921-MLA31578005403_072019-F-600x386.jpg",600,386,true],"woocommerce_gallery_thumbnail":["https:\/\/rms-enlinea.com.ar\/wp-content\/uploads\/2025\/06\/D_804921-MLA31578005403_072019-F-100x100.jpg",100,100,true]},"uagb_author_info":{"display_name":"l0071054","author_link":"https:\/\/rms-enlinea.com.ar\/tienda\/author\/"},"uagb_comment_info":0,"uagb_excerpt":"TIPO DE PRODUCTO: CONECTORES TIPO: RCA HEMBRAN\u00daMERO DE PINES: 2DI\u00c1METRO DEL CABLE: 4 A 6 MMCARCASA METALICAALIVIADOR DE TENSI\u00d3N CONTACTOS ENCHAPADOS EN OROBUENA SOLDABILIDADNORMA RoHS","_links":{"self":[{"href":"https:\/\/rms-enlinea.com.ar\/tienda\/wp-json\/wp\/v2\/product\/12870","targetHints":{"allow":["GET"]}}],"collection":[{"href":"https:\/\/rms-enlinea.com.ar\/tienda\/wp-json\/wp\/v2\/product"}],"about":[{"href":"https:\/\/rms-enlinea.com.ar\/tienda\/wp-json\/wp\/v2\/types\/product"}],"replies":[{"embeddable":true,"href":"https:\/\/rms-enlinea.com.ar\/tienda\/wp-json\/wp\/v2\/comments?post=12870"}],"wp:featuredmedia":[{"embeddable":true,"href":"https:\/\/rms-enlinea.com.ar\/tienda\/wp-json\/wp\/v2\/media\/12871"}],"wp:attachment":[{"href":"https:\/\/rms-enlinea.com.ar\/tienda\/wp-json\/wp\/v2\/media?parent=12870"}],"wp:term":[{"taxonomy":"product_brand","embeddable":true,"href":"https:\/\/rms-enlinea.com.ar\/tienda\/wp-json\/wp\/v2\/product_brand?post=12870"},{"taxonomy":"product_cat","embeddable":true,"href":"https:\/\/rms-enlinea.com.ar\/tienda\/wp-json\/wp\/v2\/product_cat?post=12870"},{"taxonomy":"product_tag","embeddable":true,"href":"https:\/\/rms-enlinea.com.ar\/tienda\/wp-json\/wp\/v2\/product_tag?post=12870"}],"curies":[{"name":"wp","href":"https:\/\/api.w.org\/{rel}","templated":true}]}}