{"id":12914,"date":"2025-06-12T06:12:15","date_gmt":"2025-06-12T09:12:15","guid":{"rendered":"https:\/\/rms-enlinea.com.ar\/tienda\/producto\/microfono-overheads-hit-hat-guitarra-acustica-jts-nx-9\/"},"modified":"2026-04-06T13:51:57","modified_gmt":"2026-04-06T16:51:57","slug":"microfono-overheads-hit-hat-guitarra-acustica-jts-nx-9","status":"publish","type":"product","link":"https:\/\/rms-enlinea.com.ar\/tienda\/producto\/microfono-overheads-hit-hat-guitarra-acustica-jts-nx-9\/","title":{"rendered":"Microfono Overheads Hit Hat Guitarra Acustica Jts Nx-9"},"content":{"rendered":"<p>TIPO DE PRODUCTO: MICROFONO<br \/>USO: VOCAL \/ INSTRUMENTO<br \/>ELECTRO CONDENSER<br \/>RESPUESTA DE FRECUENCIA: 60-18.000 HZ <br \/>PATR\u00d3N POLAR: CARDIOIDE, ROTACIONALMENTE SIM\u00c9TRICO SOBRE EL EJE DEL MICR\u00d3FONO, UNIFORME CON FRECUENCIA<br \/>SENSIBILIDAD (A 1.000HZ): -70DB * (0.32MV) * 0DB = 1V \/ ?BAR<br \/>IMPEDANCIA DE SALIDA: 400O<br \/>CONECTOR: XLR MACHO<br \/>CUERPO MET\u00c1LICO FUNDIDO A PRESI\u00d3N PINTADO EN ESMALTE CON REJILLA DE ACERO ENDURECIDO Y ACABADO MATE<br \/>PESO NETO: 230 GRAMOS<br \/>FUENTE DE ALIMENTACI\u00d3N: ALIMENTACI\u00d3N FANTASMA 9-52V O BATER\u00cdA 1.5V AA<\/p>\n","protected":false},"excerpt":{"rendered":"<p>TIPO DE PRODUCTO: MICROFONOUSO: VOCAL \/ INSTRUMENTOELECTRO CONDENSERRESPUESTA DE FRECUENCIA: 60-18.000 HZ PATR\u00d3N POLAR: CARDIOIDE, ROTACIONALMENTE SIM\u00c9TRICO SOBRE EL EJE DEL MICR\u00d3FONO, UNIFORME CON FRECUENCIASENSIBILIDAD (A 1.000HZ): -70DB * (0.32MV) * 0DB = 1V \/ ?BARIMPEDANCIA DE SALIDA: 400OCONECTOR: XLR MACHOCUERPO MET\u00c1LICO FUNDIDO A PRESI\u00d3N PINTADO EN ESMALTE CON REJILLA DE ACERO ENDURECIDO Y ACABADO [&hellip;]<\/p>\n","protected":false},"featured_media":12915,"comment_status":"open","ping_status":"closed","template":"","meta":{"_uag_custom_page_level_css":""},"product_brand":[],"product_cat":[75],"product_tag":[],"class_list":{"0":"post-12914","1":"product","2":"type-product","3":"status-publish","4":"has-post-thumbnail","6":"product_cat-microfonos","8":"first","9":"instock","10":"sale","11":"taxable","12":"shipping-taxable","13":"purchasable","14":"product-type-simple"},"uagb_featured_image_src":{"full":["https:\/\/rms-enlinea.com.ar\/wp-content\/uploads\/2025\/06\/D_644792-MLA43664765902_102020-F.jpg",348,704,false],"thumbnail":["https:\/\/rms-enlinea.com.ar\/wp-content\/uploads\/2025\/06\/D_644792-MLA43664765902_102020-F-150x150.jpg",150,150,true],"medium":["https:\/\/rms-enlinea.com.ar\/wp-content\/uploads\/2025\/06\/D_644792-MLA43664765902_102020-F-148x300.jpg",148,300,true],"medium_large":["https:\/\/rms-enlinea.com.ar\/wp-content\/uploads\/2025\/06\/D_644792-MLA43664765902_102020-F.jpg",348,704,false],"large":["https:\/\/rms-enlinea.com.ar\/wp-content\/uploads\/2025\/06\/D_644792-MLA43664765902_102020-F.jpg",348,704,false],"1536x1536":["https:\/\/rms-enlinea.com.ar\/wp-content\/uploads\/2025\/06\/D_644792-MLA43664765902_102020-F.jpg",348,704,false],"2048x2048":["https:\/\/rms-enlinea.com.ar\/wp-content\/uploads\/2025\/06\/D_644792-MLA43664765902_102020-F.jpg",348,704,false],"woocommerce_thumbnail":["https:\/\/rms-enlinea.com.ar\/wp-content\/uploads\/2025\/06\/D_644792-MLA43664765902_102020-F-348x450.jpg",348,450,true],"woocommerce_single":["https:\/\/rms-enlinea.com.ar\/wp-content\/uploads\/2025\/06\/D_644792-MLA43664765902_102020-F.jpg",348,704,false],"woocommerce_gallery_thumbnail":["https:\/\/rms-enlinea.com.ar\/wp-content\/uploads\/2025\/06\/D_644792-MLA43664765902_102020-F-100x100.jpg",100,100,true]},"uagb_author_info":{"display_name":"l0071054","author_link":"https:\/\/rms-enlinea.com.ar\/tienda\/author\/"},"uagb_comment_info":0,"uagb_excerpt":"TIPO DE PRODUCTO: MICROFONOUSO: VOCAL \/ INSTRUMENTOELECTRO CONDENSERRESPUESTA DE FRECUENCIA: 60-18.000 HZ PATR\u00d3N POLAR: CARDIOIDE, ROTACIONALMENTE SIM\u00c9TRICO SOBRE EL EJE DEL MICR\u00d3FONO, UNIFORME CON FRECUENCIASENSIBILIDAD (A 1.000HZ): -70DB * (0.32MV) * 0DB = 1V \/ ?BARIMPEDANCIA DE SALIDA: 400OCONECTOR: XLR MACHOCUERPO MET\u00c1LICO FUNDIDO A PRESI\u00d3N PINTADO EN ESMALTE CON REJILLA DE ACERO ENDURECIDO Y ACABADO&hellip;","_links":{"self":[{"href":"https:\/\/rms-enlinea.com.ar\/tienda\/wp-json\/wp\/v2\/product\/12914","targetHints":{"allow":["GET"]}}],"collection":[{"href":"https:\/\/rms-enlinea.com.ar\/tienda\/wp-json\/wp\/v2\/product"}],"about":[{"href":"https:\/\/rms-enlinea.com.ar\/tienda\/wp-json\/wp\/v2\/types\/product"}],"replies":[{"embeddable":true,"href":"https:\/\/rms-enlinea.com.ar\/tienda\/wp-json\/wp\/v2\/comments?post=12914"}],"wp:featuredmedia":[{"embeddable":true,"href":"https:\/\/rms-enlinea.com.ar\/tienda\/wp-json\/wp\/v2\/media\/12915"}],"wp:attachment":[{"href":"https:\/\/rms-enlinea.com.ar\/tienda\/wp-json\/wp\/v2\/media?parent=12914"}],"wp:term":[{"taxonomy":"product_brand","embeddable":true,"href":"https:\/\/rms-enlinea.com.ar\/tienda\/wp-json\/wp\/v2\/product_brand?post=12914"},{"taxonomy":"product_cat","embeddable":true,"href":"https:\/\/rms-enlinea.com.ar\/tienda\/wp-json\/wp\/v2\/product_cat?post=12914"},{"taxonomy":"product_tag","embeddable":true,"href":"https:\/\/rms-enlinea.com.ar\/tienda\/wp-json\/wp\/v2\/product_tag?post=12914"}],"curies":[{"name":"wp","href":"https:\/\/api.w.org\/{rel}","templated":true}]}}