{"id":12936,"date":"2025-06-12T06:12:45","date_gmt":"2025-06-12T09:12:45","guid":{"rendered":"https:\/\/rms-enlinea.com.ar\/tienda\/producto\/cable-plug-para-instrumento-adam-hall-9-m-k3ipp0900\/"},"modified":"2026-02-23T16:44:21","modified_gmt":"2026-02-23T19:44:21","slug":"cable-plug-para-instrumento-adam-hall-9-m-k3ipp0900","status":"publish","type":"product","link":"https:\/\/rms-enlinea.com.ar\/tienda\/producto\/cable-plug-para-instrumento-adam-hall-9-m-k3ipp0900\/","title":{"rendered":"Cable Plug Para Instrumento Adam Hall 9 M K3ipp0900"},"content":{"rendered":"<p>TIPO DE PRODUCTO: CABLE ARMADO<br \/>TIPO: CABLE DE INSTRUMENTO \/ SE\u00d1AL<br \/>LARGO: 9 M<br \/>COLOR: NEGRO<br \/>DI\u00c1METRO DEL CABLE: 6 MM<br \/>SECCI\u00d3N DEL CONDUCTOR INTERIOR: 0,22 MM\u00b2<br \/>CARACTER\u00cdSTICA: 85 OHMIOS\/KM<br \/>CAPACIDAD <122 PF\/M\n<\/p>\n","protected":false},"excerpt":{"rendered":"<p>TIPO DE PRODUCTO: CABLE ARMADOTIPO: CABLE DE INSTRUMENTO \/ SE\u00d1ALLARGO: 9 MCOLOR: NEGRODI\u00c1METRO DEL CABLE: 6 MMSECCI\u00d3N DEL CONDUCTOR INTERIOR: 0,22 MM\u00b2CARACTER\u00cdSTICA: 85 OHMIOS\/KMCAPACIDAD<\/p>\n","protected":false},"featured_media":12937,"comment_status":"open","ping_status":"closed","template":"","meta":{"_uag_custom_page_level_css":""},"product_brand":[],"product_cat":[57],"product_tag":[],"class_list":{"0":"post-12936","1":"product","2":"type-product","3":"status-publish","4":"has-post-thumbnail","6":"product_cat-cables","8":"first","9":"instock","10":"sale","11":"taxable","12":"shipping-taxable","13":"purchasable","14":"product-type-simple"},"uagb_featured_image_src":{"full":["https:\/\/rms-enlinea.com.ar\/wp-content\/uploads\/2025\/06\/D_760283-MLA27610646546_062018-F.jpg",1000,1000,false],"thumbnail":["https:\/\/rms-enlinea.com.ar\/wp-content\/uploads\/2025\/06\/D_760283-MLA27610646546_062018-F-150x150.jpg",150,150,true],"medium":["https:\/\/rms-enlinea.com.ar\/wp-content\/uploads\/2025\/06\/D_760283-MLA27610646546_062018-F-300x300.jpg",300,300,true],"medium_large":["https:\/\/rms-enlinea.com.ar\/wp-content\/uploads\/2025\/06\/D_760283-MLA27610646546_062018-F-768x768.jpg",768,768,true],"large":["https:\/\/rms-enlinea.com.ar\/wp-content\/uploads\/2025\/06\/D_760283-MLA27610646546_062018-F.jpg",1000,1000,false],"1536x1536":["https:\/\/rms-enlinea.com.ar\/wp-content\/uploads\/2025\/06\/D_760283-MLA27610646546_062018-F.jpg",1000,1000,false],"2048x2048":["https:\/\/rms-enlinea.com.ar\/wp-content\/uploads\/2025\/06\/D_760283-MLA27610646546_062018-F.jpg",1000,1000,false],"woocommerce_thumbnail":["https:\/\/rms-enlinea.com.ar\/wp-content\/uploads\/2025\/06\/D_760283-MLA27610646546_062018-F-450x450.jpg",450,450,true],"woocommerce_single":["https:\/\/rms-enlinea.com.ar\/wp-content\/uploads\/2025\/06\/D_760283-MLA27610646546_062018-F-600x600.jpg",600,600,true],"woocommerce_gallery_thumbnail":["https:\/\/rms-enlinea.com.ar\/wp-content\/uploads\/2025\/06\/D_760283-MLA27610646546_062018-F-100x100.jpg",100,100,true]},"uagb_author_info":{"display_name":"l0071054","author_link":"https:\/\/rms-enlinea.com.ar\/tienda\/author\/"},"uagb_comment_info":0,"uagb_excerpt":"TIPO DE PRODUCTO: CABLE ARMADOTIPO: CABLE DE INSTRUMENTO \/ SE\u00d1ALLARGO: 9 MCOLOR: NEGRODI\u00c1METRO DEL CABLE: 6 MMSECCI\u00d3N DEL CONDUCTOR INTERIOR: 0,22 MM\u00b2CARACTER\u00cdSTICA: 85 OHMIOS\/KMCAPACIDAD","_links":{"self":[{"href":"https:\/\/rms-enlinea.com.ar\/tienda\/wp-json\/wp\/v2\/product\/12936","targetHints":{"allow":["GET"]}}],"collection":[{"href":"https:\/\/rms-enlinea.com.ar\/tienda\/wp-json\/wp\/v2\/product"}],"about":[{"href":"https:\/\/rms-enlinea.com.ar\/tienda\/wp-json\/wp\/v2\/types\/product"}],"replies":[{"embeddable":true,"href":"https:\/\/rms-enlinea.com.ar\/tienda\/wp-json\/wp\/v2\/comments?post=12936"}],"wp:featuredmedia":[{"embeddable":true,"href":"https:\/\/rms-enlinea.com.ar\/tienda\/wp-json\/wp\/v2\/media\/12937"}],"wp:attachment":[{"href":"https:\/\/rms-enlinea.com.ar\/tienda\/wp-json\/wp\/v2\/media?parent=12936"}],"wp:term":[{"taxonomy":"product_brand","embeddable":true,"href":"https:\/\/rms-enlinea.com.ar\/tienda\/wp-json\/wp\/v2\/product_brand?post=12936"},{"taxonomy":"product_cat","embeddable":true,"href":"https:\/\/rms-enlinea.com.ar\/tienda\/wp-json\/wp\/v2\/product_cat?post=12936"},{"taxonomy":"product_tag","embeddable":true,"href":"https:\/\/rms-enlinea.com.ar\/tienda\/wp-json\/wp\/v2\/product_tag?post=12936"}],"curies":[{"name":"wp","href":"https:\/\/api.w.org\/{rel}","templated":true}]}}