{"id":12954,"date":"2025-06-12T06:13:08","date_gmt":"2025-06-12T09:13:08","guid":{"rendered":"https:\/\/rms-enlinea.com.ar\/tienda\/producto\/microfono-para-bombo-instrumento-super-cardioide-jts-nx-2\/"},"modified":"2026-04-02T19:13:48","modified_gmt":"2026-04-02T22:13:48","slug":"microfono-para-bombo-instrumento-super-cardioide-jts-nx-2","status":"publish","type":"product","link":"https:\/\/rms-enlinea.com.ar\/tienda\/producto\/microfono-para-bombo-instrumento-super-cardioide-jts-nx-2\/","title":{"rendered":"Microfono Para Bombo Instrumento Super Cardioide Jts Nx-2"},"content":{"rendered":"<p>TIPO DE PRODUCTO: MICROFONO<br \/>USO: INSTRUMENTO<br \/>TIPO: DINAMICO<br \/>RESPUESTA FRECUENCIA: 20-12.000 HZ <br \/>PATR\u00d3N POLAR SUPERCARDIOIDE, ROTACIONALMENTE SIM\u00c9TRICO SOBRE EL EJE DEL MICR\u00d3FONO, UNIFORME CON FRECUENCIA<br \/>SENSIBILIDAD (A 1,000HZ): -85DB * (0.056MV) * 0DB = 1V \/ \u00bfBAR<br \/>IMPEDANCIA: 600 OHMS<br \/>CONECTOR: TIPO XLR MACHO <br \/>CUERPO DE METAL FUNDIDO A PRESI\u00d3N PINTADO EN ESMALTE CON REJILLA DE ACERO ENDURECIDO Y ACABADO MATE INTEGRAL, BLOQUEO DIN\u00c1MICO, AJUSTABLE A TRAV\u00c9S DE<br \/>MONTAJE DE BLOQUEO AJUSTABLE: 180 \u00b0<br \/>PESO NETO: 815 GRAMOS<\/p>\n","protected":false},"excerpt":{"rendered":"<p>TIPO DE PRODUCTO: MICROFONOUSO: INSTRUMENTOTIPO: DINAMICORESPUESTA FRECUENCIA: 20-12.000 HZ PATR\u00d3N POLAR SUPERCARDIOIDE, ROTACIONALMENTE SIM\u00c9TRICO SOBRE EL EJE DEL MICR\u00d3FONO, UNIFORME CON FRECUENCIASENSIBILIDAD (A 1,000HZ): -85DB * (0.056MV) * 0DB = 1V \/ \u00bfBARIMPEDANCIA: 600 OHMSCONECTOR: TIPO XLR MACHO CUERPO DE METAL FUNDIDO A PRESI\u00d3N PINTADO EN ESMALTE CON REJILLA DE ACERO ENDURECIDO Y ACABADO MATE [&hellip;]<\/p>\n","protected":false},"featured_media":12955,"comment_status":"open","ping_status":"closed","template":"","meta":{"_uag_custom_page_level_css":""},"product_brand":[],"product_cat":[75],"product_tag":[],"class_list":{"0":"post-12954","1":"product","2":"type-product","3":"status-publish","4":"has-post-thumbnail","6":"product_cat-microfonos","8":"first","9":"outofstock","10":"sale","11":"taxable","12":"shipping-taxable","13":"purchasable","14":"product-type-simple"},"uagb_featured_image_src":{"full":["https:\/\/rms-enlinea.com.ar\/wp-content\/uploads\/2025\/06\/D_793464-MLA27736956703_072018-F.jpg",500,500,false],"thumbnail":["https:\/\/rms-enlinea.com.ar\/wp-content\/uploads\/2025\/06\/D_793464-MLA27736956703_072018-F-150x150.jpg",150,150,true],"medium":["https:\/\/rms-enlinea.com.ar\/wp-content\/uploads\/2025\/06\/D_793464-MLA27736956703_072018-F-300x300.jpg",300,300,true],"medium_large":["https:\/\/rms-enlinea.com.ar\/wp-content\/uploads\/2025\/06\/D_793464-MLA27736956703_072018-F.jpg",500,500,false],"large":["https:\/\/rms-enlinea.com.ar\/wp-content\/uploads\/2025\/06\/D_793464-MLA27736956703_072018-F.jpg",500,500,false],"1536x1536":["https:\/\/rms-enlinea.com.ar\/wp-content\/uploads\/2025\/06\/D_793464-MLA27736956703_072018-F.jpg",500,500,false],"2048x2048":["https:\/\/rms-enlinea.com.ar\/wp-content\/uploads\/2025\/06\/D_793464-MLA27736956703_072018-F.jpg",500,500,false],"woocommerce_thumbnail":["https:\/\/rms-enlinea.com.ar\/wp-content\/uploads\/2025\/06\/D_793464-MLA27736956703_072018-F-450x450.jpg",450,450,true],"woocommerce_single":["https:\/\/rms-enlinea.com.ar\/wp-content\/uploads\/2025\/06\/D_793464-MLA27736956703_072018-F.jpg",500,500,false],"woocommerce_gallery_thumbnail":["https:\/\/rms-enlinea.com.ar\/wp-content\/uploads\/2025\/06\/D_793464-MLA27736956703_072018-F-100x100.jpg",100,100,true]},"uagb_author_info":{"display_name":"l0071054","author_link":"https:\/\/rms-enlinea.com.ar\/tienda\/author\/"},"uagb_comment_info":0,"uagb_excerpt":"TIPO DE PRODUCTO: MICROFONOUSO: INSTRUMENTOTIPO: DINAMICORESPUESTA FRECUENCIA: 20-12.000 HZ PATR\u00d3N POLAR SUPERCARDIOIDE, ROTACIONALMENTE SIM\u00c9TRICO SOBRE EL EJE DEL MICR\u00d3FONO, UNIFORME CON FRECUENCIASENSIBILIDAD (A 1,000HZ): -85DB * (0.056MV) * 0DB = 1V \/ \u00bfBARIMPEDANCIA: 600 OHMSCONECTOR: TIPO XLR MACHO CUERPO DE METAL FUNDIDO A PRESI\u00d3N PINTADO EN ESMALTE CON REJILLA DE ACERO ENDURECIDO Y ACABADO MATE&hellip;","_links":{"self":[{"href":"https:\/\/rms-enlinea.com.ar\/tienda\/wp-json\/wp\/v2\/product\/12954","targetHints":{"allow":["GET"]}}],"collection":[{"href":"https:\/\/rms-enlinea.com.ar\/tienda\/wp-json\/wp\/v2\/product"}],"about":[{"href":"https:\/\/rms-enlinea.com.ar\/tienda\/wp-json\/wp\/v2\/types\/product"}],"replies":[{"embeddable":true,"href":"https:\/\/rms-enlinea.com.ar\/tienda\/wp-json\/wp\/v2\/comments?post=12954"}],"wp:featuredmedia":[{"embeddable":true,"href":"https:\/\/rms-enlinea.com.ar\/tienda\/wp-json\/wp\/v2\/media\/12955"}],"wp:attachment":[{"href":"https:\/\/rms-enlinea.com.ar\/tienda\/wp-json\/wp\/v2\/media?parent=12954"}],"wp:term":[{"taxonomy":"product_brand","embeddable":true,"href":"https:\/\/rms-enlinea.com.ar\/tienda\/wp-json\/wp\/v2\/product_brand?post=12954"},{"taxonomy":"product_cat","embeddable":true,"href":"https:\/\/rms-enlinea.com.ar\/tienda\/wp-json\/wp\/v2\/product_cat?post=12954"},{"taxonomy":"product_tag","embeddable":true,"href":"https:\/\/rms-enlinea.com.ar\/tienda\/wp-json\/wp\/v2\/product_tag?post=12954"}],"curies":[{"name":"wp","href":"https:\/\/api.w.org\/{rel}","templated":true}]}}