{"id":12974,"date":"2025-06-12T06:13:34","date_gmt":"2025-06-12T09:13:34","guid":{"rendered":"https:\/\/rms-enlinea.com.ar\/tienda\/producto\/cable-xlr-para-microfono-adam-hall-10m-k3mmf1000\/"},"modified":"2026-04-02T18:04:42","modified_gmt":"2026-04-02T21:04:42","slug":"cable-xlr-para-microfono-adam-hall-10m-k3mmf1000","status":"publish","type":"product","link":"https:\/\/rms-enlinea.com.ar\/tienda\/producto\/cable-xlr-para-microfono-adam-hall-10m-k3mmf1000\/","title":{"rendered":"Cable Xlr Para Microfono Adam Hall 10m K3mmf1000"},"content":{"rendered":"<p>TIPO DE PRODUCTO: CABLE ARMADO<br \/>TIPO: XLR A XLR MICROFONO \/ SE\u00d1AL<br \/>LARGO: 10M<br \/>COLOR: NEGRO<br \/>DI\u00c1METRO DEL CABLE: 6 MM<br \/>SECCI\u00d3N DEL CONDUCTOR INTERIOR: 0,31 MM\u00b2<br \/>CARACTER\u00cdSTICA: 64 OHMIOS\/KM<br \/>CAPACIDAD <72 PF\/M<br \/>CONECTORES: METALICOS<\/p>\n","protected":false},"excerpt":{"rendered":"<p>TIPO DE PRODUCTO: CABLE ARMADOTIPO: XLR A XLR MICROFONO \/ SE\u00d1ALLARGO: 10MCOLOR: NEGRODI\u00c1METRO DEL CABLE: 6 MMSECCI\u00d3N DEL CONDUCTOR INTERIOR: 0,31 MM\u00b2CARACTER\u00cdSTICA: 64 OHMIOS\/KMCAPACIDAD<\/p>\n","protected":false},"featured_media":12975,"comment_status":"open","ping_status":"closed","template":"","meta":{"_uag_custom_page_level_css":""},"product_brand":[],"product_cat":[57,85],"product_tag":[],"class_list":{"0":"post-12974","1":"product","2":"type-product","3":"status-publish","4":"has-post-thumbnail","6":"product_cat-cables","7":"product_cat-cables-iluminacion-profesional","9":"first","10":"outofstock","11":"sale","12":"taxable","13":"shipping-taxable","14":"purchasable","15":"product-type-simple"},"uagb_featured_image_src":{"full":["https:\/\/rms-enlinea.com.ar\/wp-content\/uploads\/2025\/06\/D_711337-MLA31123656197_062019-F.jpg",506,510,false],"thumbnail":["https:\/\/rms-enlinea.com.ar\/wp-content\/uploads\/2025\/06\/D_711337-MLA31123656197_062019-F-150x150.jpg",150,150,true],"medium":["https:\/\/rms-enlinea.com.ar\/wp-content\/uploads\/2025\/06\/D_711337-MLA31123656197_062019-F-298x300.jpg",298,300,true],"medium_large":["https:\/\/rms-enlinea.com.ar\/wp-content\/uploads\/2025\/06\/D_711337-MLA31123656197_062019-F.jpg",506,510,false],"large":["https:\/\/rms-enlinea.com.ar\/wp-content\/uploads\/2025\/06\/D_711337-MLA31123656197_062019-F.jpg",506,510,false],"1536x1536":["https:\/\/rms-enlinea.com.ar\/wp-content\/uploads\/2025\/06\/D_711337-MLA31123656197_062019-F.jpg",506,510,false],"2048x2048":["https:\/\/rms-enlinea.com.ar\/wp-content\/uploads\/2025\/06\/D_711337-MLA31123656197_062019-F.jpg",506,510,false],"woocommerce_thumbnail":["https:\/\/rms-enlinea.com.ar\/wp-content\/uploads\/2025\/06\/D_711337-MLA31123656197_062019-F-450x450.jpg",450,450,true],"woocommerce_single":["https:\/\/rms-enlinea.com.ar\/wp-content\/uploads\/2025\/06\/D_711337-MLA31123656197_062019-F.jpg",506,510,false],"woocommerce_gallery_thumbnail":["https:\/\/rms-enlinea.com.ar\/wp-content\/uploads\/2025\/06\/D_711337-MLA31123656197_062019-F-100x100.jpg",100,100,true]},"uagb_author_info":{"display_name":"l0071054","author_link":"https:\/\/rms-enlinea.com.ar\/tienda\/author\/"},"uagb_comment_info":0,"uagb_excerpt":"TIPO DE PRODUCTO: CABLE ARMADOTIPO: XLR A XLR MICROFONO \/ SE\u00d1ALLARGO: 10MCOLOR: NEGRODI\u00c1METRO DEL CABLE: 6 MMSECCI\u00d3N DEL CONDUCTOR INTERIOR: 0,31 MM\u00b2CARACTER\u00cdSTICA: 64 OHMIOS\/KMCAPACIDAD","_links":{"self":[{"href":"https:\/\/rms-enlinea.com.ar\/tienda\/wp-json\/wp\/v2\/product\/12974","targetHints":{"allow":["GET"]}}],"collection":[{"href":"https:\/\/rms-enlinea.com.ar\/tienda\/wp-json\/wp\/v2\/product"}],"about":[{"href":"https:\/\/rms-enlinea.com.ar\/tienda\/wp-json\/wp\/v2\/types\/product"}],"replies":[{"embeddable":true,"href":"https:\/\/rms-enlinea.com.ar\/tienda\/wp-json\/wp\/v2\/comments?post=12974"}],"wp:featuredmedia":[{"embeddable":true,"href":"https:\/\/rms-enlinea.com.ar\/tienda\/wp-json\/wp\/v2\/media\/12975"}],"wp:attachment":[{"href":"https:\/\/rms-enlinea.com.ar\/tienda\/wp-json\/wp\/v2\/media?parent=12974"}],"wp:term":[{"taxonomy":"product_brand","embeddable":true,"href":"https:\/\/rms-enlinea.com.ar\/tienda\/wp-json\/wp\/v2\/product_brand?post=12974"},{"taxonomy":"product_cat","embeddable":true,"href":"https:\/\/rms-enlinea.com.ar\/tienda\/wp-json\/wp\/v2\/product_cat?post=12974"},{"taxonomy":"product_tag","embeddable":true,"href":"https:\/\/rms-enlinea.com.ar\/tienda\/wp-json\/wp\/v2\/product_tag?post=12974"}],"curies":[{"name":"wp","href":"https:\/\/api.w.org\/{rel}","templated":true}]}}