{"id":13008,"date":"2025-06-12T06:14:16","date_gmt":"2025-06-12T09:14:16","guid":{"rendered":"https:\/\/rms-enlinea.com.ar\/tienda\/producto\/cable-plug-para-instrumento-adam-hall-6m-k3ipp0600\/"},"modified":"2026-02-20T20:22:01","modified_gmt":"2026-02-20T23:22:01","slug":"cable-plug-para-instrumento-adam-hall-6m-k3ipp0600","status":"publish","type":"product","link":"https:\/\/rms-enlinea.com.ar\/tienda\/producto\/cable-plug-para-instrumento-adam-hall-6m-k3ipp0600\/","title":{"rendered":"Cable Plug Para Instrumento Adam Hall 6m K3ipp0600"},"content":{"rendered":"<p>TIPO DE PRODUCTO: CABLE ARMADO<br \/>TIPO: CABLE DE INSTRUMENTO \/ SE\u00d1AL<br \/>LARGO: 6 M<br \/>COLOR: NEGRO<br \/>DI\u00c1METRO DEL CABLE: 6 MM<br \/>SECCI\u00d3N DEL CONDUCTOR INTERIOR: 0,22 MM\u00b2<br \/>CARACTER\u00cdSTICA: 85 OHMIOS\/KM<br \/>CAPACIDAD <122 PF\/M\n<\/p>\n","protected":false},"excerpt":{"rendered":"<p>TIPO DE PRODUCTO: CABLE ARMADOTIPO: CABLE DE INSTRUMENTO \/ SE\u00d1ALLARGO: 6 MCOLOR: NEGRODI\u00c1METRO DEL CABLE: 6 MMSECCI\u00d3N DEL CONDUCTOR INTERIOR: 0,22 MM\u00b2CARACTER\u00cdSTICA: 85 OHMIOS\/KMCAPACIDAD<\/p>\n","protected":false},"featured_media":13009,"comment_status":"open","ping_status":"closed","template":"","meta":{"_uag_custom_page_level_css":""},"product_brand":[],"product_cat":[57],"product_tag":[],"class_list":{"0":"post-13008","1":"product","2":"type-product","3":"status-publish","4":"has-post-thumbnail","6":"product_cat-cables","8":"first","9":"instock","10":"sale","11":"taxable","12":"shipping-taxable","13":"purchasable","14":"product-type-simple"},"uagb_featured_image_src":{"full":["https:\/\/rms-enlinea.com.ar\/wp-content\/uploads\/2025\/06\/D_711764-MLA31076553938_062019-F.jpg",976,986,false],"thumbnail":["https:\/\/rms-enlinea.com.ar\/wp-content\/uploads\/2025\/06\/D_711764-MLA31076553938_062019-F-150x150.jpg",150,150,true],"medium":["https:\/\/rms-enlinea.com.ar\/wp-content\/uploads\/2025\/06\/D_711764-MLA31076553938_062019-F-297x300.jpg",297,300,true],"medium_large":["https:\/\/rms-enlinea.com.ar\/wp-content\/uploads\/2025\/06\/D_711764-MLA31076553938_062019-F-768x776.jpg",768,776,true],"large":["https:\/\/rms-enlinea.com.ar\/wp-content\/uploads\/2025\/06\/D_711764-MLA31076553938_062019-F.jpg",976,986,false],"1536x1536":["https:\/\/rms-enlinea.com.ar\/wp-content\/uploads\/2025\/06\/D_711764-MLA31076553938_062019-F.jpg",976,986,false],"2048x2048":["https:\/\/rms-enlinea.com.ar\/wp-content\/uploads\/2025\/06\/D_711764-MLA31076553938_062019-F.jpg",976,986,false],"woocommerce_thumbnail":["https:\/\/rms-enlinea.com.ar\/wp-content\/uploads\/2025\/06\/D_711764-MLA31076553938_062019-F-450x450.jpg",450,450,true],"woocommerce_single":["https:\/\/rms-enlinea.com.ar\/wp-content\/uploads\/2025\/06\/D_711764-MLA31076553938_062019-F-600x606.jpg",600,606,true],"woocommerce_gallery_thumbnail":["https:\/\/rms-enlinea.com.ar\/wp-content\/uploads\/2025\/06\/D_711764-MLA31076553938_062019-F-100x100.jpg",100,100,true]},"uagb_author_info":{"display_name":"l0071054","author_link":"https:\/\/rms-enlinea.com.ar\/tienda\/author\/"},"uagb_comment_info":0,"uagb_excerpt":"TIPO DE PRODUCTO: CABLE ARMADOTIPO: CABLE DE INSTRUMENTO \/ SE\u00d1ALLARGO: 6 MCOLOR: NEGRODI\u00c1METRO DEL CABLE: 6 MMSECCI\u00d3N DEL CONDUCTOR INTERIOR: 0,22 MM\u00b2CARACTER\u00cdSTICA: 85 OHMIOS\/KMCAPACIDAD","_links":{"self":[{"href":"https:\/\/rms-enlinea.com.ar\/tienda\/wp-json\/wp\/v2\/product\/13008","targetHints":{"allow":["GET"]}}],"collection":[{"href":"https:\/\/rms-enlinea.com.ar\/tienda\/wp-json\/wp\/v2\/product"}],"about":[{"href":"https:\/\/rms-enlinea.com.ar\/tienda\/wp-json\/wp\/v2\/types\/product"}],"replies":[{"embeddable":true,"href":"https:\/\/rms-enlinea.com.ar\/tienda\/wp-json\/wp\/v2\/comments?post=13008"}],"wp:featuredmedia":[{"embeddable":true,"href":"https:\/\/rms-enlinea.com.ar\/tienda\/wp-json\/wp\/v2\/media\/13009"}],"wp:attachment":[{"href":"https:\/\/rms-enlinea.com.ar\/tienda\/wp-json\/wp\/v2\/media?parent=13008"}],"wp:term":[{"taxonomy":"product_brand","embeddable":true,"href":"https:\/\/rms-enlinea.com.ar\/tienda\/wp-json\/wp\/v2\/product_brand?post=13008"},{"taxonomy":"product_cat","embeddable":true,"href":"https:\/\/rms-enlinea.com.ar\/tienda\/wp-json\/wp\/v2\/product_cat?post=13008"},{"taxonomy":"product_tag","embeddable":true,"href":"https:\/\/rms-enlinea.com.ar\/tienda\/wp-json\/wp\/v2\/product_tag?post=13008"}],"curies":[{"name":"wp","href":"https:\/\/api.w.org\/{rel}","templated":true}]}}