{"id":13018,"date":"2025-06-12T06:14:32","date_gmt":"2025-06-12T09:14:32","guid":{"rendered":"https:\/\/rms-enlinea.com.ar\/tienda\/producto\/esquinero-bolita-grande-2-puntas-rack-anvil-adam-hall-4103\/"},"modified":"2026-04-21T07:11:12","modified_gmt":"2026-04-21T10:11:12","slug":"esquinero-bolita-grande-2-puntas-rack-anvil-adam-hall-4103","status":"publish","type":"product","link":"https:\/\/rms-enlinea.com.ar\/tienda\/producto\/esquinero-bolita-grande-2-puntas-rack-anvil-adam-hall-4103\/","title":{"rendered":"Esquinero Bolita Grande 2 Puntas Rack Anvil Adam Hall 4103"},"content":{"rendered":"<p>TIPO DE PRODUCTO: ESQUINERO<br \/>TIPO: BOLITA <br \/>TAMA\u00d1O: GRANDE<br \/>MATERIAL: ACERO<br \/>SUPERFICIE: GALVANIZADO<br \/>COLOR: PLATEADO<br \/>ESPESOR: 1.5 MM<br \/>ORIFICIOS DE MONTAJE: 5 MM<br \/>N\u00daMERO DE PATAS: 2<br \/>N\u00daMERO DE ORIFICIOS DE MONTAJE: 4<br \/>OFF-SET: NO<br \/>PASO PERFIL NO<br \/>APILABLE NO<\/p>\n","protected":false},"excerpt":{"rendered":"<p>TIPO DE PRODUCTO: ESQUINEROTIPO: BOLITA TAMA\u00d1O: GRANDEMATERIAL: ACEROSUPERFICIE: GALVANIZADOCOLOR: PLATEADOESPESOR: 1.5 MMORIFICIOS DE MONTAJE: 5 MMN\u00daMERO DE PATAS: 2N\u00daMERO DE ORIFICIOS DE MONTAJE: 4OFF-SET: NOPASO PERFIL NOAPILABLE NO<\/p>\n","protected":false},"featured_media":13019,"comment_status":"open","ping_status":"closed","template":"","meta":{"_uag_custom_page_level_css":""},"product_brand":[],"product_cat":[40],"product_tag":[],"class_list":{"0":"post-13018","1":"product","2":"type-product","3":"status-publish","4":"has-post-thumbnail","6":"product_cat-esquineros","8":"first","9":"outofstock","10":"sale","11":"taxable","12":"shipping-taxable","13":"purchasable","14":"product-type-simple"},"uagb_featured_image_src":{"full":["https:\/\/rms-enlinea.com.ar\/wp-content\/uploads\/2025\/06\/D_998390-MLA31271644997_062019-F.jpg",1200,1200,false],"thumbnail":["https:\/\/rms-enlinea.com.ar\/wp-content\/uploads\/2025\/06\/D_998390-MLA31271644997_062019-F-150x150.jpg",150,150,true],"medium":["https:\/\/rms-enlinea.com.ar\/wp-content\/uploads\/2025\/06\/D_998390-MLA31271644997_062019-F-300x300.jpg",300,300,true],"medium_large":["https:\/\/rms-enlinea.com.ar\/wp-content\/uploads\/2025\/06\/D_998390-MLA31271644997_062019-F-768x768.jpg",768,768,true],"large":["https:\/\/rms-enlinea.com.ar\/wp-content\/uploads\/2025\/06\/D_998390-MLA31271644997_062019-F-1024x1024.jpg",1024,1024,true],"1536x1536":["https:\/\/rms-enlinea.com.ar\/wp-content\/uploads\/2025\/06\/D_998390-MLA31271644997_062019-F.jpg",1200,1200,false],"2048x2048":["https:\/\/rms-enlinea.com.ar\/wp-content\/uploads\/2025\/06\/D_998390-MLA31271644997_062019-F.jpg",1200,1200,false],"woocommerce_thumbnail":["https:\/\/rms-enlinea.com.ar\/wp-content\/uploads\/2025\/06\/D_998390-MLA31271644997_062019-F-450x450.jpg",450,450,true],"woocommerce_single":["https:\/\/rms-enlinea.com.ar\/wp-content\/uploads\/2025\/06\/D_998390-MLA31271644997_062019-F-600x600.jpg",600,600,true],"woocommerce_gallery_thumbnail":["https:\/\/rms-enlinea.com.ar\/wp-content\/uploads\/2025\/06\/D_998390-MLA31271644997_062019-F-100x100.jpg",100,100,true]},"uagb_author_info":{"display_name":"l0071054","author_link":"https:\/\/rms-enlinea.com.ar\/tienda\/author\/"},"uagb_comment_info":0,"uagb_excerpt":"TIPO DE PRODUCTO: ESQUINEROTIPO: BOLITA TAMA\u00d1O: GRANDEMATERIAL: ACEROSUPERFICIE: GALVANIZADOCOLOR: PLATEADOESPESOR: 1.5 MMORIFICIOS DE MONTAJE: 5 MMN\u00daMERO DE PATAS: 2N\u00daMERO DE ORIFICIOS DE MONTAJE: 4OFF-SET: NOPASO PERFIL NOAPILABLE NO","_links":{"self":[{"href":"https:\/\/rms-enlinea.com.ar\/tienda\/wp-json\/wp\/v2\/product\/13018","targetHints":{"allow":["GET"]}}],"collection":[{"href":"https:\/\/rms-enlinea.com.ar\/tienda\/wp-json\/wp\/v2\/product"}],"about":[{"href":"https:\/\/rms-enlinea.com.ar\/tienda\/wp-json\/wp\/v2\/types\/product"}],"replies":[{"embeddable":true,"href":"https:\/\/rms-enlinea.com.ar\/tienda\/wp-json\/wp\/v2\/comments?post=13018"}],"wp:featuredmedia":[{"embeddable":true,"href":"https:\/\/rms-enlinea.com.ar\/tienda\/wp-json\/wp\/v2\/media\/13019"}],"wp:attachment":[{"href":"https:\/\/rms-enlinea.com.ar\/tienda\/wp-json\/wp\/v2\/media?parent=13018"}],"wp:term":[{"taxonomy":"product_brand","embeddable":true,"href":"https:\/\/rms-enlinea.com.ar\/tienda\/wp-json\/wp\/v2\/product_brand?post=13018"},{"taxonomy":"product_cat","embeddable":true,"href":"https:\/\/rms-enlinea.com.ar\/tienda\/wp-json\/wp\/v2\/product_cat?post=13018"},{"taxonomy":"product_tag","embeddable":true,"href":"https:\/\/rms-enlinea.com.ar\/tienda\/wp-json\/wp\/v2\/product_tag?post=13018"}],"curies":[{"name":"wp","href":"https:\/\/api.w.org\/{rel}","templated":true}]}}