{"id":13028,"date":"2025-06-12T06:14:44","date_gmt":"2025-06-12T09:14:44","guid":{"rendered":"https:\/\/rms-enlinea.com.ar\/tienda\/producto\/microfono-para-instrumentos-coros-percusion-jts-tx-9\/"},"modified":"2026-03-03T23:10:46","modified_gmt":"2026-03-04T02:10:46","slug":"microfono-para-instrumentos-coros-percusion-jts-tx-9","status":"publish","type":"product","link":"https:\/\/rms-enlinea.com.ar\/tienda\/producto\/microfono-para-instrumentos-coros-percusion-jts-tx-9\/","title":{"rendered":"Microfono Para Instrumentos Coros Percusion Jts Tx-9"},"content":{"rendered":"<p>TIPO DE PRODUCTO: MICROFONO<br \/>USO: VOCAL O INSTRUMENTO<br \/>TIPO: ELECTRO CONDENSER<br \/>RESPUESTA FRECUENCIA: 60-18,000 HZ<br \/>PATR\u00d3N POLAR: CARDIOIDE, ROTACIONALMENTE SIM\u00c9TRICO SOBRE EL EJE DEL MICR\u00d3FONO, UNIFORME CON FRECUENCIA<br \/>SENSIBILIDAD (A 1,000HZ): -70DB * (0.32MV) * 0DB = 1V \/ \u00bfBAR <br \/>IMPEDANCIA DE SALIDA: 400O<br \/>REQUISITOS DE ALIMENTACI\u00d3N PHANTOM: 9-52 VDC <br \/>PESO NETO: 178 GRAMOS (CABLE EXCLUIDO)<\/p>\n","protected":false},"excerpt":{"rendered":"<p>TIPO DE PRODUCTO: MICROFONOUSO: VOCAL O INSTRUMENTOTIPO: ELECTRO CONDENSERRESPUESTA FRECUENCIA: 60-18,000 HZPATR\u00d3N POLAR: CARDIOIDE, ROTACIONALMENTE SIM\u00c9TRICO SOBRE EL EJE DEL MICR\u00d3FONO, UNIFORME CON FRECUENCIASENSIBILIDAD (A 1,000HZ): -70DB * (0.32MV) * 0DB = 1V \/ \u00bfBAR IMPEDANCIA DE SALIDA: 400OREQUISITOS DE ALIMENTACI\u00d3N PHANTOM: 9-52 VDC PESO NETO: 178 GRAMOS (CABLE EXCLUIDO)<\/p>\n","protected":false},"featured_media":13029,"comment_status":"open","ping_status":"closed","template":"","meta":{"_uag_custom_page_level_css":""},"product_brand":[],"product_cat":[75],"product_tag":[],"class_list":{"0":"post-13028","1":"product","2":"type-product","3":"status-publish","4":"has-post-thumbnail","6":"product_cat-microfonos","8":"first","9":"instock","10":"sale","11":"taxable","12":"shipping-taxable","13":"purchasable","14":"product-type-simple"},"uagb_featured_image_src":{"full":["https:\/\/rms-enlinea.com.ar\/wp-content\/uploads\/2025\/06\/D_604823-MLA31007697610_062019-F.jpg",440,218,false],"thumbnail":["https:\/\/rms-enlinea.com.ar\/wp-content\/uploads\/2025\/06\/D_604823-MLA31007697610_062019-F-150x150.jpg",150,150,true],"medium":["https:\/\/rms-enlinea.com.ar\/wp-content\/uploads\/2025\/06\/D_604823-MLA31007697610_062019-F-300x149.jpg",300,149,true],"medium_large":["https:\/\/rms-enlinea.com.ar\/wp-content\/uploads\/2025\/06\/D_604823-MLA31007697610_062019-F.jpg",440,218,false],"large":["https:\/\/rms-enlinea.com.ar\/wp-content\/uploads\/2025\/06\/D_604823-MLA31007697610_062019-F.jpg",440,218,false],"1536x1536":["https:\/\/rms-enlinea.com.ar\/wp-content\/uploads\/2025\/06\/D_604823-MLA31007697610_062019-F.jpg",440,218,false],"2048x2048":["https:\/\/rms-enlinea.com.ar\/wp-content\/uploads\/2025\/06\/D_604823-MLA31007697610_062019-F.jpg",440,218,false],"woocommerce_thumbnail":["https:\/\/rms-enlinea.com.ar\/wp-content\/uploads\/2025\/06\/D_604823-MLA31007697610_062019-F.jpg",440,218,false],"woocommerce_single":["https:\/\/rms-enlinea.com.ar\/wp-content\/uploads\/2025\/06\/D_604823-MLA31007697610_062019-F.jpg",440,218,false],"woocommerce_gallery_thumbnail":["https:\/\/rms-enlinea.com.ar\/wp-content\/uploads\/2025\/06\/D_604823-MLA31007697610_062019-F-100x100.jpg",100,100,true]},"uagb_author_info":{"display_name":"l0071054","author_link":"https:\/\/rms-enlinea.com.ar\/tienda\/author\/"},"uagb_comment_info":0,"uagb_excerpt":"TIPO DE PRODUCTO: MICROFONOUSO: VOCAL O INSTRUMENTOTIPO: ELECTRO CONDENSERRESPUESTA FRECUENCIA: 60-18,000 HZPATR\u00d3N POLAR: CARDIOIDE, ROTACIONALMENTE SIM\u00c9TRICO SOBRE EL EJE DEL MICR\u00d3FONO, UNIFORME CON FRECUENCIASENSIBILIDAD (A 1,000HZ): -70DB * (0.32MV) * 0DB = 1V \/ \u00bfBAR IMPEDANCIA DE SALIDA: 400OREQUISITOS DE ALIMENTACI\u00d3N PHANTOM: 9-52 VDC PESO NETO: 178 GRAMOS (CABLE EXCLUIDO)","_links":{"self":[{"href":"https:\/\/rms-enlinea.com.ar\/tienda\/wp-json\/wp\/v2\/product\/13028","targetHints":{"allow":["GET"]}}],"collection":[{"href":"https:\/\/rms-enlinea.com.ar\/tienda\/wp-json\/wp\/v2\/product"}],"about":[{"href":"https:\/\/rms-enlinea.com.ar\/tienda\/wp-json\/wp\/v2\/types\/product"}],"replies":[{"embeddable":true,"href":"https:\/\/rms-enlinea.com.ar\/tienda\/wp-json\/wp\/v2\/comments?post=13028"}],"wp:featuredmedia":[{"embeddable":true,"href":"https:\/\/rms-enlinea.com.ar\/tienda\/wp-json\/wp\/v2\/media\/13029"}],"wp:attachment":[{"href":"https:\/\/rms-enlinea.com.ar\/tienda\/wp-json\/wp\/v2\/media?parent=13028"}],"wp:term":[{"taxonomy":"product_brand","embeddable":true,"href":"https:\/\/rms-enlinea.com.ar\/tienda\/wp-json\/wp\/v2\/product_brand?post=13028"},{"taxonomy":"product_cat","embeddable":true,"href":"https:\/\/rms-enlinea.com.ar\/tienda\/wp-json\/wp\/v2\/product_cat?post=13028"},{"taxonomy":"product_tag","embeddable":true,"href":"https:\/\/rms-enlinea.com.ar\/tienda\/wp-json\/wp\/v2\/product_tag?post=13028"}],"curies":[{"name":"wp","href":"https:\/\/api.w.org\/{rel}","templated":true}]}}