{"id":13068,"date":"2025-06-12T06:15:40","date_gmt":"2025-06-12T09:15:40","guid":{"rendered":"https:\/\/rms-enlinea.com.ar\/tienda\/producto\/ficha-xlr-macho-chasis-panel-neutrik-nc3mp\/"},"modified":"2026-02-20T19:26:34","modified_gmt":"2026-02-20T22:26:34","slug":"ficha-xlr-macho-chasis-panel-neutrik-nc3mp","status":"publish","type":"product","link":"https:\/\/rms-enlinea.com.ar\/tienda\/producto\/ficha-xlr-macho-chasis-panel-neutrik-nc3mp\/","title":{"rendered":"Ficha Xlr Macho Chasis Panel Neutrik Nc3mp"},"content":{"rendered":"<p>TIPO DE PRODUCTO: CONECTOR DE CHASIS<br \/>TIPO: XLR MACHO<br \/>N\u00daMERO DE PINES 3<br \/>CONTACTOS ACANALADOS<br \/>MATERIAL DE CONTACTOS: NIQUEL<br \/>TIPO DE CONEXI\u00d3N: POR SOLDADURA<br \/>CARCASA ZINC DE FUNDICI\u00d3N<\/p>\n","protected":false},"excerpt":{"rendered":"<p>TIPO DE PRODUCTO: CONECTOR DE CHASISTIPO: XLR MACHON\u00daMERO DE PINES 3CONTACTOS ACANALADOSMATERIAL DE CONTACTOS: NIQUELTIPO DE CONEXI\u00d3N: POR SOLDADURACARCASA ZINC DE FUNDICI\u00d3N<\/p>\n","protected":false},"featured_media":13069,"comment_status":"open","ping_status":"closed","template":"","meta":{"_uag_custom_page_level_css":""},"product_brand":[],"product_cat":[58,86],"product_tag":[],"class_list":{"0":"post-13068","1":"product","2":"type-product","3":"status-publish","4":"has-post-thumbnail","6":"product_cat-conectores-fichas-y-adaptadores","7":"product_cat-onectores-fichas-y-adaptadores","9":"first","10":"instock","11":"sale","12":"taxable","13":"shipping-taxable","14":"purchasable","15":"product-type-simple"},"uagb_featured_image_src":{"full":["https:\/\/rms-enlinea.com.ar\/wp-content\/uploads\/2025\/06\/D_802300-MLA32009432865_082019-F.jpg",711,1009,false],"thumbnail":["https:\/\/rms-enlinea.com.ar\/wp-content\/uploads\/2025\/06\/D_802300-MLA32009432865_082019-F-150x150.jpg",150,150,true],"medium":["https:\/\/rms-enlinea.com.ar\/wp-content\/uploads\/2025\/06\/D_802300-MLA32009432865_082019-F-211x300.jpg",211,300,true],"medium_large":["https:\/\/rms-enlinea.com.ar\/wp-content\/uploads\/2025\/06\/D_802300-MLA32009432865_082019-F.jpg",711,1009,false],"large":["https:\/\/rms-enlinea.com.ar\/wp-content\/uploads\/2025\/06\/D_802300-MLA32009432865_082019-F.jpg",711,1009,false],"1536x1536":["https:\/\/rms-enlinea.com.ar\/wp-content\/uploads\/2025\/06\/D_802300-MLA32009432865_082019-F.jpg",711,1009,false],"2048x2048":["https:\/\/rms-enlinea.com.ar\/wp-content\/uploads\/2025\/06\/D_802300-MLA32009432865_082019-F.jpg",711,1009,false],"woocommerce_thumbnail":["https:\/\/rms-enlinea.com.ar\/wp-content\/uploads\/2025\/06\/D_802300-MLA32009432865_082019-F-450x450.jpg",450,450,true],"woocommerce_single":["https:\/\/rms-enlinea.com.ar\/wp-content\/uploads\/2025\/06\/D_802300-MLA32009432865_082019-F-600x851.jpg",600,851,true],"woocommerce_gallery_thumbnail":["https:\/\/rms-enlinea.com.ar\/wp-content\/uploads\/2025\/06\/D_802300-MLA32009432865_082019-F-100x100.jpg",100,100,true]},"uagb_author_info":{"display_name":"l0071054","author_link":"https:\/\/rms-enlinea.com.ar\/tienda\/author\/"},"uagb_comment_info":0,"uagb_excerpt":"TIPO DE PRODUCTO: CONECTOR DE CHASISTIPO: XLR MACHON\u00daMERO DE PINES 3CONTACTOS ACANALADOSMATERIAL DE CONTACTOS: NIQUELTIPO DE CONEXI\u00d3N: POR SOLDADURACARCASA ZINC DE FUNDICI\u00d3N","_links":{"self":[{"href":"https:\/\/rms-enlinea.com.ar\/tienda\/wp-json\/wp\/v2\/product\/13068","targetHints":{"allow":["GET"]}}],"collection":[{"href":"https:\/\/rms-enlinea.com.ar\/tienda\/wp-json\/wp\/v2\/product"}],"about":[{"href":"https:\/\/rms-enlinea.com.ar\/tienda\/wp-json\/wp\/v2\/types\/product"}],"replies":[{"embeddable":true,"href":"https:\/\/rms-enlinea.com.ar\/tienda\/wp-json\/wp\/v2\/comments?post=13068"}],"wp:featuredmedia":[{"embeddable":true,"href":"https:\/\/rms-enlinea.com.ar\/tienda\/wp-json\/wp\/v2\/media\/13069"}],"wp:attachment":[{"href":"https:\/\/rms-enlinea.com.ar\/tienda\/wp-json\/wp\/v2\/media?parent=13068"}],"wp:term":[{"taxonomy":"product_brand","embeddable":true,"href":"https:\/\/rms-enlinea.com.ar\/tienda\/wp-json\/wp\/v2\/product_brand?post=13068"},{"taxonomy":"product_cat","embeddable":true,"href":"https:\/\/rms-enlinea.com.ar\/tienda\/wp-json\/wp\/v2\/product_cat?post=13068"},{"taxonomy":"product_tag","embeddable":true,"href":"https:\/\/rms-enlinea.com.ar\/tienda\/wp-json\/wp\/v2\/product_tag?post=13068"}],"curies":[{"name":"wp","href":"https:\/\/api.w.org\/{rel}","templated":true}]}}