{"id":13106,"date":"2025-06-12T06:16:35","date_gmt":"2025-06-12T09:16:35","guid":{"rendered":"https:\/\/rms-enlinea.com.ar\/tienda\/producto\/parlante-trust-gxt606b-javv-rgb-black-2-0-usb-6w\/"},"modified":"2026-02-16T16:45:47","modified_gmt":"2026-02-16T19:45:47","slug":"parlante-trust-gxt606b-javv-rgb-black-2-0-usb-6w","status":"publish","type":"product","link":"https:\/\/rms-enlinea.com.ar\/tienda\/producto\/parlante-trust-gxt606b-javv-rgb-black-2-0-usb-6w\/","title":{"rendered":"Parlante Trust Gxt606b Javv Rgb Black 2.0 Usb 6w"},"content":{"rendered":"<p>ESPECIFICACIONES<br \/>General<br \/>tipo de orador<br \/>2.0<br \/>Caracter\u00edsticas<br \/>Ahorro de energ\u00eda<br \/>No<br \/>NFC<br \/>No<br \/>Llamadas telef\u00f3nicas con manos libres<br \/>No<br \/>Montura tr\u00edpode<br \/>No<br \/>Tama\u00f1o y peso<br \/>Peso total<br \/>754 gramos<br \/>Peso de la unidad principal<br \/>698 gramos<br \/>Profundidad del producto principal (en mm)<br \/>100mm<br \/>Ancho del producto principal (en mm)<br \/>78mm<br \/>Altura del producto principal (en mm)<br \/>175 mil\u00edmetros<br \/>Control<br \/>Control remoto<br \/>No<br \/>Control S<br \/>volumen, luces encendidas\/apagadas<br \/>Conectividad<br \/>Tipo de conecci\u00f3n<br \/>cableado<br \/>Bluetooth<br \/>No<br \/>Longitud del cable cable de alimentaci\u00f3n<br \/>180cm<br \/>Longitud del cable cable de audio<br \/>180cm<br \/>Longitud del cable cable satelital<br \/>180cm<br \/>Audio<br \/>Salida de potencia (pico)<br \/>12W<br \/>Salida de potencia (RMS)<br \/>6W<br \/>Salida de potencia &#8211; sat\u00e9lite (RMS)<br \/>3W<br \/>Respuesta frecuente<br \/>160Hz &#8211; 20.000Hz<br \/>Tama\u00f1o del conductor<br \/>60mm<br \/>Unidades de conductor<br \/>2<br \/>Entrada de audio<br \/>3,5 mil\u00edmetros<br \/>Conexi\u00f3n de auriculares<br \/>No<br \/>Micr\u00f3fono incorporado<br \/>No<br \/>Conexi\u00f3n de micr\u00f3fono<br \/>No<br \/>Impedancia del altavoz<br \/>4 ohmios<br \/>Impedancia de entrada<br \/>4 ohmios<br \/>Encendiendo<br \/>Luces<br \/>S\u00ed<br \/>tipo de luz<br \/>CONDUJO<br \/>Modos de luz<br \/>Encendido apagado<br \/>Proteccion<br \/>Impermeable<br \/>No<br \/>Fuerza<br \/>Cable de alimentaci\u00f3n desmontable<br \/>No<br \/>Aporte<br \/>Fuente de alimentaci\u00f3n<br \/>USB<br \/>Sat\u00e9lites<br \/>Altura del sat\u00e9lite (mm)<br \/>175 mil\u00edmetros<br \/>Ancho del sat\u00e9lite (mm)<br \/>78mm<br \/>Profundidad del sat\u00e9lite (mm)<br \/>100mm<br \/>Peso del sat\u00e9lite (gr)<br \/>349 gramos<br \/>Compatibilidad<br \/>Tipos de dispositivos compatibles<br \/>ordenador personal, computadora port\u00e1til<br \/>Consolas compatibles<br \/>No<\/p>\n","protected":false},"excerpt":{"rendered":"<p>ESPECIFICACIONESGeneraltipo de orador2.0Caracter\u00edsticasAhorro de energ\u00edaNoNFCNoLlamadas telef\u00f3nicas con manos libresNoMontura tr\u00edpodeNoTama\u00f1o y pesoPeso total754 gramosPeso de la unidad principal698 gramosProfundidad del producto principal (en mm)100mmAncho del producto principal (en mm)78mmAltura del producto principal (en mm)175 mil\u00edmetrosControlControl remotoNoControl Svolumen, luces encendidas\/apagadasConectividadTipo de conecci\u00f3ncableadoBluetoothNoLongitud del cable cable de alimentaci\u00f3n180cmLongitud del cable cable de audio180cmLongitud del cable cable satelital180cmAudioSalida [&hellip;]<\/p>\n","protected":false},"featured_media":13107,"comment_status":"open","ping_status":"closed","template":"","meta":{"_uag_custom_page_level_css":""},"product_brand":[542],"product_cat":[124],"product_tag":[],"class_list":{"0":"post-13106","1":"product","2":"type-product","3":"status-publish","4":"has-post-thumbnail","6":"product_brand-trustgaming","7":"product_cat-sistemas-de-sonido-parlantes","9":"first","10":"instock","11":"sale","12":"taxable","13":"shipping-taxable","14":"purchasable","15":"product-type-simple"},"uagb_featured_image_src":{"full":["https:\/\/rms-enlinea.com.ar\/wp-content\/uploads\/2025\/06\/D_844058-MLA76095041476_052024-F.jpg",1200,1125,false],"thumbnail":["https:\/\/rms-enlinea.com.ar\/wp-content\/uploads\/2025\/06\/D_844058-MLA76095041476_052024-F-150x150.jpg",150,150,true],"medium":["https:\/\/rms-enlinea.com.ar\/wp-content\/uploads\/2025\/06\/D_844058-MLA76095041476_052024-F-300x281.jpg",300,281,true],"medium_large":["https:\/\/rms-enlinea.com.ar\/wp-content\/uploads\/2025\/06\/D_844058-MLA76095041476_052024-F-768x720.jpg",768,720,true],"large":["https:\/\/rms-enlinea.com.ar\/wp-content\/uploads\/2025\/06\/D_844058-MLA76095041476_052024-F-1024x960.jpg",1024,960,true],"1536x1536":["https:\/\/rms-enlinea.com.ar\/wp-content\/uploads\/2025\/06\/D_844058-MLA76095041476_052024-F.jpg",1200,1125,false],"2048x2048":["https:\/\/rms-enlinea.com.ar\/wp-content\/uploads\/2025\/06\/D_844058-MLA76095041476_052024-F.jpg",1200,1125,false],"woocommerce_thumbnail":["https:\/\/rms-enlinea.com.ar\/wp-content\/uploads\/2025\/06\/D_844058-MLA76095041476_052024-F-450x450.jpg",450,450,true],"woocommerce_single":["https:\/\/rms-enlinea.com.ar\/wp-content\/uploads\/2025\/06\/D_844058-MLA76095041476_052024-F-600x563.jpg",600,563,true],"woocommerce_gallery_thumbnail":["https:\/\/rms-enlinea.com.ar\/wp-content\/uploads\/2025\/06\/D_844058-MLA76095041476_052024-F-100x100.jpg",100,100,true]},"uagb_author_info":{"display_name":"l0071054","author_link":"https:\/\/rms-enlinea.com.ar\/tienda\/author\/"},"uagb_comment_info":0,"uagb_excerpt":"ESPECIFICACIONESGeneraltipo de orador2.0Caracter\u00edsticasAhorro de energ\u00edaNoNFCNoLlamadas telef\u00f3nicas con manos libresNoMontura tr\u00edpodeNoTama\u00f1o y pesoPeso total754 gramosPeso de la unidad principal698 gramosProfundidad del producto principal (en mm)100mmAncho del producto principal (en mm)78mmAltura del producto principal (en mm)175 mil\u00edmetrosControlControl remotoNoControl Svolumen, luces encendidas\/apagadasConectividadTipo de conecci\u00f3ncableadoBluetoothNoLongitud del cable cable de alimentaci\u00f3n180cmLongitud del cable cable de audio180cmLongitud del cable cable satelital180cmAudioSalida&hellip;","_links":{"self":[{"href":"https:\/\/rms-enlinea.com.ar\/tienda\/wp-json\/wp\/v2\/product\/13106","targetHints":{"allow":["GET"]}}],"collection":[{"href":"https:\/\/rms-enlinea.com.ar\/tienda\/wp-json\/wp\/v2\/product"}],"about":[{"href":"https:\/\/rms-enlinea.com.ar\/tienda\/wp-json\/wp\/v2\/types\/product"}],"replies":[{"embeddable":true,"href":"https:\/\/rms-enlinea.com.ar\/tienda\/wp-json\/wp\/v2\/comments?post=13106"}],"wp:featuredmedia":[{"embeddable":true,"href":"https:\/\/rms-enlinea.com.ar\/tienda\/wp-json\/wp\/v2\/media\/13107"}],"wp:attachment":[{"href":"https:\/\/rms-enlinea.com.ar\/tienda\/wp-json\/wp\/v2\/media?parent=13106"}],"wp:term":[{"taxonomy":"product_brand","embeddable":true,"href":"https:\/\/rms-enlinea.com.ar\/tienda\/wp-json\/wp\/v2\/product_brand?post=13106"},{"taxonomy":"product_cat","embeddable":true,"href":"https:\/\/rms-enlinea.com.ar\/tienda\/wp-json\/wp\/v2\/product_cat?post=13106"},{"taxonomy":"product_tag","embeddable":true,"href":"https:\/\/rms-enlinea.com.ar\/tienda\/wp-json\/wp\/v2\/product_tag?post=13106"}],"curies":[{"name":"wp","href":"https:\/\/api.w.org\/{rel}","templated":true}]}}