{"id":13121,"date":"2025-06-12T06:16:52","date_gmt":"2025-06-12T09:16:52","guid":{"rendered":"https:\/\/rms-enlinea.com.ar\/tienda\/producto\/parlante-trust-rokko-bluetooth-5w-rms-bateria-recargable\/"},"modified":"2026-04-02T17:32:43","modified_gmt":"2026-04-02T20:32:43","slug":"parlante-trust-rokko-bluetooth-5w-rms-bateria-recargable","status":"publish","type":"product","link":"https:\/\/rms-enlinea.com.ar\/tienda\/producto\/parlante-trust-rokko-bluetooth-5w-rms-bateria-recargable\/","title":{"rendered":"Parlante Trust Rokko Bluetooth 5w Rms Bateria Recargable"},"content":{"rendered":"<p>General<br \/>\ntipo de orador<br \/>\nUnidad singular<br \/>\nCaracter\u00edsticas<br \/>\nAhorro de energ\u00eda<br \/>\nS\u00ed<br \/>\nNFC<br \/>\nNo<br \/>\nLlamadas telef\u00f3nicas con manos libres<br \/>\nS\u00ed<br \/>\nMontura tr\u00edpode<br \/>\nNo<br \/>\nAccesorios<br \/>\ncable de carga micro-USB, cable de audio de 3,5 mm<br \/>\nTama\u00f1o y peso<br \/>\nPeso total<br \/>\n442 gramos<br \/>\nPeso de la unidad principal<br \/>\n432 gramos<br \/>\nProfundidad del producto principal (en mm)<br \/>\n90 mil\u00edmetros<br \/>\nAncho del producto principal (en mm)<br \/>\n90 mil\u00edmetros<br \/>\nAltura del producto principal (en mm)<br \/>\n120mm<br \/>\nControl<br \/>\nControl remoto<br \/>\nNo<br \/>\nControl S<br \/>\ncontrol de volumen, controles de reproducci\u00f3n<br \/>\nConectividad<br \/>\nTipo de conecci\u00f3n<br \/>\ninal\u00e1mbrico, cableado<br \/>\nBluetooth<br \/>\nS\u00ed<br \/>\nCables incluidos<br \/>\nCable de carga microUSB Cable de audio de 3,5 mm<br \/>\nAlcance inal\u00e1mbrico<br \/>\n10 metros<br \/>\nVersi\u00f3n Bluetooth<br \/>\n4.2<br \/>\nAudio<br \/>\nSalida de potencia (pico)<br \/>\n10W<br \/>\nSalida de potencia (RMS)<br \/>\n5W<br \/>\nRespuesta frecuente<br \/>\n20Hz &#8211; 20.000Hz<br \/>\nTama\u00f1o del conductor<br \/>\n52mm<br \/>\nUnidades de conductor<br \/>\n1<br \/>\nEntrada de audio<br \/>\nBluetooth, 3,5 mm, tarjeta SD<br \/>\nSalida de audio<br \/>\nNinguno<br \/>\nConexi\u00f3n de auriculares<br \/>\nNo<br \/>\nMicr\u00f3fono incorporado<br \/>\nS\u00ed<br \/>\nConexi\u00f3n de micr\u00f3fono<br \/>\nNo<br \/>\nVerdadero est\u00e9reo inal\u00e1mbrico (TWS)<br \/>\nS\u00ed<br \/>\nImpedancia del altavoz<br \/>\n4 ohmios<br \/>\nImpedancia de entrada<br \/>\n10000 ohmios<br \/>\nEncendiendo<br \/>\nLuces<br \/>\nNo<br \/>\nProteccion<br \/>\nImpermeable<br \/>\nS\u00ed<br \/>\nFuerza<br \/>\nBater\u00eda recargable<br \/>\nS\u00ed<br \/>\nN\u00famero de bater\u00edas<br \/>\n1<br \/>\nTipo de bater\u00eda (AA, AAA, etc.)<br \/>\n18650<br \/>\nComposici\u00f3n de la bater\u00eda (alcalina, Li-ion, etc.)<br \/>\nCelda de iones de litio<br \/>\nCapacidad de la bater\u00eda (Wh)<br \/>\n5,55 Wh<br \/>\nCapacidad de la bater\u00eda (mAh)<br \/>\n1500mAh<br \/>\nTensi\u00f3n de la bater\u00eda (V)<br \/>\n3,7 voltios<br \/>\nDuraci\u00f3n de la bater\u00eda (meses)<br \/>\n36 meses<br \/>\nDuraci\u00f3n m\u00e1xima de la bater\u00eda &#8211; m\u00fasica<br \/>\n20 horas<br \/>\nAporte<br \/>\nFuente de alimentaci\u00f3n<br \/>\nBateria solar<br \/>\nCompatibilidad<br \/>\nTipos de dispositivos compatibles<br \/>\nDispositivos Bluetooth<\/p>\n","protected":false},"excerpt":{"rendered":"<p>General tipo de orador Unidad singular Caracter\u00edsticas Ahorro de energ\u00eda S\u00ed NFC No Llamadas telef\u00f3nicas con manos libres S\u00ed Montura tr\u00edpode No Accesorios cable de carga micro-USB, cable de audio de 3,5 mm Tama\u00f1o y peso Peso total 442 gramos Peso de la unidad principal 432 gramos Profundidad del producto principal (en mm) 90 mil\u00edmetros [&hellip;]<\/p>\n","protected":false},"featured_media":13122,"comment_status":"open","ping_status":"closed","template":"","meta":{"_uag_custom_page_level_css":""},"product_brand":[542],"product_cat":[124],"product_tag":[],"class_list":{"0":"post-13121","1":"product","2":"type-product","3":"status-publish","4":"has-post-thumbnail","6":"product_brand-trustgaming","7":"product_cat-sistemas-de-sonido-parlantes","9":"first","10":"instock","11":"sale","12":"taxable","13":"shipping-taxable","14":"purchasable","15":"product-type-simple"},"uagb_featured_image_src":{"full":["https:\/\/rms-enlinea.com.ar\/wp-content\/uploads\/2025\/06\/D_607867-MLA76278624045_052024-F.jpg",1200,910,false],"thumbnail":["https:\/\/rms-enlinea.com.ar\/wp-content\/uploads\/2025\/06\/D_607867-MLA76278624045_052024-F-150x150.jpg",150,150,true],"medium":["https:\/\/rms-enlinea.com.ar\/wp-content\/uploads\/2025\/06\/D_607867-MLA76278624045_052024-F-300x228.jpg",300,228,true],"medium_large":["https:\/\/rms-enlinea.com.ar\/wp-content\/uploads\/2025\/06\/D_607867-MLA76278624045_052024-F-768x582.jpg",768,582,true],"large":["https:\/\/rms-enlinea.com.ar\/wp-content\/uploads\/2025\/06\/D_607867-MLA76278624045_052024-F-1024x777.jpg",1024,777,true],"1536x1536":["https:\/\/rms-enlinea.com.ar\/wp-content\/uploads\/2025\/06\/D_607867-MLA76278624045_052024-F.jpg",1200,910,false],"2048x2048":["https:\/\/rms-enlinea.com.ar\/wp-content\/uploads\/2025\/06\/D_607867-MLA76278624045_052024-F.jpg",1200,910,false],"woocommerce_thumbnail":["https:\/\/rms-enlinea.com.ar\/wp-content\/uploads\/2025\/06\/D_607867-MLA76278624045_052024-F-450x450.jpg",450,450,true],"woocommerce_single":["https:\/\/rms-enlinea.com.ar\/wp-content\/uploads\/2025\/06\/D_607867-MLA76278624045_052024-F-600x455.jpg",600,455,true],"woocommerce_gallery_thumbnail":["https:\/\/rms-enlinea.com.ar\/wp-content\/uploads\/2025\/06\/D_607867-MLA76278624045_052024-F-100x100.jpg",100,100,true]},"uagb_author_info":{"display_name":"l0071054","author_link":"https:\/\/rms-enlinea.com.ar\/tienda\/author\/"},"uagb_comment_info":0,"uagb_excerpt":"General tipo de orador Unidad singular Caracter\u00edsticas Ahorro de energ\u00eda S\u00ed NFC No Llamadas telef\u00f3nicas con manos libres S\u00ed Montura tr\u00edpode No Accesorios cable de carga micro-USB, cable de audio de 3,5 mm Tama\u00f1o y peso Peso total 442 gramos Peso de la unidad principal 432 gramos Profundidad del producto principal (en mm) 90 mil\u00edmetros&hellip;","_links":{"self":[{"href":"https:\/\/rms-enlinea.com.ar\/tienda\/wp-json\/wp\/v2\/product\/13121","targetHints":{"allow":["GET"]}}],"collection":[{"href":"https:\/\/rms-enlinea.com.ar\/tienda\/wp-json\/wp\/v2\/product"}],"about":[{"href":"https:\/\/rms-enlinea.com.ar\/tienda\/wp-json\/wp\/v2\/types\/product"}],"replies":[{"embeddable":true,"href":"https:\/\/rms-enlinea.com.ar\/tienda\/wp-json\/wp\/v2\/comments?post=13121"}],"wp:featuredmedia":[{"embeddable":true,"href":"https:\/\/rms-enlinea.com.ar\/tienda\/wp-json\/wp\/v2\/media\/13122"}],"wp:attachment":[{"href":"https:\/\/rms-enlinea.com.ar\/tienda\/wp-json\/wp\/v2\/media?parent=13121"}],"wp:term":[{"taxonomy":"product_brand","embeddable":true,"href":"https:\/\/rms-enlinea.com.ar\/tienda\/wp-json\/wp\/v2\/product_brand?post=13121"},{"taxonomy":"product_cat","embeddable":true,"href":"https:\/\/rms-enlinea.com.ar\/tienda\/wp-json\/wp\/v2\/product_cat?post=13121"},{"taxonomy":"product_tag","embeddable":true,"href":"https:\/\/rms-enlinea.com.ar\/tienda\/wp-json\/wp\/v2\/product_tag?post=13121"}],"curies":[{"name":"wp","href":"https:\/\/api.w.org\/{rel}","templated":true}]}}