{"id":13162,"date":"2025-06-12T06:17:38","date_gmt":"2025-06-12T09:17:38","guid":{"rendered":"https:\/\/rms-enlinea.com.ar\/tienda\/producto\/teclado-gamer-mecanico-trust-mazz-gxt-863-switch-red\/"},"modified":"2026-04-21T05:34:24","modified_gmt":"2026-04-21T08:34:24","slug":"teclado-gamer-mecanico-trust-mazz-gxt-863-switch-red","status":"publish","type":"product","link":"https:\/\/rms-enlinea.com.ar\/tienda\/producto\/teclado-gamer-mecanico-trust-mazz-gxt-863-switch-red\/","title":{"rendered":"Teclado Gamer Mecanico Trust Mazz Gxt 863 Switch Red"},"content":{"rendered":"<p>Color de la retroiluminaci\u00f3n<\/p>\n<p>Blanco- Rojo &#8211; Naranja &#8211; Verde &#8211; Azul &#8211; Violeta<br \/>Marca<\/p>\n<p>Trust<br \/>Tipo de conector<\/p>\n<p>USB<br \/>C\u00f3digo universal de producto<\/p>\n<p>8713439242003<br \/>Es ergon\u00f3mica<\/p>\n<p>No<br \/>Es gamer<\/p>\n<p>S\u00ed<br \/>Es resistente a salpicaduras<\/p>\n<p>S\u00ed<br \/>Profundidad del teclado<\/p>\n<p>41 mm<br \/>Altura del teclado<\/p>\n<p>136 cm<br \/>Ancho del teclado<\/p>\n<p>444 mm<br \/>Tipo de switch<\/p>\n<p>Trust Linear Red<br \/>Layout<\/p>\n<p>QWERTY<br \/>Modelo<\/p>\n<p>GXT 863 MAZZ<br \/>Arquitectura<\/p>\n<p>Mec\u00e1nico<br \/>Con Bluetooth<\/p>\n<p>No<br \/>Con pantalla<\/p>\n<p>No<br \/>Con interfaz USB<\/p>\n<p>S\u00ed<br \/>Con cable removible<\/p>\n<p>No<br \/>Con retroiluminaci\u00f3n<\/p>\n<p>S\u00ed<br \/>Con recepci\u00f3n inal\u00e1mbrica<\/p>\n<p>N<\/p>\n","protected":false},"excerpt":{"rendered":"<p>Color de la retroiluminaci\u00f3n Blanco- Rojo &#8211; Naranja &#8211; Verde &#8211; Azul &#8211; VioletaMarca TrustTipo de conector USBC\u00f3digo universal de producto 8713439242003Es ergon\u00f3mica NoEs gamer S\u00edEs resistente a salpicaduras S\u00edProfundidad del teclado 41 mmAltura del teclado 136 cmAncho del teclado 444 mmTipo de switch Trust Linear RedLayout QWERTYModelo GXT 863 MAZZArquitectura Mec\u00e1nicoCon Bluetooth NoCon pantalla [&hellip;]<\/p>\n","protected":false},"featured_media":13164,"comment_status":"open","ping_status":"closed","template":"","meta":{"_uag_custom_page_level_css":""},"product_brand":[542],"product_cat":[125],"product_tag":[],"class_list":{"0":"post-13162","1":"product","2":"type-product","3":"status-publish","4":"has-post-thumbnail","6":"product_brand-trustgaming","7":"product_cat-teclados-y-mouses","9":"first","10":"outofstock","11":"sale","12":"taxable","13":"shipping-taxable","14":"purchasable","15":"product-type-simple"},"uagb_featured_image_src":{"full":["https:\/\/rms-enlinea.com.ar\/wp-content\/uploads\/2025\/06\/D_933274-MLA51718775896_092022-F.jpg",1200,617,false],"thumbnail":["https:\/\/rms-enlinea.com.ar\/wp-content\/uploads\/2025\/06\/D_933274-MLA51718775896_092022-F-150x150.jpg",150,150,true],"medium":["https:\/\/rms-enlinea.com.ar\/wp-content\/uploads\/2025\/06\/D_933274-MLA51718775896_092022-F-300x154.jpg",300,154,true],"medium_large":["https:\/\/rms-enlinea.com.ar\/wp-content\/uploads\/2025\/06\/D_933274-MLA51718775896_092022-F-768x395.jpg",768,395,true],"large":["https:\/\/rms-enlinea.com.ar\/wp-content\/uploads\/2025\/06\/D_933274-MLA51718775896_092022-F-1024x527.jpg",1024,527,true],"1536x1536":["https:\/\/rms-enlinea.com.ar\/wp-content\/uploads\/2025\/06\/D_933274-MLA51718775896_092022-F.jpg",1200,617,false],"2048x2048":["https:\/\/rms-enlinea.com.ar\/wp-content\/uploads\/2025\/06\/D_933274-MLA51718775896_092022-F.jpg",1200,617,false],"woocommerce_thumbnail":["https:\/\/rms-enlinea.com.ar\/wp-content\/uploads\/2025\/06\/D_933274-MLA51718775896_092022-F-450x450.jpg",450,450,true],"woocommerce_single":["https:\/\/rms-enlinea.com.ar\/wp-content\/uploads\/2025\/06\/D_933274-MLA51718775896_092022-F-600x309.jpg",600,309,true],"woocommerce_gallery_thumbnail":["https:\/\/rms-enlinea.com.ar\/wp-content\/uploads\/2025\/06\/D_933274-MLA51718775896_092022-F-100x100.jpg",100,100,true]},"uagb_author_info":{"display_name":"l0071054","author_link":"https:\/\/rms-enlinea.com.ar\/tienda\/author\/"},"uagb_comment_info":0,"uagb_excerpt":"Color de la retroiluminaci\u00f3n Blanco- Rojo &#8211; Naranja &#8211; Verde &#8211; Azul &#8211; VioletaMarca TrustTipo de conector USBC\u00f3digo universal de producto 8713439242003Es ergon\u00f3mica NoEs gamer S\u00edEs resistente a salpicaduras S\u00edProfundidad del teclado 41 mmAltura del teclado 136 cmAncho del teclado 444 mmTipo de switch Trust Linear RedLayout QWERTYModelo GXT 863 MAZZArquitectura Mec\u00e1nicoCon Bluetooth NoCon pantalla&hellip;","_links":{"self":[{"href":"https:\/\/rms-enlinea.com.ar\/tienda\/wp-json\/wp\/v2\/product\/13162","targetHints":{"allow":["GET"]}}],"collection":[{"href":"https:\/\/rms-enlinea.com.ar\/tienda\/wp-json\/wp\/v2\/product"}],"about":[{"href":"https:\/\/rms-enlinea.com.ar\/tienda\/wp-json\/wp\/v2\/types\/product"}],"replies":[{"embeddable":true,"href":"https:\/\/rms-enlinea.com.ar\/tienda\/wp-json\/wp\/v2\/comments?post=13162"}],"wp:featuredmedia":[{"embeddable":true,"href":"https:\/\/rms-enlinea.com.ar\/tienda\/wp-json\/wp\/v2\/media\/13164"}],"wp:attachment":[{"href":"https:\/\/rms-enlinea.com.ar\/tienda\/wp-json\/wp\/v2\/media?parent=13162"}],"wp:term":[{"taxonomy":"product_brand","embeddable":true,"href":"https:\/\/rms-enlinea.com.ar\/tienda\/wp-json\/wp\/v2\/product_brand?post=13162"},{"taxonomy":"product_cat","embeddable":true,"href":"https:\/\/rms-enlinea.com.ar\/tienda\/wp-json\/wp\/v2\/product_cat?post=13162"},{"taxonomy":"product_tag","embeddable":true,"href":"https:\/\/rms-enlinea.com.ar\/tienda\/wp-json\/wp\/v2\/product_tag?post=13162"}],"curies":[{"name":"wp","href":"https:\/\/api.w.org\/{rel}","templated":true}]}}