{"id":13180,"date":"2025-06-12T06:17:58","date_gmt":"2025-06-12T09:17:58","guid":{"rendered":"https:\/\/rms-enlinea.com.ar\/tienda\/producto\/teclado-mecanico-aureox-unrivailed-gaming-gk600-switch-blue\/"},"modified":"2025-07-04T02:00:08","modified_gmt":"2025-07-04T05:00:08","slug":"teclado-mecanico-aureox-unrivailed-gaming-gk600-switch-blue-2","status":"publish","type":"product","link":"https:\/\/rms-enlinea.com.ar\/tienda\/producto\/teclado-mecanico-aureox-unrivailed-gaming-gk600-switch-blue-2\/","title":{"rendered":"Teclado Mecanico Aureox Unrivailed Gaming Gk600 Switch Blue"},"content":{"rendered":"<p>Distribucion<\/p>\n<p>Espa\u00f1ol<br \/>Switch Type<\/p>\n<p>Mec\u00e1nicos OUTEMU Blue<br \/>Switch Type<\/p>\n<p>Mec\u00e1nicos OUTEMU Blue<br \/>Efectos de Luz<\/p>\n<p>20 tipos preconfigurados<br \/>Cubierta<\/p>\n<p>De aluminio anodizado<br \/>Teclas Multimedia<\/p>\n<p>11 dedicadas video, m\u00fasica e internet<br \/>N-Key Rollover<\/p>\n<p>si de cada tecla 1ms de respuesta<br \/>Cable<\/p>\n<p>USB de 150Cm<br \/>Producto<\/p>\n<p>UNRIVAILED<br \/>Luz<\/p>\n<p>RGB<br \/>Tipo de teclas<\/p>\n<p>Con doble inyecci\u00f3n que no se borran<br \/>Funcion<\/p>\n<p>Desactivar tecla Windows<br \/>Modelo<\/p>\n<p>ARXP-GK600<\/p>\n","protected":false},"excerpt":{"rendered":"<p>Distribucion Espa\u00f1olSwitch Type Mec\u00e1nicos OUTEMU BlueSwitch Type Mec\u00e1nicos OUTEMU BlueEfectos de Luz 20 tipos preconfiguradosCubierta De aluminio anodizadoTeclas Multimedia 11 dedicadas video, m\u00fasica e internetN-Key Rollover si de cada tecla 1ms de respuestaCable USB de 150CmProducto UNRIVAILEDLuz RGBTipo de teclas Con doble inyecci\u00f3n que no se borranFuncion Desactivar tecla WindowsModelo ARXP-GK600<\/p>\n","protected":false},"featured_media":13188,"comment_status":"open","ping_status":"closed","template":"","meta":{"_uag_custom_page_level_css":""},"product_brand":[564],"product_cat":[125],"product_tag":[],"class_list":{"0":"post-13180","1":"product","2":"type-product","3":"status-publish","4":"has-post-thumbnail","6":"product_brand-aureox","7":"product_cat-teclados-y-mouses","9":"first","10":"instock","11":"sale","12":"taxable","13":"shipping-taxable","14":"purchasable","15":"product-type-variable"},"uagb_featured_image_src":{"full":["https:\/\/rms-enlinea.com.ar\/wp-content\/uploads\/2025\/06\/D_952937-MLA75997581586_052024-F-1.jpg",1200,875,false],"thumbnail":["https:\/\/rms-enlinea.com.ar\/wp-content\/uploads\/2025\/06\/D_952937-MLA75997581586_052024-F-1-150x150.jpg",150,150,true],"medium":["https:\/\/rms-enlinea.com.ar\/wp-content\/uploads\/2025\/06\/D_952937-MLA75997581586_052024-F-1-300x219.jpg",300,219,true],"medium_large":["https:\/\/rms-enlinea.com.ar\/wp-content\/uploads\/2025\/06\/D_952937-MLA75997581586_052024-F-1-768x560.jpg",768,560,true],"large":["https:\/\/rms-enlinea.com.ar\/wp-content\/uploads\/2025\/06\/D_952937-MLA75997581586_052024-F-1-1024x747.jpg",1024,747,true],"1536x1536":["https:\/\/rms-enlinea.com.ar\/wp-content\/uploads\/2025\/06\/D_952937-MLA75997581586_052024-F-1.jpg",1200,875,false],"2048x2048":["https:\/\/rms-enlinea.com.ar\/wp-content\/uploads\/2025\/06\/D_952937-MLA75997581586_052024-F-1.jpg",1200,875,false],"woocommerce_thumbnail":["https:\/\/rms-enlinea.com.ar\/wp-content\/uploads\/2025\/06\/D_952937-MLA75997581586_052024-F-1-450x450.jpg",450,450,true],"woocommerce_single":["https:\/\/rms-enlinea.com.ar\/wp-content\/uploads\/2025\/06\/D_952937-MLA75997581586_052024-F-1-600x438.jpg",600,438,true],"woocommerce_gallery_thumbnail":["https:\/\/rms-enlinea.com.ar\/wp-content\/uploads\/2025\/06\/D_952937-MLA75997581586_052024-F-1-100x100.jpg",100,100,true]},"uagb_author_info":{"display_name":"l0071054","author_link":"https:\/\/rms-enlinea.com.ar\/tienda\/author\/"},"uagb_comment_info":0,"uagb_excerpt":"Distribucion Espa\u00f1olSwitch Type Mec\u00e1nicos OUTEMU BlueSwitch Type Mec\u00e1nicos OUTEMU BlueEfectos de Luz 20 tipos preconfiguradosCubierta De aluminio anodizadoTeclas Multimedia 11 dedicadas video, m\u00fasica e internetN-Key Rollover si de cada tecla 1ms de respuestaCable USB de 150CmProducto UNRIVAILEDLuz RGBTipo de teclas Con doble inyecci\u00f3n que no se borranFuncion Desactivar tecla WindowsModelo ARXP-GK600","_links":{"self":[{"href":"https:\/\/rms-enlinea.com.ar\/tienda\/wp-json\/wp\/v2\/product\/13180","targetHints":{"allow":["GET"]}}],"collection":[{"href":"https:\/\/rms-enlinea.com.ar\/tienda\/wp-json\/wp\/v2\/product"}],"about":[{"href":"https:\/\/rms-enlinea.com.ar\/tienda\/wp-json\/wp\/v2\/types\/product"}],"replies":[{"embeddable":true,"href":"https:\/\/rms-enlinea.com.ar\/tienda\/wp-json\/wp\/v2\/comments?post=13180"}],"wp:featuredmedia":[{"embeddable":true,"href":"https:\/\/rms-enlinea.com.ar\/tienda\/wp-json\/wp\/v2\/media\/13188"}],"wp:attachment":[{"href":"https:\/\/rms-enlinea.com.ar\/tienda\/wp-json\/wp\/v2\/media?parent=13180"}],"wp:term":[{"taxonomy":"product_brand","embeddable":true,"href":"https:\/\/rms-enlinea.com.ar\/tienda\/wp-json\/wp\/v2\/product_brand?post=13180"},{"taxonomy":"product_cat","embeddable":true,"href":"https:\/\/rms-enlinea.com.ar\/tienda\/wp-json\/wp\/v2\/product_cat?post=13180"},{"taxonomy":"product_tag","embeddable":true,"href":"https:\/\/rms-enlinea.com.ar\/tienda\/wp-json\/wp\/v2\/product_tag?post=13180"}],"curies":[{"name":"wp","href":"https:\/\/api.w.org\/{rel}","templated":true}]}}