{"id":13212,"date":"2025-06-12T06:18:34","date_gmt":"2025-06-12T09:18:34","guid":{"rendered":"https:\/\/rms-enlinea.com.ar\/tienda\/producto\/kit-teclado-y-mouse-gamer-tt-esports-thermaltake-challennger\/"},"modified":"2026-04-11T11:50:15","modified_gmt":"2026-04-11T14:50:15","slug":"kit-teclado-y-mouse-gamer-tt-esports-thermaltake-challennger","status":"publish","type":"product","link":"https:\/\/rms-enlinea.com.ar\/tienda\/producto\/kit-teclado-y-mouse-gamer-tt-esports-thermaltake-challennger\/","title":{"rendered":"Kit Teclado Y Mouse Gamer Tt Esports Thermaltake Challennger"},"content":{"rendered":"<p>Marca Tt eSPORTS<br \/>C\u00f3digo universal de producto 4713227522007<br \/>Incluye auriculares No<br \/>Incluye mouse pad No<br \/>Incluye parlantes No<br \/>Es gamer S\u00ed<br \/>Es inal\u00e1mbrico No<br \/>Arquitectura del teclado Membrana<br \/>Color de la retroiluminaci\u00f3n del teclado RGB<br \/>Conexi\u00f3n del teclado USB<br \/>Modelo CM-CHC-WLXXPL-SP<br \/>Color de la retroiluminaci\u00f3n del mouse RGB<br \/>Cantidad de botones del mouse 6<br \/>Conexi\u00f3n del mouse USB<br \/>Resoluci\u00f3n del sensor del mouse 2400 dpi<br \/>Tipo de sensor del mouse \u00d3ptico<br \/>Con conexi\u00f3n bluetooth para teclado No<br \/>Con conexi\u00f3n bluetooth para mouse No<br \/>Con reposa mu\u00f1eca No<\/p>\n","protected":false},"excerpt":{"rendered":"<p>Marca Tt eSPORTSC\u00f3digo universal de producto 4713227522007Incluye auriculares NoIncluye mouse pad NoIncluye parlantes NoEs gamer S\u00edEs inal\u00e1mbrico NoArquitectura del teclado MembranaColor de la retroiluminaci\u00f3n del teclado RGBConexi\u00f3n del teclado USBModelo CM-CHC-WLXXPL-SPColor de la retroiluminaci\u00f3n del mouse RGBCantidad de botones del mouse 6Conexi\u00f3n del mouse USBResoluci\u00f3n del sensor del mouse 2400 dpiTipo de sensor del mouse [&hellip;]<\/p>\n","protected":false},"featured_media":13210,"comment_status":"open","ping_status":"closed","template":"","meta":{"_uag_custom_page_level_css":""},"product_brand":[561],"product_cat":[125],"product_tag":[],"class_list":{"0":"post-13212","1":"product","2":"type-product","3":"status-publish","4":"has-post-thumbnail","6":"product_brand-thermaltake","7":"product_cat-teclados-y-mouses","9":"first","10":"outofstock","11":"sale","12":"taxable","13":"shipping-taxable","14":"purchasable","15":"product-type-simple"},"uagb_featured_image_src":{"full":["https:\/\/rms-enlinea.com.ar\/wp-content\/uploads\/2025\/06\/D_881223-MLU75330642822_032024-F.jpg",1200,538,false],"thumbnail":["https:\/\/rms-enlinea.com.ar\/wp-content\/uploads\/2025\/06\/D_881223-MLU75330642822_032024-F-150x150.jpg",150,150,true],"medium":["https:\/\/rms-enlinea.com.ar\/wp-content\/uploads\/2025\/06\/D_881223-MLU75330642822_032024-F-300x135.jpg",300,135,true],"medium_large":["https:\/\/rms-enlinea.com.ar\/wp-content\/uploads\/2025\/06\/D_881223-MLU75330642822_032024-F-768x344.jpg",768,344,true],"large":["https:\/\/rms-enlinea.com.ar\/wp-content\/uploads\/2025\/06\/D_881223-MLU75330642822_032024-F-1024x459.jpg",1024,459,true],"1536x1536":["https:\/\/rms-enlinea.com.ar\/wp-content\/uploads\/2025\/06\/D_881223-MLU75330642822_032024-F.jpg",1200,538,false],"2048x2048":["https:\/\/rms-enlinea.com.ar\/wp-content\/uploads\/2025\/06\/D_881223-MLU75330642822_032024-F.jpg",1200,538,false],"woocommerce_thumbnail":["https:\/\/rms-enlinea.com.ar\/wp-content\/uploads\/2025\/06\/D_881223-MLU75330642822_032024-F-450x450.jpg",450,450,true],"woocommerce_single":["https:\/\/rms-enlinea.com.ar\/wp-content\/uploads\/2025\/06\/D_881223-MLU75330642822_032024-F-600x269.jpg",600,269,true],"woocommerce_gallery_thumbnail":["https:\/\/rms-enlinea.com.ar\/wp-content\/uploads\/2025\/06\/D_881223-MLU75330642822_032024-F-100x100.jpg",100,100,true]},"uagb_author_info":{"display_name":"l0071054","author_link":"https:\/\/rms-enlinea.com.ar\/tienda\/author\/"},"uagb_comment_info":0,"uagb_excerpt":"Marca Tt eSPORTSC\u00f3digo universal de producto 4713227522007Incluye auriculares NoIncluye mouse pad NoIncluye parlantes NoEs gamer S\u00edEs inal\u00e1mbrico NoArquitectura del teclado MembranaColor de la retroiluminaci\u00f3n del teclado RGBConexi\u00f3n del teclado USBModelo CM-CHC-WLXXPL-SPColor de la retroiluminaci\u00f3n del mouse RGBCantidad de botones del mouse 6Conexi\u00f3n del mouse USBResoluci\u00f3n del sensor del mouse 2400 dpiTipo de sensor del mouse&hellip;","_links":{"self":[{"href":"https:\/\/rms-enlinea.com.ar\/tienda\/wp-json\/wp\/v2\/product\/13212","targetHints":{"allow":["GET"]}}],"collection":[{"href":"https:\/\/rms-enlinea.com.ar\/tienda\/wp-json\/wp\/v2\/product"}],"about":[{"href":"https:\/\/rms-enlinea.com.ar\/tienda\/wp-json\/wp\/v2\/types\/product"}],"replies":[{"embeddable":true,"href":"https:\/\/rms-enlinea.com.ar\/tienda\/wp-json\/wp\/v2\/comments?post=13212"}],"wp:featuredmedia":[{"embeddable":true,"href":"https:\/\/rms-enlinea.com.ar\/tienda\/wp-json\/wp\/v2\/media\/13210"}],"wp:attachment":[{"href":"https:\/\/rms-enlinea.com.ar\/tienda\/wp-json\/wp\/v2\/media?parent=13212"}],"wp:term":[{"taxonomy":"product_brand","embeddable":true,"href":"https:\/\/rms-enlinea.com.ar\/tienda\/wp-json\/wp\/v2\/product_brand?post=13212"},{"taxonomy":"product_cat","embeddable":true,"href":"https:\/\/rms-enlinea.com.ar\/tienda\/wp-json\/wp\/v2\/product_cat?post=13212"},{"taxonomy":"product_tag","embeddable":true,"href":"https:\/\/rms-enlinea.com.ar\/tienda\/wp-json\/wp\/v2\/product_tag?post=13212"}],"curies":[{"name":"wp","href":"https:\/\/api.w.org\/{rel}","templated":true}]}}