{"id":13213,"date":"2025-06-12T06:18:38","date_gmt":"2025-06-12T09:18:38","guid":{"rendered":"https:\/\/rms-enlinea.com.ar\/tienda\/producto\/procesador-intel-core-i5-14400-s1700-4-7ghz-ddr4-ddr5-14va\/"},"modified":"2026-04-06T14:00:51","modified_gmt":"2026-04-06T17:00:51","slug":"procesador-intel-core-i5-14400-s1700-4-7ghz-ddr4-ddr5-14va","status":"publish","type":"product","link":"https:\/\/rms-enlinea.com.ar\/tienda\/producto\/procesador-intel-core-i5-14400-s1700-4-7ghz-ddr4-ddr5-14va\/","title":{"rendered":"Procesador Intel Core I5 14400 S1700 4.7ghz Ddr4 Ddr5 14va"},"content":{"rendered":"<p>CPU Socket Type<\/p>\n<p>LGA 1700<br \/>Memory Types<\/p>\n<p>DDR4 3200 \/ DDR5 4800<br \/>Graphics Max Dynamic Frequency<\/p>\n<p>1.55 GHz<br \/>Thermal Design Power<\/p>\n<p>65W<br \/>Max Turbo Power<\/p>\n<p>148W<br \/># of Cores<\/p>\n<p>10-Core (6P+4E)<br \/># of Threads<\/p>\n<p>16-Threads<br \/>Procesador gr\u00e1fico<\/p>\n<p>Intel UHD Graphics 730<br \/>Incluye air cooler<\/p>\n<p>S\u00ed<br \/>L\u00ednea<\/p>\n<p>Core i5<br \/>Generaci\u00f3n<\/p>\n<p>14\u00aa Generaci\u00f3n<br \/>Modelo<\/p>\n<p>i5-14400<br \/>Tipos de memoria RAM soportadas<\/p>\n<p>DDR4,DDR5<br \/>Frecuencia m\u00e1xima de reloj<\/p>\n<p>4.7 GHz<\/p>\n","protected":false},"excerpt":{"rendered":"<p>CPU Socket Type LGA 1700Memory Types DDR4 3200 \/ DDR5 4800Graphics Max Dynamic Frequency 1.55 GHzThermal Design Power 65WMax Turbo Power 148W# of Cores 10-Core (6P+4E)# of Threads 16-ThreadsProcesador gr\u00e1fico Intel UHD Graphics 730Incluye air cooler S\u00edL\u00ednea Core i5Generaci\u00f3n 14\u00aa Generaci\u00f3nModelo i5-14400Tipos de memoria RAM soportadas DDR4,DDR5Frecuencia m\u00e1xima de reloj 4.7 GHz<\/p>\n","protected":false},"featured_media":9691,"comment_status":"open","ping_status":"closed","template":"","meta":{"_uag_custom_page_level_css":""},"product_brand":[],"product_cat":[121],"product_tag":[],"class_list":{"0":"post-13213","1":"product","2":"type-product","3":"status-publish","4":"has-post-thumbnail","6":"product_cat-procesadores-computacion","8":"first","9":"outofstock","10":"sale","11":"taxable","12":"shipping-taxable","13":"purchasable","14":"product-type-simple"},"uagb_featured_image_src":{"full":["https:\/\/rms-enlinea.com.ar\/wp-content\/uploads\/2025\/06\/D_822031-MLU74201694599_012024-F.jpg",634,764,false],"thumbnail":["https:\/\/rms-enlinea.com.ar\/wp-content\/uploads\/2025\/06\/D_822031-MLU74201694599_012024-F-150x150.jpg",150,150,true],"medium":["https:\/\/rms-enlinea.com.ar\/wp-content\/uploads\/2025\/06\/D_822031-MLU74201694599_012024-F-249x300.jpg",249,300,true],"medium_large":["https:\/\/rms-enlinea.com.ar\/wp-content\/uploads\/2025\/06\/D_822031-MLU74201694599_012024-F.jpg",634,764,false],"large":["https:\/\/rms-enlinea.com.ar\/wp-content\/uploads\/2025\/06\/D_822031-MLU74201694599_012024-F.jpg",634,764,false],"1536x1536":["https:\/\/rms-enlinea.com.ar\/wp-content\/uploads\/2025\/06\/D_822031-MLU74201694599_012024-F.jpg",634,764,false],"2048x2048":["https:\/\/rms-enlinea.com.ar\/wp-content\/uploads\/2025\/06\/D_822031-MLU74201694599_012024-F.jpg",634,764,false],"woocommerce_thumbnail":["https:\/\/rms-enlinea.com.ar\/wp-content\/uploads\/2025\/06\/D_822031-MLU74201694599_012024-F-450x450.jpg",450,450,true],"woocommerce_single":["https:\/\/rms-enlinea.com.ar\/wp-content\/uploads\/2025\/06\/D_822031-MLU74201694599_012024-F-600x723.jpg",600,723,true],"woocommerce_gallery_thumbnail":["https:\/\/rms-enlinea.com.ar\/wp-content\/uploads\/2025\/06\/D_822031-MLU74201694599_012024-F-100x100.jpg",100,100,true]},"uagb_author_info":{"display_name":"l0071054","author_link":"https:\/\/rms-enlinea.com.ar\/tienda\/author\/"},"uagb_comment_info":0,"uagb_excerpt":"CPU Socket Type LGA 1700Memory Types DDR4 3200 \/ DDR5 4800Graphics Max Dynamic Frequency 1.55 GHzThermal Design Power 65WMax Turbo Power 148W# of Cores 10-Core (6P+4E)# of Threads 16-ThreadsProcesador gr\u00e1fico Intel UHD Graphics 730Incluye air cooler S\u00edL\u00ednea Core i5Generaci\u00f3n 14\u00aa Generaci\u00f3nModelo i5-14400Tipos de memoria RAM soportadas DDR4,DDR5Frecuencia m\u00e1xima de reloj 4.7 GHz","_links":{"self":[{"href":"https:\/\/rms-enlinea.com.ar\/tienda\/wp-json\/wp\/v2\/product\/13213","targetHints":{"allow":["GET"]}}],"collection":[{"href":"https:\/\/rms-enlinea.com.ar\/tienda\/wp-json\/wp\/v2\/product"}],"about":[{"href":"https:\/\/rms-enlinea.com.ar\/tienda\/wp-json\/wp\/v2\/types\/product"}],"replies":[{"embeddable":true,"href":"https:\/\/rms-enlinea.com.ar\/tienda\/wp-json\/wp\/v2\/comments?post=13213"}],"wp:featuredmedia":[{"embeddable":true,"href":"https:\/\/rms-enlinea.com.ar\/tienda\/wp-json\/wp\/v2\/media\/9691"}],"wp:attachment":[{"href":"https:\/\/rms-enlinea.com.ar\/tienda\/wp-json\/wp\/v2\/media?parent=13213"}],"wp:term":[{"taxonomy":"product_brand","embeddable":true,"href":"https:\/\/rms-enlinea.com.ar\/tienda\/wp-json\/wp\/v2\/product_brand?post=13213"},{"taxonomy":"product_cat","embeddable":true,"href":"https:\/\/rms-enlinea.com.ar\/tienda\/wp-json\/wp\/v2\/product_cat?post=13213"},{"taxonomy":"product_tag","embeddable":true,"href":"https:\/\/rms-enlinea.com.ar\/tienda\/wp-json\/wp\/v2\/product_tag?post=13213"}],"curies":[{"name":"wp","href":"https:\/\/api.w.org\/{rel}","templated":true}]}}