{"id":13240,"date":"2025-06-12T06:19:20","date_gmt":"2025-06-12T09:19:20","guid":{"rendered":"https:\/\/rms-enlinea.com.ar\/tienda\/producto\/monitor-24-led-philips-241v8l-77-hdmi-vga-full-hd-75hz\/"},"modified":"2026-04-21T04:09:06","modified_gmt":"2026-04-21T07:09:06","slug":"monitor-24-led-philips-241v8l-77-hdmi-vga-full-hd-75hz","status":"publish","type":"product","link":"https:\/\/rms-enlinea.com.ar\/tienda\/producto\/monitor-24-led-philips-241v8l-77-hdmi-vga-full-hd-75hz\/","title":{"rendered":"Monitor 24 Led Philips 241v8l\/77 Hdmi Vga Full Hd 75hz"},"content":{"rendered":"<p>Eficiencia energ\u00e9tica<\/p>\n<p>E<br \/>C\u00f3digo universal de producto<\/p>\n<p>8712581787400<br \/>Altura sin soporte<\/p>\n<p>322 cm<br \/>Altura con soporte<\/p>\n<p>416 cm<br \/>Cables incluidos<\/p>\n<p>Cable de alimentaci\u00f3n<br \/>Incluye l\u00e1piz<\/p>\n<p>No<br \/>Es 3D<\/p>\n<p>No<br \/>Es antirreflejo<\/p>\n<p>S\u00ed<br \/>Con parlantes incorporados<\/p>\n<p>No<br \/>Con c\u00e1mara<\/p>\n<p>No<br \/>Con conexi\u00f3n m\u00faltiple<\/p>\n<p>No<br \/>Con comando de voz integrado<\/p>\n<p>No<br \/>Con pantalla t\u00e1ctil<\/p>\n<p>No<br \/>Con sintonizador de TV<\/p>\n<p>No<br \/>Con montaje VESA<\/p>\n<p>S\u00ed<br \/>Tipo de resoluci\u00f3n<\/p>\n<p>Full HD<br \/>Tiempo de respuesta GTG<\/p>\n<p>4 ms<br \/>Cantidad de colores de la pantalla<\/p>\n<p>16.7 millones<br \/>Es curvo<\/p>\n<p>No<br \/>Modelo alfanum\u00e9rico<\/p>\n<p>241V8L\/77<br \/>Relaci\u00f3n de aspecto<\/p>\n<p>16:9<br \/>Marca<\/p>\n<p>Philips<br \/>Tipo de pantalla<\/p>\n<p>LED<br \/>Ancho con soporte<\/p>\n<p>540 cm<br \/>Frecuencia m\u00e1xima de actualizaci\u00f3n<\/p>\n<p>75 Hz<br \/>Modelo<\/p>\n<p>241V8L\/77<br \/>Sistemas operativos compatibles<\/p>\n<p>Mac OS,Windows 10,Windows 7,Windows 8,Windows 8.1<br \/>Brillo<\/p>\n<p>250 cd\/m\u00b2<br \/>Voltaje<\/p>\n<p>110V\/220V<br \/>Conexiones del monitor de la computadora<\/p>\n<p>VGA,HDMI<br \/>Contraste<\/p>\n<p>3000:1<br \/>Peso sin soporte<\/p>\n<p>2.64 kg<br \/>Tipo de panel<\/p>\n<p>VA<br \/>Largo con soporte<\/p>\n<p>220 cm<br \/>Es gamer<\/p>\n<p>S\u00ed<br \/>Es port\u00e1til<\/p>\n<p>No<br \/>Es reclinable<\/p>\n<p>No<br \/>Es giratorio<\/p>\n<p>No<br \/>Condici\u00f3n del \u00edtem<\/p>\n<p>Nuevo<br \/>Largo sin soporte<\/p>\n<p>51 cm<br \/>Frecuencia de actualizaci\u00f3n recomendada<\/p>\n<p>75 Hz<br \/>Resoluci\u00f3n de la pantalla<\/p>\n<p>1920 px x 1080 px<br \/>Peso con soporte<\/p>\n<p>3.03 kg<br \/>Tama\u00f1o de la pantalla<\/p>\n<p>24 &#8220;<br \/>Ancho sin soporte<\/p>\n<p>540 cm<br \/>L\u00ednea<\/p>\n<p>V<br \/>A\u00f1o de lanzamiento<\/p>\n<p>2022<\/p>\n","protected":false},"excerpt":{"rendered":"<p>Eficiencia energ\u00e9tica EC\u00f3digo universal de producto 8712581787400Altura sin soporte 322 cmAltura con soporte 416 cmCables incluidos Cable de alimentaci\u00f3nIncluye l\u00e1piz NoEs 3D NoEs antirreflejo S\u00edCon parlantes incorporados NoCon c\u00e1mara NoCon conexi\u00f3n m\u00faltiple NoCon comando de voz integrado NoCon pantalla t\u00e1ctil NoCon sintonizador de TV NoCon montaje VESA S\u00edTipo de resoluci\u00f3n Full HDTiempo de respuesta GTG [&hellip;]<\/p>\n","protected":false},"featured_media":13241,"comment_status":"open","ping_status":"closed","template":"","meta":{"_uag_custom_page_level_css":""},"product_brand":[580],"product_cat":[114],"product_tag":[],"class_list":{"0":"post-13240","1":"product","2":"type-product","3":"status-publish","4":"has-post-thumbnail","6":"product_brand-philips","7":"product_cat-monitores","9":"first","10":"outofstock","11":"sale","12":"taxable","13":"shipping-taxable","14":"purchasable","15":"product-type-simple"},"uagb_featured_image_src":{"full":["https:\/\/rms-enlinea.com.ar\/wp-content\/uploads\/2025\/06\/D_747044-MLA51839578262_102022-F.jpg",1018,817,false],"thumbnail":["https:\/\/rms-enlinea.com.ar\/wp-content\/uploads\/2025\/06\/D_747044-MLA51839578262_102022-F-150x150.jpg",150,150,true],"medium":["https:\/\/rms-enlinea.com.ar\/wp-content\/uploads\/2025\/06\/D_747044-MLA51839578262_102022-F-300x241.jpg",300,241,true],"medium_large":["https:\/\/rms-enlinea.com.ar\/wp-content\/uploads\/2025\/06\/D_747044-MLA51839578262_102022-F-768x616.jpg",768,616,true],"large":["https:\/\/rms-enlinea.com.ar\/wp-content\/uploads\/2025\/06\/D_747044-MLA51839578262_102022-F.jpg",1018,817,false],"1536x1536":["https:\/\/rms-enlinea.com.ar\/wp-content\/uploads\/2025\/06\/D_747044-MLA51839578262_102022-F.jpg",1018,817,false],"2048x2048":["https:\/\/rms-enlinea.com.ar\/wp-content\/uploads\/2025\/06\/D_747044-MLA51839578262_102022-F.jpg",1018,817,false],"woocommerce_thumbnail":["https:\/\/rms-enlinea.com.ar\/wp-content\/uploads\/2025\/06\/D_747044-MLA51839578262_102022-F-450x450.jpg",450,450,true],"woocommerce_single":["https:\/\/rms-enlinea.com.ar\/wp-content\/uploads\/2025\/06\/D_747044-MLA51839578262_102022-F-600x482.jpg",600,482,true],"woocommerce_gallery_thumbnail":["https:\/\/rms-enlinea.com.ar\/wp-content\/uploads\/2025\/06\/D_747044-MLA51839578262_102022-F-100x100.jpg",100,100,true]},"uagb_author_info":{"display_name":"l0071054","author_link":"https:\/\/rms-enlinea.com.ar\/tienda\/author\/"},"uagb_comment_info":0,"uagb_excerpt":"Eficiencia energ\u00e9tica EC\u00f3digo universal de producto 8712581787400Altura sin soporte 322 cmAltura con soporte 416 cmCables incluidos Cable de alimentaci\u00f3nIncluye l\u00e1piz NoEs 3D NoEs antirreflejo S\u00edCon parlantes incorporados NoCon c\u00e1mara NoCon conexi\u00f3n m\u00faltiple NoCon comando de voz integrado NoCon pantalla t\u00e1ctil NoCon sintonizador de TV NoCon montaje VESA S\u00edTipo de resoluci\u00f3n Full HDTiempo de respuesta GTG&hellip;","_links":{"self":[{"href":"https:\/\/rms-enlinea.com.ar\/tienda\/wp-json\/wp\/v2\/product\/13240","targetHints":{"allow":["GET"]}}],"collection":[{"href":"https:\/\/rms-enlinea.com.ar\/tienda\/wp-json\/wp\/v2\/product"}],"about":[{"href":"https:\/\/rms-enlinea.com.ar\/tienda\/wp-json\/wp\/v2\/types\/product"}],"replies":[{"embeddable":true,"href":"https:\/\/rms-enlinea.com.ar\/tienda\/wp-json\/wp\/v2\/comments?post=13240"}],"wp:featuredmedia":[{"embeddable":true,"href":"https:\/\/rms-enlinea.com.ar\/tienda\/wp-json\/wp\/v2\/media\/13241"}],"wp:attachment":[{"href":"https:\/\/rms-enlinea.com.ar\/tienda\/wp-json\/wp\/v2\/media?parent=13240"}],"wp:term":[{"taxonomy":"product_brand","embeddable":true,"href":"https:\/\/rms-enlinea.com.ar\/tienda\/wp-json\/wp\/v2\/product_brand?post=13240"},{"taxonomy":"product_cat","embeddable":true,"href":"https:\/\/rms-enlinea.com.ar\/tienda\/wp-json\/wp\/v2\/product_cat?post=13240"},{"taxonomy":"product_tag","embeddable":true,"href":"https:\/\/rms-enlinea.com.ar\/tienda\/wp-json\/wp\/v2\/product_tag?post=13240"}],"curies":[{"name":"wp","href":"https:\/\/api.w.org\/{rel}","templated":true}]}}