{"id":13272,"date":"2025-06-12T06:19:56","date_gmt":"2025-06-12T09:19:56","guid":{"rendered":"https:\/\/rms-enlinea.com.ar\/tienda\/producto\/auricular-razer-kraken-v3-hypersense-usb-hapticos-thx-rgb\/"},"modified":"2026-03-31T19:19:43","modified_gmt":"2026-03-31T22:19:43","slug":"auricular-razer-kraken-v3-hypersense-usb-hapticos-thx-rgb","status":"publish","type":"product","link":"https:\/\/rms-enlinea.com.ar\/tienda\/producto\/auricular-razer-kraken-v3-hypersense-usb-hapticos-thx-rgb\/","title":{"rendered":"Auricular Razer Kraken V3 Hypersense Usb H\u00e1pticos Thx Rgb"},"content":{"rendered":"<p>Marca<\/p>\n<p>Razer<br \/>Largo del cable<\/p>\n<p>13 m<br \/>Consolas de juegos compatibles<\/p>\n<p>MAC,PC,PLAYSTATION<br \/>Tipo de conector<\/p>\n<p>USB-A<br \/>Respuesta en frecuencia<\/p>\n<p>20 Hz &#8211; 20 kHz<br \/>C\u00f3digo universal de producto<\/p>\n<p>8886419378822<br \/>Formato del auricular<\/p>\n<p>Over-ear<br \/>Incluye estuche de carga<\/p>\n<p>No<br \/>Es gamer<\/p>\n<p>S\u00ed<br \/>Es monoaural<\/p>\n<p>No<br \/>Es inal\u00e1mbrico<\/p>\n<p>No<br \/>L\u00ednea<\/p>\n<p>Kraken v3<br \/>Fabricante<\/p>\n<p>Razer<br \/>Modelo<\/p>\n<p>Kraken v3 Hypersense<br \/>Sensibilidad<\/p>\n<p>96 dB<br \/>Con Bluetooth<\/p>\n<p>No<br \/>Con micr\u00f3fono desmontable<\/p>\n<p>No<br \/>Con micr\u00f3fono flexible<\/p>\n<p>S\u00ed<br \/>Con luz LED<\/p>\n<p>S\u00ed<br \/>Con micr\u00f3fono<\/p>\n<p>S\u00ed<br \/>Con cancelaci\u00f3n de ruido<\/p>\n<p>No<br \/>Con carga inal\u00e1mbrica<\/p>\n<p>No<\/p>\n","protected":false},"excerpt":{"rendered":"<p>Marca RazerLargo del cable 13 mConsolas de juegos compatibles MAC,PC,PLAYSTATIONTipo de conector USB-ARespuesta en frecuencia 20 Hz &#8211; 20 kHzC\u00f3digo universal de producto 8886419378822Formato del auricular Over-earIncluye estuche de carga NoEs gamer S\u00edEs monoaural NoEs inal\u00e1mbrico NoL\u00ednea Kraken v3Fabricante RazerModelo Kraken v3 HypersenseSensibilidad 96 dBCon Bluetooth NoCon micr\u00f3fono desmontable NoCon micr\u00f3fono flexible S\u00edCon luz LED [&hellip;]<\/p>\n","protected":false},"featured_media":13273,"comment_status":"open","ping_status":"closed","template":"","meta":{"_uag_custom_page_level_css":""},"product_brand":[559],"product_cat":[99],"product_tag":[],"class_list":{"0":"post-13272","1":"product","2":"type-product","3":"status-publish","4":"has-post-thumbnail","6":"product_brand-razer","7":"product_cat-auriculares-computacion","9":"first","10":"outofstock","11":"sale","12":"taxable","13":"shipping-taxable","14":"purchasable","15":"product-type-simple"},"uagb_featured_image_src":{"full":["https:\/\/rms-enlinea.com.ar\/wp-content\/uploads\/2025\/06\/D_685870-MLU73885772617_012024-F.jpg",500,543,false],"thumbnail":["https:\/\/rms-enlinea.com.ar\/wp-content\/uploads\/2025\/06\/D_685870-MLU73885772617_012024-F-150x150.jpg",150,150,true],"medium":["https:\/\/rms-enlinea.com.ar\/wp-content\/uploads\/2025\/06\/D_685870-MLU73885772617_012024-F-276x300.jpg",276,300,true],"medium_large":["https:\/\/rms-enlinea.com.ar\/wp-content\/uploads\/2025\/06\/D_685870-MLU73885772617_012024-F.jpg",500,543,false],"large":["https:\/\/rms-enlinea.com.ar\/wp-content\/uploads\/2025\/06\/D_685870-MLU73885772617_012024-F.jpg",500,543,false],"1536x1536":["https:\/\/rms-enlinea.com.ar\/wp-content\/uploads\/2025\/06\/D_685870-MLU73885772617_012024-F.jpg",500,543,false],"2048x2048":["https:\/\/rms-enlinea.com.ar\/wp-content\/uploads\/2025\/06\/D_685870-MLU73885772617_012024-F.jpg",500,543,false],"woocommerce_thumbnail":["https:\/\/rms-enlinea.com.ar\/wp-content\/uploads\/2025\/06\/D_685870-MLU73885772617_012024-F-450x450.jpg",450,450,true],"woocommerce_single":["https:\/\/rms-enlinea.com.ar\/wp-content\/uploads\/2025\/06\/D_685870-MLU73885772617_012024-F.jpg",500,543,false],"woocommerce_gallery_thumbnail":["https:\/\/rms-enlinea.com.ar\/wp-content\/uploads\/2025\/06\/D_685870-MLU73885772617_012024-F-100x100.jpg",100,100,true]},"uagb_author_info":{"display_name":"l0071054","author_link":"https:\/\/rms-enlinea.com.ar\/tienda\/author\/"},"uagb_comment_info":0,"uagb_excerpt":"Marca RazerLargo del cable 13 mConsolas de juegos compatibles MAC,PC,PLAYSTATIONTipo de conector USB-ARespuesta en frecuencia 20 Hz &#8211; 20 kHzC\u00f3digo universal de producto 8886419378822Formato del auricular Over-earIncluye estuche de carga NoEs gamer S\u00edEs monoaural NoEs inal\u00e1mbrico NoL\u00ednea Kraken v3Fabricante RazerModelo Kraken v3 HypersenseSensibilidad 96 dBCon Bluetooth NoCon micr\u00f3fono desmontable NoCon micr\u00f3fono flexible S\u00edCon luz LED&hellip;","_links":{"self":[{"href":"https:\/\/rms-enlinea.com.ar\/tienda\/wp-json\/wp\/v2\/product\/13272","targetHints":{"allow":["GET"]}}],"collection":[{"href":"https:\/\/rms-enlinea.com.ar\/tienda\/wp-json\/wp\/v2\/product"}],"about":[{"href":"https:\/\/rms-enlinea.com.ar\/tienda\/wp-json\/wp\/v2\/types\/product"}],"replies":[{"embeddable":true,"href":"https:\/\/rms-enlinea.com.ar\/tienda\/wp-json\/wp\/v2\/comments?post=13272"}],"wp:featuredmedia":[{"embeddable":true,"href":"https:\/\/rms-enlinea.com.ar\/tienda\/wp-json\/wp\/v2\/media\/13273"}],"wp:attachment":[{"href":"https:\/\/rms-enlinea.com.ar\/tienda\/wp-json\/wp\/v2\/media?parent=13272"}],"wp:term":[{"taxonomy":"product_brand","embeddable":true,"href":"https:\/\/rms-enlinea.com.ar\/tienda\/wp-json\/wp\/v2\/product_brand?post=13272"},{"taxonomy":"product_cat","embeddable":true,"href":"https:\/\/rms-enlinea.com.ar\/tienda\/wp-json\/wp\/v2\/product_cat?post=13272"},{"taxonomy":"product_tag","embeddable":true,"href":"https:\/\/rms-enlinea.com.ar\/tienda\/wp-json\/wp\/v2\/product_tag?post=13272"}],"curies":[{"name":"wp","href":"https:\/\/api.w.org\/{rel}","templated":true}]}}