{"id":13283,"date":"2025-06-12T06:20:10","date_gmt":"2025-06-12T09:20:10","guid":{"rendered":"https:\/\/rms-enlinea.com.ar\/tienda\/producto\/auricular-razer-tetra-wired-console-chat-gamer-monoaural\/"},"modified":"2026-03-31T17:19:37","modified_gmt":"2026-03-31T20:19:37","slug":"auricular-razer-tetra-wired-console-chat-gamer-monoaural","status":"publish","type":"product","link":"https:\/\/rms-enlinea.com.ar\/tienda\/producto\/auricular-razer-tetra-wired-console-chat-gamer-monoaural\/","title":{"rendered":"Auricular Razer Tetra Wired Console Chat Gamer Monoaural"},"content":{"rendered":"<p>Marca<\/p>\n<p>Razer<br \/>Formato del auricular<\/p>\n<p>Headset<br \/>Impedancia<\/p>\n<p>32 O<br \/>Es gamer<\/p>\n<p>S\u00ed<br \/>Es monoaural<\/p>\n<p>S\u00ed<br \/>Es inal\u00e1mbrico<\/p>\n<p>No<br \/>L\u00ednea<\/p>\n<p>Tetra<br \/>Modelo<\/p>\n<p>Razer Tetra Wired Console Chat Headset<br \/>Sensibilidad<\/p>\n<p>107 dB<br \/>Con Bluetooth<\/p>\n<p>No<br \/>Con luz LED<\/p>\n<p>No<br \/>Con micr\u00f3fono<\/p>\n<p>S\u00ed<\/p>\n","protected":false},"excerpt":{"rendered":"<p>Marca RazerFormato del auricular HeadsetImpedancia 32 OEs gamer S\u00edEs monoaural S\u00edEs inal\u00e1mbrico NoL\u00ednea TetraModelo Razer Tetra Wired Console Chat HeadsetSensibilidad 107 dBCon Bluetooth NoCon luz LED NoCon micr\u00f3fono S\u00ed<\/p>\n","protected":false},"featured_media":13284,"comment_status":"open","ping_status":"closed","template":"","meta":{"_uag_custom_page_level_css":""},"product_brand":[559],"product_cat":[99],"product_tag":[],"class_list":{"0":"post-13283","1":"product","2":"type-product","3":"status-publish","4":"has-post-thumbnail","6":"product_brand-razer","7":"product_cat-auriculares-computacion","9":"first","10":"outofstock","11":"sale","12":"taxable","13":"shipping-taxable","14":"purchasable","15":"product-type-simple"},"uagb_featured_image_src":{"full":["https:\/\/rms-enlinea.com.ar\/wp-content\/uploads\/2025\/06\/D_810162-MLA74728323746_032024-F.jpg",1200,1104,false],"thumbnail":["https:\/\/rms-enlinea.com.ar\/wp-content\/uploads\/2025\/06\/D_810162-MLA74728323746_032024-F-150x150.jpg",150,150,true],"medium":["https:\/\/rms-enlinea.com.ar\/wp-content\/uploads\/2025\/06\/D_810162-MLA74728323746_032024-F-300x276.jpg",300,276,true],"medium_large":["https:\/\/rms-enlinea.com.ar\/wp-content\/uploads\/2025\/06\/D_810162-MLA74728323746_032024-F-768x707.jpg",768,707,true],"large":["https:\/\/rms-enlinea.com.ar\/wp-content\/uploads\/2025\/06\/D_810162-MLA74728323746_032024-F-1024x942.jpg",1024,942,true],"1536x1536":["https:\/\/rms-enlinea.com.ar\/wp-content\/uploads\/2025\/06\/D_810162-MLA74728323746_032024-F.jpg",1200,1104,false],"2048x2048":["https:\/\/rms-enlinea.com.ar\/wp-content\/uploads\/2025\/06\/D_810162-MLA74728323746_032024-F.jpg",1200,1104,false],"woocommerce_thumbnail":["https:\/\/rms-enlinea.com.ar\/wp-content\/uploads\/2025\/06\/D_810162-MLA74728323746_032024-F-450x450.jpg",450,450,true],"woocommerce_single":["https:\/\/rms-enlinea.com.ar\/wp-content\/uploads\/2025\/06\/D_810162-MLA74728323746_032024-F-600x552.jpg",600,552,true],"woocommerce_gallery_thumbnail":["https:\/\/rms-enlinea.com.ar\/wp-content\/uploads\/2025\/06\/D_810162-MLA74728323746_032024-F-100x100.jpg",100,100,true]},"uagb_author_info":{"display_name":"l0071054","author_link":"https:\/\/rms-enlinea.com.ar\/tienda\/author\/"},"uagb_comment_info":0,"uagb_excerpt":"Marca RazerFormato del auricular HeadsetImpedancia 32 OEs gamer S\u00edEs monoaural S\u00edEs inal\u00e1mbrico NoL\u00ednea TetraModelo Razer Tetra Wired Console Chat HeadsetSensibilidad 107 dBCon Bluetooth NoCon luz LED NoCon micr\u00f3fono S\u00ed","_links":{"self":[{"href":"https:\/\/rms-enlinea.com.ar\/tienda\/wp-json\/wp\/v2\/product\/13283","targetHints":{"allow":["GET"]}}],"collection":[{"href":"https:\/\/rms-enlinea.com.ar\/tienda\/wp-json\/wp\/v2\/product"}],"about":[{"href":"https:\/\/rms-enlinea.com.ar\/tienda\/wp-json\/wp\/v2\/types\/product"}],"replies":[{"embeddable":true,"href":"https:\/\/rms-enlinea.com.ar\/tienda\/wp-json\/wp\/v2\/comments?post=13283"}],"wp:featuredmedia":[{"embeddable":true,"href":"https:\/\/rms-enlinea.com.ar\/tienda\/wp-json\/wp\/v2\/media\/13284"}],"wp:attachment":[{"href":"https:\/\/rms-enlinea.com.ar\/tienda\/wp-json\/wp\/v2\/media?parent=13283"}],"wp:term":[{"taxonomy":"product_brand","embeddable":true,"href":"https:\/\/rms-enlinea.com.ar\/tienda\/wp-json\/wp\/v2\/product_brand?post=13283"},{"taxonomy":"product_cat","embeddable":true,"href":"https:\/\/rms-enlinea.com.ar\/tienda\/wp-json\/wp\/v2\/product_cat?post=13283"},{"taxonomy":"product_tag","embeddable":true,"href":"https:\/\/rms-enlinea.com.ar\/tienda\/wp-json\/wp\/v2\/product_tag?post=13283"}],"curies":[{"name":"wp","href":"https:\/\/api.w.org\/{rel}","templated":true}]}}