{"id":13295,"date":"2025-06-12T06:20:29","date_gmt":"2025-06-12T09:20:29","guid":{"rendered":"https:\/\/rms-enlinea.com.ar\/tienda\/producto\/procesador-intel-core-i7-13700-5-2-ghz-raptor-lake-s1700\/"},"modified":"2026-04-21T05:27:17","modified_gmt":"2026-04-21T08:27:17","slug":"procesador-intel-core-i7-13700-5-2-ghz-raptor-lake-s1700","status":"publish","type":"product","link":"https:\/\/rms-enlinea.com.ar\/tienda\/producto\/procesador-intel-core-i7-13700-5-2-ghz-raptor-lake-s1700\/","title":{"rendered":"Procesador Intel Core I7 13700 5.2 Ghz Raptor Lake S1700"},"content":{"rendered":"<p>Z\u00f3calos compatibles<\/p>\n<p>FCLGA1700<br \/>Cantidad de Performance-cores8<\/p>\n<p>8<br \/>Cach\u00e9 L2 total<\/p>\n<p>24 MB<br \/>Cantidad m\u00e1xima de canales de memoria<\/p>\n<p>2<br \/>Gr\u00e1ficos del procesador<\/p>\n<p>Gr\u00e1ficos UHD Intel 770<br \/>Frecuencia de base de gr\u00e1ficos<\/p>\n<p>300 MHz<br \/>Cantidad de n\u00facleos<\/p>\n<p>16<br \/>Cantidad de subprocesos<\/p>\n<p>24<br \/>Potencia base del procesador<\/p>\n<p>65 W<br \/>Potencia turbo m\u00e1xima<\/p>\n<p>219 W<br \/>Tipos de memoria<\/p>\n<p>Up to DDR5 5600 MT\/s Up to DDR4 3200 MT\/s<br \/>N\u00famero de procesador<\/p>\n<p>i7-13700<br \/>Cantidad de Efficient-cores<\/p>\n<p>8<br \/>Frecuencia turbo m\u00e1xima<\/p>\n<p>5,20 GHz<br \/>Cach\u00e9<\/p>\n<p>30 MB Intel\u00ae Smart Cache<br \/>Frecuencia din\u00e1mica m\u00e1xima de gr\u00e1ficos<\/p>\n<p>1.60 GHz<\/p>\n","protected":false},"excerpt":{"rendered":"<p>Z\u00f3calos compatibles FCLGA1700Cantidad de Performance-cores8 8Cach\u00e9 L2 total 24 MBCantidad m\u00e1xima de canales de memoria 2Gr\u00e1ficos del procesador Gr\u00e1ficos UHD Intel 770Frecuencia de base de gr\u00e1ficos 300 MHzCantidad de n\u00facleos 16Cantidad de subprocesos 24Potencia base del procesador 65 WPotencia turbo m\u00e1xima 219 WTipos de memoria Up to DDR5 5600 MT\/s Up to DDR4 3200 MT\/sN\u00famero [&hellip;]<\/p>\n","protected":false},"featured_media":13291,"comment_status":"open","ping_status":"closed","template":"","meta":{"_uag_custom_page_level_css":""},"product_brand":[565],"product_cat":[121],"product_tag":[],"class_list":{"0":"post-13295","1":"product","2":"type-product","3":"status-publish","4":"has-post-thumbnail","6":"product_brand-raptor","7":"product_cat-procesadores-computacion","9":"first","10":"outofstock","11":"sale","12":"taxable","13":"shipping-taxable","14":"purchasable","15":"product-type-simple"},"uagb_featured_image_src":{"full":["https:\/\/rms-enlinea.com.ar\/wp-content\/uploads\/2025\/06\/D_855795-MLM53837535760_022023-F.jpg",1200,1152,false],"thumbnail":["https:\/\/rms-enlinea.com.ar\/wp-content\/uploads\/2025\/06\/D_855795-MLM53837535760_022023-F-150x150.jpg",150,150,true],"medium":["https:\/\/rms-enlinea.com.ar\/wp-content\/uploads\/2025\/06\/D_855795-MLM53837535760_022023-F-300x288.jpg",300,288,true],"medium_large":["https:\/\/rms-enlinea.com.ar\/wp-content\/uploads\/2025\/06\/D_855795-MLM53837535760_022023-F-768x737.jpg",768,737,true],"large":["https:\/\/rms-enlinea.com.ar\/wp-content\/uploads\/2025\/06\/D_855795-MLM53837535760_022023-F-1024x983.jpg",1024,983,true],"1536x1536":["https:\/\/rms-enlinea.com.ar\/wp-content\/uploads\/2025\/06\/D_855795-MLM53837535760_022023-F.jpg",1200,1152,false],"2048x2048":["https:\/\/rms-enlinea.com.ar\/wp-content\/uploads\/2025\/06\/D_855795-MLM53837535760_022023-F.jpg",1200,1152,false],"woocommerce_thumbnail":["https:\/\/rms-enlinea.com.ar\/wp-content\/uploads\/2025\/06\/D_855795-MLM53837535760_022023-F-450x450.jpg",450,450,true],"woocommerce_single":["https:\/\/rms-enlinea.com.ar\/wp-content\/uploads\/2025\/06\/D_855795-MLM53837535760_022023-F-600x576.jpg",600,576,true],"woocommerce_gallery_thumbnail":["https:\/\/rms-enlinea.com.ar\/wp-content\/uploads\/2025\/06\/D_855795-MLM53837535760_022023-F-100x100.jpg",100,100,true]},"uagb_author_info":{"display_name":"l0071054","author_link":"https:\/\/rms-enlinea.com.ar\/tienda\/author\/"},"uagb_comment_info":0,"uagb_excerpt":"Z\u00f3calos compatibles FCLGA1700Cantidad de Performance-cores8 8Cach\u00e9 L2 total 24 MBCantidad m\u00e1xima de canales de memoria 2Gr\u00e1ficos del procesador Gr\u00e1ficos UHD Intel 770Frecuencia de base de gr\u00e1ficos 300 MHzCantidad de n\u00facleos 16Cantidad de subprocesos 24Potencia base del procesador 65 WPotencia turbo m\u00e1xima 219 WTipos de memoria Up to DDR5 5600 MT\/s Up to DDR4 3200 MT\/sN\u00famero&hellip;","_links":{"self":[{"href":"https:\/\/rms-enlinea.com.ar\/tienda\/wp-json\/wp\/v2\/product\/13295","targetHints":{"allow":["GET"]}}],"collection":[{"href":"https:\/\/rms-enlinea.com.ar\/tienda\/wp-json\/wp\/v2\/product"}],"about":[{"href":"https:\/\/rms-enlinea.com.ar\/tienda\/wp-json\/wp\/v2\/types\/product"}],"replies":[{"embeddable":true,"href":"https:\/\/rms-enlinea.com.ar\/tienda\/wp-json\/wp\/v2\/comments?post=13295"}],"wp:featuredmedia":[{"embeddable":true,"href":"https:\/\/rms-enlinea.com.ar\/tienda\/wp-json\/wp\/v2\/media\/13291"}],"wp:attachment":[{"href":"https:\/\/rms-enlinea.com.ar\/tienda\/wp-json\/wp\/v2\/media?parent=13295"}],"wp:term":[{"taxonomy":"product_brand","embeddable":true,"href":"https:\/\/rms-enlinea.com.ar\/tienda\/wp-json\/wp\/v2\/product_brand?post=13295"},{"taxonomy":"product_cat","embeddable":true,"href":"https:\/\/rms-enlinea.com.ar\/tienda\/wp-json\/wp\/v2\/product_cat?post=13295"},{"taxonomy":"product_tag","embeddable":true,"href":"https:\/\/rms-enlinea.com.ar\/tienda\/wp-json\/wp\/v2\/product_tag?post=13295"}],"curies":[{"name":"wp","href":"https:\/\/api.w.org\/{rel}","templated":true}]}}