{"id":13311,"date":"2025-06-12T06:20:46","date_gmt":"2025-06-12T09:20:46","guid":{"rendered":"https:\/\/rms-enlinea.com.ar\/tienda\/producto\/auricular-con-microfono-genius-hs-04sp-2-mini-plug-3-5mm\/"},"modified":"2026-04-21T04:52:37","modified_gmt":"2026-04-21T07:52:37","slug":"auricular-con-microfono-genius-hs-04sp-2-mini-plug-3-5mm","status":"publish","type":"product","link":"https:\/\/rms-enlinea.com.ar\/tienda\/producto\/auricular-con-microfono-genius-hs-04sp-2-mini-plug-3-5mm\/","title":{"rendered":"Auricular Con Microfono Genius Hs-04sp 2 Mini Plug 3.5mm"},"content":{"rendered":"<p>Bluetooth<\/p>\n<p>No<br \/>Marca<\/p>\n<p>Genius<br \/>EAN<\/p>\n<p>4710268804079<br \/>C\u00f3digo universal de producto<\/p>\n<p>4710268804079<br \/>Formato<\/p>\n<p>Over-ear<br \/>Incluye micr\u00f3fono<\/p>\n<p>S\u00ed<br \/>Modelo<\/p>\n<p>HS-04S<br \/>Con recepci\u00f3n inal\u00e1mbrica<\/p>\n<p>No<br \/>Marca<\/p>\n<p>Genius<br \/>EAN<\/p>\n<p>4710268804079<br \/>C\u00f3digo universal de producto<\/p>\n<p>4710268804079<br \/>Formato<\/p>\n<p>Over-ear<br \/>Incluye micr\u00f3fono<\/p>\n<p>S\u00ed<br \/>Modelo<\/p>\n<p>HS-04S<br \/>Con recepci\u00f3n inal\u00e1mbrica<\/p>\n<p>No<br \/>JACKs<\/p>\n<p>AUDIO y MICROFONO<\/p>\n","protected":false},"excerpt":{"rendered":"<p>Bluetooth NoMarca GeniusEAN 4710268804079C\u00f3digo universal de producto 4710268804079Formato Over-earIncluye micr\u00f3fono S\u00edModelo HS-04SCon recepci\u00f3n inal\u00e1mbrica NoMarca GeniusEAN 4710268804079C\u00f3digo universal de producto 4710268804079Formato Over-earIncluye micr\u00f3fono S\u00edModelo HS-04SCon recepci\u00f3n inal\u00e1mbrica NoJACKs AUDIO y MICROFONO<\/p>\n","protected":false},"featured_media":13312,"comment_status":"open","ping_status":"closed","template":"","meta":{"_uag_custom_page_level_css":""},"product_brand":[550],"product_cat":[99],"product_tag":[],"class_list":{"0":"post-13311","1":"product","2":"type-product","3":"status-publish","4":"has-post-thumbnail","6":"product_brand-genius","7":"product_cat-auriculares-computacion","9":"first","10":"outofstock","11":"sale","12":"taxable","13":"shipping-taxable","14":"purchasable","15":"product-type-simple"},"uagb_featured_image_src":{"full":["https:\/\/rms-enlinea.com.ar\/wp-content\/uploads\/2025\/06\/D_601129-MLA74577911686_022024-F.jpg",946,1200,false],"thumbnail":["https:\/\/rms-enlinea.com.ar\/wp-content\/uploads\/2025\/06\/D_601129-MLA74577911686_022024-F-150x150.jpg",150,150,true],"medium":["https:\/\/rms-enlinea.com.ar\/wp-content\/uploads\/2025\/06\/D_601129-MLA74577911686_022024-F-237x300.jpg",237,300,true],"medium_large":["https:\/\/rms-enlinea.com.ar\/wp-content\/uploads\/2025\/06\/D_601129-MLA74577911686_022024-F-768x974.jpg",768,974,true],"large":["https:\/\/rms-enlinea.com.ar\/wp-content\/uploads\/2025\/06\/D_601129-MLA74577911686_022024-F-807x1024.jpg",807,1024,true],"1536x1536":["https:\/\/rms-enlinea.com.ar\/wp-content\/uploads\/2025\/06\/D_601129-MLA74577911686_022024-F.jpg",946,1200,false],"2048x2048":["https:\/\/rms-enlinea.com.ar\/wp-content\/uploads\/2025\/06\/D_601129-MLA74577911686_022024-F.jpg",946,1200,false],"woocommerce_thumbnail":["https:\/\/rms-enlinea.com.ar\/wp-content\/uploads\/2025\/06\/D_601129-MLA74577911686_022024-F-450x450.jpg",450,450,true],"woocommerce_single":["https:\/\/rms-enlinea.com.ar\/wp-content\/uploads\/2025\/06\/D_601129-MLA74577911686_022024-F-600x761.jpg",600,761,true],"woocommerce_gallery_thumbnail":["https:\/\/rms-enlinea.com.ar\/wp-content\/uploads\/2025\/06\/D_601129-MLA74577911686_022024-F-100x100.jpg",100,100,true]},"uagb_author_info":{"display_name":"l0071054","author_link":"https:\/\/rms-enlinea.com.ar\/tienda\/author\/"},"uagb_comment_info":0,"uagb_excerpt":"Bluetooth NoMarca GeniusEAN 4710268804079C\u00f3digo universal de producto 4710268804079Formato Over-earIncluye micr\u00f3fono S\u00edModelo HS-04SCon recepci\u00f3n inal\u00e1mbrica NoMarca GeniusEAN 4710268804079C\u00f3digo universal de producto 4710268804079Formato Over-earIncluye micr\u00f3fono S\u00edModelo HS-04SCon recepci\u00f3n inal\u00e1mbrica NoJACKs AUDIO y MICROFONO","_links":{"self":[{"href":"https:\/\/rms-enlinea.com.ar\/tienda\/wp-json\/wp\/v2\/product\/13311","targetHints":{"allow":["GET"]}}],"collection":[{"href":"https:\/\/rms-enlinea.com.ar\/tienda\/wp-json\/wp\/v2\/product"}],"about":[{"href":"https:\/\/rms-enlinea.com.ar\/tienda\/wp-json\/wp\/v2\/types\/product"}],"replies":[{"embeddable":true,"href":"https:\/\/rms-enlinea.com.ar\/tienda\/wp-json\/wp\/v2\/comments?post=13311"}],"wp:featuredmedia":[{"embeddable":true,"href":"https:\/\/rms-enlinea.com.ar\/tienda\/wp-json\/wp\/v2\/media\/13312"}],"wp:attachment":[{"href":"https:\/\/rms-enlinea.com.ar\/tienda\/wp-json\/wp\/v2\/media?parent=13311"}],"wp:term":[{"taxonomy":"product_brand","embeddable":true,"href":"https:\/\/rms-enlinea.com.ar\/tienda\/wp-json\/wp\/v2\/product_brand?post=13311"},{"taxonomy":"product_cat","embeddable":true,"href":"https:\/\/rms-enlinea.com.ar\/tienda\/wp-json\/wp\/v2\/product_cat?post=13311"},{"taxonomy":"product_tag","embeddable":true,"href":"https:\/\/rms-enlinea.com.ar\/tienda\/wp-json\/wp\/v2\/product_tag?post=13311"}],"curies":[{"name":"wp","href":"https:\/\/api.w.org\/{rel}","templated":true}]}}