{"id":13318,"date":"2025-06-12T06:20:53","date_gmt":"2025-06-12T09:20:53","guid":{"rendered":"https:\/\/rms-enlinea.com.ar\/tienda\/producto\/auricular-gaming-mic-headset-trust-gxt-310-radius-consolas\/"},"modified":"2026-04-21T05:47:37","modified_gmt":"2026-04-21T08:47:37","slug":"auricular-gaming-mic-headset-trust-gxt-310-radius-consolas","status":"publish","type":"product","link":"https:\/\/rms-enlinea.com.ar\/tienda\/producto\/auricular-gaming-mic-headset-trust-gxt-310-radius-consolas\/","title":{"rendered":"Auricular Gaming Mic Headset Trust Gxt 310 Radius Consolas"},"content":{"rendered":"<p>Con recepci\u00f3n inal\u00e1mbrica<\/p>\n<p>No<br \/>Modelo alfanum\u00e9rico<\/p>\n<p>GXT 310<br \/>Marca<\/p>\n<p>Trust<br \/>Largo del cable<\/p>\n<p>1 m<br \/>Unidad de diafragma<\/p>\n<p>40 mm<br \/>Respuesta en frecuencia<\/p>\n<p>20 Hz &#8211; 20 kHz<br \/>Formato del auricular<\/p>\n<p>Headset<br \/>Impedancia<\/p>\n<p>36 O<br \/>Es gamer<\/p>\n<p>S\u00ed<br \/>Es monoaural<\/p>\n<p>No<br \/>Es inal\u00e1mbrico<\/p>\n<p>No<br \/>L\u00ednea<\/p>\n<p>GXT<br \/>Modelo<\/p>\n<p>GXT 310<br \/>Sensibilidad<\/p>\n<p>117 dB<br \/>Con Bluetooth<\/p>\n<p>No<br \/>Con micr\u00f3fono<\/p>\n<p>S\u00ed<\/p>\n","protected":false},"excerpt":{"rendered":"<p>Con recepci\u00f3n inal\u00e1mbrica NoModelo alfanum\u00e9rico GXT 310Marca TrustLargo del cable 1 mUnidad de diafragma 40 mmRespuesta en frecuencia 20 Hz &#8211; 20 kHzFormato del auricular HeadsetImpedancia 36 OEs gamer S\u00edEs monoaural NoEs inal\u00e1mbrico NoL\u00ednea GXTModelo GXT 310Sensibilidad 117 dBCon Bluetooth NoCon micr\u00f3fono S\u00ed<\/p>\n","protected":false},"featured_media":13319,"comment_status":"open","ping_status":"closed","template":"","meta":{"_uag_custom_page_level_css":""},"product_brand":[542],"product_cat":[99],"product_tag":[],"class_list":{"0":"post-13318","1":"product","2":"type-product","3":"status-publish","4":"has-post-thumbnail","6":"product_brand-trustgaming","7":"product_cat-auriculares-computacion","9":"first","10":"outofstock","11":"sale","12":"taxable","13":"shipping-taxable","14":"purchasable","15":"product-type-simple"},"uagb_featured_image_src":{"full":["https:\/\/rms-enlinea.com.ar\/wp-content\/uploads\/2025\/06\/D_663567-MLU72972325343_112023-F.jpg",683,844,false],"thumbnail":["https:\/\/rms-enlinea.com.ar\/wp-content\/uploads\/2025\/06\/D_663567-MLU72972325343_112023-F-150x150.jpg",150,150,true],"medium":["https:\/\/rms-enlinea.com.ar\/wp-content\/uploads\/2025\/06\/D_663567-MLU72972325343_112023-F-243x300.jpg",243,300,true],"medium_large":["https:\/\/rms-enlinea.com.ar\/wp-content\/uploads\/2025\/06\/D_663567-MLU72972325343_112023-F.jpg",683,844,false],"large":["https:\/\/rms-enlinea.com.ar\/wp-content\/uploads\/2025\/06\/D_663567-MLU72972325343_112023-F.jpg",683,844,false],"1536x1536":["https:\/\/rms-enlinea.com.ar\/wp-content\/uploads\/2025\/06\/D_663567-MLU72972325343_112023-F.jpg",683,844,false],"2048x2048":["https:\/\/rms-enlinea.com.ar\/wp-content\/uploads\/2025\/06\/D_663567-MLU72972325343_112023-F.jpg",683,844,false],"woocommerce_thumbnail":["https:\/\/rms-enlinea.com.ar\/wp-content\/uploads\/2025\/06\/D_663567-MLU72972325343_112023-F-450x450.jpg",450,450,true],"woocommerce_single":["https:\/\/rms-enlinea.com.ar\/wp-content\/uploads\/2025\/06\/D_663567-MLU72972325343_112023-F-600x741.jpg",600,741,true],"woocommerce_gallery_thumbnail":["https:\/\/rms-enlinea.com.ar\/wp-content\/uploads\/2025\/06\/D_663567-MLU72972325343_112023-F-100x100.jpg",100,100,true]},"uagb_author_info":{"display_name":"l0071054","author_link":"https:\/\/rms-enlinea.com.ar\/tienda\/author\/"},"uagb_comment_info":0,"uagb_excerpt":"Con recepci\u00f3n inal\u00e1mbrica NoModelo alfanum\u00e9rico GXT 310Marca TrustLargo del cable 1 mUnidad de diafragma 40 mmRespuesta en frecuencia 20 Hz &#8211; 20 kHzFormato del auricular HeadsetImpedancia 36 OEs gamer S\u00edEs monoaural NoEs inal\u00e1mbrico NoL\u00ednea GXTModelo GXT 310Sensibilidad 117 dBCon Bluetooth NoCon micr\u00f3fono S\u00ed","_links":{"self":[{"href":"https:\/\/rms-enlinea.com.ar\/tienda\/wp-json\/wp\/v2\/product\/13318","targetHints":{"allow":["GET"]}}],"collection":[{"href":"https:\/\/rms-enlinea.com.ar\/tienda\/wp-json\/wp\/v2\/product"}],"about":[{"href":"https:\/\/rms-enlinea.com.ar\/tienda\/wp-json\/wp\/v2\/types\/product"}],"replies":[{"embeddable":true,"href":"https:\/\/rms-enlinea.com.ar\/tienda\/wp-json\/wp\/v2\/comments?post=13318"}],"wp:featuredmedia":[{"embeddable":true,"href":"https:\/\/rms-enlinea.com.ar\/tienda\/wp-json\/wp\/v2\/media\/13319"}],"wp:attachment":[{"href":"https:\/\/rms-enlinea.com.ar\/tienda\/wp-json\/wp\/v2\/media?parent=13318"}],"wp:term":[{"taxonomy":"product_brand","embeddable":true,"href":"https:\/\/rms-enlinea.com.ar\/tienda\/wp-json\/wp\/v2\/product_brand?post=13318"},{"taxonomy":"product_cat","embeddable":true,"href":"https:\/\/rms-enlinea.com.ar\/tienda\/wp-json\/wp\/v2\/product_cat?post=13318"},{"taxonomy":"product_tag","embeddable":true,"href":"https:\/\/rms-enlinea.com.ar\/tienda\/wp-json\/wp\/v2\/product_tag?post=13318"}],"curies":[{"name":"wp","href":"https:\/\/api.w.org\/{rel}","templated":true}]}}