{"id":1332,"date":"2025-06-12T02:04:39","date_gmt":"2025-06-12T05:04:39","guid":{"rendered":"https:\/\/rms-enlinea.com.ar\/tienda\/producto\/silla-gamer-trust-gxt-714-ruya-pc-ergonomica\/"},"modified":"2026-04-06T12:03:33","modified_gmt":"2026-04-06T15:03:33","slug":"silla-gamer-trust-gxt-714-ruya-pc-ergonomica","status":"publish","type":"product","link":"https:\/\/rms-enlinea.com.ar\/tienda\/producto\/silla-gamer-trust-gxt-714-ruya-pc-ergonomica\/","title":{"rendered":"Silla Gamer Trust Gxt 714 Ruya Pc Ergon\u00f3mica"},"content":{"rendered":"<p>Es ergon\u00f3mica<\/p>\n<p>S\u00ed<br \/>\nRequiere ensamblado<\/p>\n<p>S\u00ed<br \/>\nCondici\u00f3n del \u00edtem<\/p>\n<p>Nuevo<br \/>\nMarca<\/p>\n<p>Trust<br \/>\nModelo<\/p>\n<p>25131<br \/>\nEs gamer<\/p>\n<p>S\u00ed<br \/>\nEs giratoria<\/p>\n<p>S\u00ed<br \/>\nCon apoya pies<\/p>\n<p>No<br \/>\nCon luces<\/p>\n<p>No<br \/>\nCon respaldo reclinable<\/p>\n<p>S\u00ed<br \/>\nCon altura ajustable<\/p>\n<p>S\u00ed<br \/>\nCon ruedas<\/p>\n<p>S\u00ed<br \/>\nCon apoyabrazos<\/p>\n<p>S\u00ed<br \/>\nCon aro para pies<\/p>\n<p>No<br \/>\nCon apoyacabezas<\/p>\n<p>S\u00ed<br \/>\nCon apoyabrazos ajustable<\/p>\n<p>S\u00ed<\/p>\n","protected":false},"excerpt":{"rendered":"<p>Es ergon\u00f3mica S\u00ed Requiere ensamblado S\u00ed Condici\u00f3n del \u00edtem Nuevo Marca Trust Modelo 25131 Es gamer S\u00ed Es giratoria S\u00ed Con apoya pies No Con luces No Con respaldo reclinable S\u00ed Con altura ajustable S\u00ed Con ruedas S\u00ed Con apoyabrazos S\u00ed Con aro para pies No Con apoyacabezas S\u00ed Con apoyabrazos ajustable S\u00ed<\/p>\n","protected":false},"featured_media":1333,"comment_status":"open","ping_status":"closed","template":"","meta":{"_uag_custom_page_level_css":""},"product_brand":[542],"product_cat":[123],"product_tag":[],"class_list":{"0":"post-1332","1":"product","2":"type-product","3":"status-publish","4":"has-post-thumbnail","6":"product_brand-trustgaming","7":"product_cat-sillas-gamer","9":"first","10":"instock","11":"sale","12":"taxable","13":"shipping-taxable","14":"purchasable","15":"product-type-simple"},"uagb_featured_image_src":{"full":["https:\/\/rms-enlinea.com.ar\/wp-content\/uploads\/2025\/06\/D_925579-MLA83950930780_042025-F.jpg",960,960,false],"thumbnail":["https:\/\/rms-enlinea.com.ar\/wp-content\/uploads\/2025\/06\/D_925579-MLA83950930780_042025-F-150x150.jpg",150,150,true],"medium":["https:\/\/rms-enlinea.com.ar\/wp-content\/uploads\/2025\/06\/D_925579-MLA83950930780_042025-F-300x300.jpg",300,300,true],"medium_large":["https:\/\/rms-enlinea.com.ar\/wp-content\/uploads\/2025\/06\/D_925579-MLA83950930780_042025-F-768x768.jpg",768,768,true],"large":["https:\/\/rms-enlinea.com.ar\/wp-content\/uploads\/2025\/06\/D_925579-MLA83950930780_042025-F.jpg",960,960,false],"1536x1536":["https:\/\/rms-enlinea.com.ar\/wp-content\/uploads\/2025\/06\/D_925579-MLA83950930780_042025-F.jpg",960,960,false],"2048x2048":["https:\/\/rms-enlinea.com.ar\/wp-content\/uploads\/2025\/06\/D_925579-MLA83950930780_042025-F.jpg",960,960,false],"woocommerce_thumbnail":["https:\/\/rms-enlinea.com.ar\/wp-content\/uploads\/2025\/06\/D_925579-MLA83950930780_042025-F-450x450.jpg",450,450,true],"woocommerce_single":["https:\/\/rms-enlinea.com.ar\/wp-content\/uploads\/2025\/06\/D_925579-MLA83950930780_042025-F-600x600.jpg",600,600,true],"woocommerce_gallery_thumbnail":["https:\/\/rms-enlinea.com.ar\/wp-content\/uploads\/2025\/06\/D_925579-MLA83950930780_042025-F-100x100.jpg",100,100,true]},"uagb_author_info":{"display_name":"l0071054","author_link":"https:\/\/rms-enlinea.com.ar\/tienda\/author\/"},"uagb_comment_info":0,"uagb_excerpt":"Es ergon\u00f3mica S\u00ed Requiere ensamblado S\u00ed Condici\u00f3n del \u00edtem Nuevo Marca Trust Modelo 25131 Es gamer S\u00ed Es giratoria S\u00ed Con apoya pies No Con luces No Con respaldo reclinable S\u00ed Con altura ajustable S\u00ed Con ruedas S\u00ed Con apoyabrazos S\u00ed Con aro para pies No Con apoyacabezas S\u00ed Con apoyabrazos ajustable S\u00ed","_links":{"self":[{"href":"https:\/\/rms-enlinea.com.ar\/tienda\/wp-json\/wp\/v2\/product\/1332","targetHints":{"allow":["GET"]}}],"collection":[{"href":"https:\/\/rms-enlinea.com.ar\/tienda\/wp-json\/wp\/v2\/product"}],"about":[{"href":"https:\/\/rms-enlinea.com.ar\/tienda\/wp-json\/wp\/v2\/types\/product"}],"replies":[{"embeddable":true,"href":"https:\/\/rms-enlinea.com.ar\/tienda\/wp-json\/wp\/v2\/comments?post=1332"}],"wp:featuredmedia":[{"embeddable":true,"href":"https:\/\/rms-enlinea.com.ar\/tienda\/wp-json\/wp\/v2\/media\/1333"}],"wp:attachment":[{"href":"https:\/\/rms-enlinea.com.ar\/tienda\/wp-json\/wp\/v2\/media?parent=1332"}],"wp:term":[{"taxonomy":"product_brand","embeddable":true,"href":"https:\/\/rms-enlinea.com.ar\/tienda\/wp-json\/wp\/v2\/product_brand?post=1332"},{"taxonomy":"product_cat","embeddable":true,"href":"https:\/\/rms-enlinea.com.ar\/tienda\/wp-json\/wp\/v2\/product_cat?post=1332"},{"taxonomy":"product_tag","embeddable":true,"href":"https:\/\/rms-enlinea.com.ar\/tienda\/wp-json\/wp\/v2\/product_tag?post=1332"}],"curies":[{"name":"wp","href":"https:\/\/api.w.org\/{rel}","templated":true}]}}