{"id":13357,"date":"2025-06-12T06:21:30","date_gmt":"2025-06-12T09:21:30","guid":{"rendered":"https:\/\/rms-enlinea.com.ar\/tienda\/producto\/mouse-inalambrico-recargable-genius-nx-9000bt-bluetooth\/"},"modified":"2026-04-21T03:26:59","modified_gmt":"2026-04-21T06:26:59","slug":"mouse-inalambrico-recargable-genius-nx-9000bt-bluetooth","status":"publish","type":"product","link":"https:\/\/rms-enlinea.com.ar\/tienda\/producto\/mouse-inalambrico-recargable-genius-nx-9000bt-bluetooth\/","title":{"rendered":"Mouse Inal\u00e1mbrico Recargable Genius Nx-9000bt Bluetooth"},"content":{"rendered":"<p>Marca<\/p>\n<p>Genius<br \/>Tipo de mouse<\/p>\n<p>Convencional<br \/>Incluye mousepad<\/p>\n<p>No<br \/>Interfaces<\/p>\n<p>USB<br \/>Es recargable<\/p>\n<p>S\u00ed<br \/>Es inal\u00e1mbrico<\/p>\n<p>S\u00ed<br \/>Es inal\u00e1mbrico USB<\/p>\n<p>S\u00ed<br \/>Condici\u00f3n del \u00edtem<\/p>\n<p>Nuevo<br \/>Alcance m\u00e1ximo<\/p>\n<p>10 m<br \/>Modelo<\/p>\n<p>NX-9000BT<br \/>Cantidad de botones<\/p>\n<p>3<br \/>Resoluci\u00f3n del sensor<\/p>\n<p>1600 dpi<br \/>Tecnolog\u00eda del sensor<\/p>\n<p>BlueEye<br \/>Con Bluetooth<\/p>\n<p>S\u00ed<br \/>Con cable retr\u00e1ctil<\/p>\n<p>No<br \/>Con rueda de desplazamiento<\/p>\n<p>S\u00ed<br \/>Con cable<\/p>\n<p>No<\/p>\n","protected":false},"excerpt":{"rendered":"<p>Marca GeniusTipo de mouse ConvencionalIncluye mousepad NoInterfaces USBEs recargable S\u00edEs inal\u00e1mbrico S\u00edEs inal\u00e1mbrico USB S\u00edCondici\u00f3n del \u00edtem NuevoAlcance m\u00e1ximo 10 mModelo NX-9000BTCantidad de botones 3Resoluci\u00f3n del sensor 1600 dpiTecnolog\u00eda del sensor BlueEyeCon Bluetooth S\u00edCon cable retr\u00e1ctil NoCon rueda de desplazamiento S\u00edCon cable No<\/p>\n","protected":false},"featured_media":13352,"comment_status":"open","ping_status":"closed","template":"","meta":{"_uag_custom_page_level_css":""},"product_brand":[550],"product_cat":[125],"product_tag":[],"class_list":{"0":"post-13357","1":"product","2":"type-product","3":"status-publish","4":"has-post-thumbnail","6":"product_brand-genius","7":"product_cat-teclados-y-mouses","9":"first","10":"outofstock","11":"sale","12":"taxable","13":"shipping-taxable","14":"purchasable","15":"product-type-simple"},"uagb_featured_image_src":{"full":["https:\/\/rms-enlinea.com.ar\/wp-content\/uploads\/2025\/06\/D_890497-MLU72565721708_112023-F.jpg",864,468,false],"thumbnail":["https:\/\/rms-enlinea.com.ar\/wp-content\/uploads\/2025\/06\/D_890497-MLU72565721708_112023-F-150x150.jpg",150,150,true],"medium":["https:\/\/rms-enlinea.com.ar\/wp-content\/uploads\/2025\/06\/D_890497-MLU72565721708_112023-F-300x163.jpg",300,163,true],"medium_large":["https:\/\/rms-enlinea.com.ar\/wp-content\/uploads\/2025\/06\/D_890497-MLU72565721708_112023-F-768x416.jpg",768,416,true],"large":["https:\/\/rms-enlinea.com.ar\/wp-content\/uploads\/2025\/06\/D_890497-MLU72565721708_112023-F.jpg",864,468,false],"1536x1536":["https:\/\/rms-enlinea.com.ar\/wp-content\/uploads\/2025\/06\/D_890497-MLU72565721708_112023-F.jpg",864,468,false],"2048x2048":["https:\/\/rms-enlinea.com.ar\/wp-content\/uploads\/2025\/06\/D_890497-MLU72565721708_112023-F.jpg",864,468,false],"woocommerce_thumbnail":["https:\/\/rms-enlinea.com.ar\/wp-content\/uploads\/2025\/06\/D_890497-MLU72565721708_112023-F-450x450.jpg",450,450,true],"woocommerce_single":["https:\/\/rms-enlinea.com.ar\/wp-content\/uploads\/2025\/06\/D_890497-MLU72565721708_112023-F-600x325.jpg",600,325,true],"woocommerce_gallery_thumbnail":["https:\/\/rms-enlinea.com.ar\/wp-content\/uploads\/2025\/06\/D_890497-MLU72565721708_112023-F-100x100.jpg",100,100,true]},"uagb_author_info":{"display_name":"l0071054","author_link":"https:\/\/rms-enlinea.com.ar\/tienda\/author\/"},"uagb_comment_info":0,"uagb_excerpt":"Marca GeniusTipo de mouse ConvencionalIncluye mousepad NoInterfaces USBEs recargable S\u00edEs inal\u00e1mbrico S\u00edEs inal\u00e1mbrico USB S\u00edCondici\u00f3n del \u00edtem NuevoAlcance m\u00e1ximo 10 mModelo NX-9000BTCantidad de botones 3Resoluci\u00f3n del sensor 1600 dpiTecnolog\u00eda del sensor BlueEyeCon Bluetooth S\u00edCon cable retr\u00e1ctil NoCon rueda de desplazamiento S\u00edCon cable No","_links":{"self":[{"href":"https:\/\/rms-enlinea.com.ar\/tienda\/wp-json\/wp\/v2\/product\/13357","targetHints":{"allow":["GET"]}}],"collection":[{"href":"https:\/\/rms-enlinea.com.ar\/tienda\/wp-json\/wp\/v2\/product"}],"about":[{"href":"https:\/\/rms-enlinea.com.ar\/tienda\/wp-json\/wp\/v2\/types\/product"}],"replies":[{"embeddable":true,"href":"https:\/\/rms-enlinea.com.ar\/tienda\/wp-json\/wp\/v2\/comments?post=13357"}],"wp:featuredmedia":[{"embeddable":true,"href":"https:\/\/rms-enlinea.com.ar\/tienda\/wp-json\/wp\/v2\/media\/13352"}],"wp:attachment":[{"href":"https:\/\/rms-enlinea.com.ar\/tienda\/wp-json\/wp\/v2\/media?parent=13357"}],"wp:term":[{"taxonomy":"product_brand","embeddable":true,"href":"https:\/\/rms-enlinea.com.ar\/tienda\/wp-json\/wp\/v2\/product_brand?post=13357"},{"taxonomy":"product_cat","embeddable":true,"href":"https:\/\/rms-enlinea.com.ar\/tienda\/wp-json\/wp\/v2\/product_cat?post=13357"},{"taxonomy":"product_tag","embeddable":true,"href":"https:\/\/rms-enlinea.com.ar\/tienda\/wp-json\/wp\/v2\/product_tag?post=13357"}],"curies":[{"name":"wp","href":"https:\/\/api.w.org\/{rel}","templated":true}]}}