{"id":13359,"date":"2025-06-12T06:21:36","date_gmt":"2025-06-12T09:21:36","guid":{"rendered":"https:\/\/rms-enlinea.com.ar\/tienda\/producto\/bungee-mouse-soporte-cables-zowie-gear-camade-2\/"},"modified":"2026-03-31T19:25:42","modified_gmt":"2026-03-31T22:25:42","slug":"bungee-mouse-soporte-cables-zowie-gear-camade-2","status":"publish","type":"product","link":"https:\/\/rms-enlinea.com.ar\/tienda\/producto\/bungee-mouse-soporte-cables-zowie-gear-camade-2\/","title":{"rendered":"Bungee Mouse Soporte Cables Zowie Gear Camade 2"},"content":{"rendered":"<p>Tipo Administraci\u00f3n de cables<br \/>Color Negro\/Rojo<br \/>EAN 4718755075919<br \/>N\u00ba de fabricante 9H.N1DGB.A2E<br \/>En\/sobre\tSoportes de mesa<br \/>Ergonom\u00eda Ajustable en altura\ts\u00ed<br \/>N\u00famero de dispositivos compatibles\tPara 1 Dispositivo<br \/>Dimensiones\tAltura: 159 mm<br \/>Peso 380 gramos<\/p>\n","protected":false},"excerpt":{"rendered":"<p>Tipo Administraci\u00f3n de cablesColor Negro\/RojoEAN 4718755075919N\u00ba de fabricante 9H.N1DGB.A2EEn\/sobre Soportes de mesaErgonom\u00eda Ajustable en altura s\u00edN\u00famero de dispositivos compatibles Para 1 DispositivoDimensiones Altura: 159 mmPeso 380 gramos<\/p>\n","protected":false},"featured_media":13360,"comment_status":"open","ping_status":"closed","template":"","meta":{"_uag_custom_page_level_css":""},"product_brand":[584],"product_cat":[125],"product_tag":[],"class_list":{"0":"post-13359","1":"product","2":"type-product","3":"status-publish","4":"has-post-thumbnail","6":"product_brand-benq","7":"product_cat-teclados-y-mouses","9":"first","10":"outofstock","11":"sale","12":"taxable","13":"shipping-taxable","14":"purchasable","15":"product-type-simple"},"uagb_featured_image_src":{"full":["https:\/\/rms-enlinea.com.ar\/wp-content\/uploads\/2025\/06\/D_756770-MLA78202728567_082024-F.jpg",994,1200,false],"thumbnail":["https:\/\/rms-enlinea.com.ar\/wp-content\/uploads\/2025\/06\/D_756770-MLA78202728567_082024-F-150x150.jpg",150,150,true],"medium":["https:\/\/rms-enlinea.com.ar\/wp-content\/uploads\/2025\/06\/D_756770-MLA78202728567_082024-F-249x300.jpg",249,300,true],"medium_large":["https:\/\/rms-enlinea.com.ar\/wp-content\/uploads\/2025\/06\/D_756770-MLA78202728567_082024-F-768x927.jpg",768,927,true],"large":["https:\/\/rms-enlinea.com.ar\/wp-content\/uploads\/2025\/06\/D_756770-MLA78202728567_082024-F-848x1024.jpg",848,1024,true],"1536x1536":["https:\/\/rms-enlinea.com.ar\/wp-content\/uploads\/2025\/06\/D_756770-MLA78202728567_082024-F.jpg",994,1200,false],"2048x2048":["https:\/\/rms-enlinea.com.ar\/wp-content\/uploads\/2025\/06\/D_756770-MLA78202728567_082024-F.jpg",994,1200,false],"woocommerce_thumbnail":["https:\/\/rms-enlinea.com.ar\/wp-content\/uploads\/2025\/06\/D_756770-MLA78202728567_082024-F-450x450.jpg",450,450,true],"woocommerce_single":["https:\/\/rms-enlinea.com.ar\/wp-content\/uploads\/2025\/06\/D_756770-MLA78202728567_082024-F-600x724.jpg",600,724,true],"woocommerce_gallery_thumbnail":["https:\/\/rms-enlinea.com.ar\/wp-content\/uploads\/2025\/06\/D_756770-MLA78202728567_082024-F-100x100.jpg",100,100,true]},"uagb_author_info":{"display_name":"l0071054","author_link":"https:\/\/rms-enlinea.com.ar\/tienda\/author\/"},"uagb_comment_info":0,"uagb_excerpt":"Tipo Administraci\u00f3n de cablesColor Negro\/RojoEAN 4718755075919N\u00ba de fabricante 9H.N1DGB.A2EEn\/sobre Soportes de mesaErgonom\u00eda Ajustable en altura s\u00edN\u00famero de dispositivos compatibles Para 1 DispositivoDimensiones Altura: 159 mmPeso 380 gramos","_links":{"self":[{"href":"https:\/\/rms-enlinea.com.ar\/tienda\/wp-json\/wp\/v2\/product\/13359","targetHints":{"allow":["GET"]}}],"collection":[{"href":"https:\/\/rms-enlinea.com.ar\/tienda\/wp-json\/wp\/v2\/product"}],"about":[{"href":"https:\/\/rms-enlinea.com.ar\/tienda\/wp-json\/wp\/v2\/types\/product"}],"replies":[{"embeddable":true,"href":"https:\/\/rms-enlinea.com.ar\/tienda\/wp-json\/wp\/v2\/comments?post=13359"}],"wp:featuredmedia":[{"embeddable":true,"href":"https:\/\/rms-enlinea.com.ar\/tienda\/wp-json\/wp\/v2\/media\/13360"}],"wp:attachment":[{"href":"https:\/\/rms-enlinea.com.ar\/tienda\/wp-json\/wp\/v2\/media?parent=13359"}],"wp:term":[{"taxonomy":"product_brand","embeddable":true,"href":"https:\/\/rms-enlinea.com.ar\/tienda\/wp-json\/wp\/v2\/product_brand?post=13359"},{"taxonomy":"product_cat","embeddable":true,"href":"https:\/\/rms-enlinea.com.ar\/tienda\/wp-json\/wp\/v2\/product_cat?post=13359"},{"taxonomy":"product_tag","embeddable":true,"href":"https:\/\/rms-enlinea.com.ar\/tienda\/wp-json\/wp\/v2\/product_tag?post=13359"}],"curies":[{"name":"wp","href":"https:\/\/api.w.org\/{rel}","templated":true}]}}