{"id":13390,"date":"2025-06-12T06:22:16","date_gmt":"2025-06-12T09:22:16","guid":{"rendered":"https:\/\/rms-enlinea.com.ar\/tienda\/producto\/mother-asrock-h610m-hdv-m-2-r2-0-intel-1700-ddr4\/"},"modified":"2026-04-17T12:20:17","modified_gmt":"2026-04-17T15:20:17","slug":"mother-asrock-h610m-hdv-m-2-r2-0-intel-1700-ddr4","status":"publish","type":"product","link":"https:\/\/rms-enlinea.com.ar\/tienda\/producto\/mother-asrock-h610m-hdv-m-2-r2-0-intel-1700-ddr4\/","title":{"rendered":"Mother Asrock H610m-hdv\/m.2 R2.0 Intel 1700 Ddr4"},"content":{"rendered":"<p>Con procesador<\/p>\n<p>No<br \/>Condici\u00f3n del \u00edtem<\/p>\n<p>Nuevo<br \/>Capacidad m\u00e1xima soportada de la memoria RAM<\/p>\n<p>64 GB<br \/>Modelo<\/p>\n<p>H610M-HDV\/M.2 R2.0<br \/>Socket<\/p>\n<p>1700<br \/>Tipo de memoria RAM<\/p>\n<p>DDR4<br \/>Marca<\/p>\n<p>ASRock<br \/>Chipsets<\/p>\n<p>H610<br \/>Plataforma<\/p>\n<p>Intel<br \/>Ranuras de expansi\u00f3n<\/p>\n<p>1 x PCIe 3.0 x1 Slot,1 x PCIe 4.0 x16 Slot<br \/>C\u00f3digo universal de producto<\/p>\n<p>4710483939914<br \/>Aplicaciones<\/p>\n<p>PC<\/p>\n","protected":false},"excerpt":{"rendered":"<p>Con procesador NoCondici\u00f3n del \u00edtem NuevoCapacidad m\u00e1xima soportada de la memoria RAM 64 GBModelo H610M-HDV\/M.2 R2.0Socket 1700Tipo de memoria RAM DDR4Marca ASRockChipsets H610Plataforma IntelRanuras de expansi\u00f3n 1 x PCIe 3.0 x1 Slot,1 x PCIe 4.0 x16 SlotC\u00f3digo universal de producto 4710483939914Aplicaciones PC<\/p>\n","protected":false},"featured_media":13386,"comment_status":"open","ping_status":"closed","template":"","meta":{"_uag_custom_page_level_css":""},"product_brand":[588],"product_cat":[115],"product_tag":[],"class_list":{"0":"post-13390","1":"product","2":"type-product","3":"status-publish","4":"has-post-thumbnail","6":"product_brand-asrock","7":"product_cat-mother","9":"first","10":"outofstock","11":"sale","12":"taxable","13":"shipping-taxable","14":"purchasable","15":"product-type-simple"},"uagb_featured_image_src":{"full":["https:\/\/rms-enlinea.com.ar\/wp-content\/uploads\/2025\/06\/D_950552-MLU73573990991_122023-F.jpg",1200,677,false],"thumbnail":["https:\/\/rms-enlinea.com.ar\/wp-content\/uploads\/2025\/06\/D_950552-MLU73573990991_122023-F-150x150.jpg",150,150,true],"medium":["https:\/\/rms-enlinea.com.ar\/wp-content\/uploads\/2025\/06\/D_950552-MLU73573990991_122023-F-300x169.jpg",300,169,true],"medium_large":["https:\/\/rms-enlinea.com.ar\/wp-content\/uploads\/2025\/06\/D_950552-MLU73573990991_122023-F-768x433.jpg",768,433,true],"large":["https:\/\/rms-enlinea.com.ar\/wp-content\/uploads\/2025\/06\/D_950552-MLU73573990991_122023-F-1024x578.jpg",1024,578,true],"1536x1536":["https:\/\/rms-enlinea.com.ar\/wp-content\/uploads\/2025\/06\/D_950552-MLU73573990991_122023-F.jpg",1200,677,false],"2048x2048":["https:\/\/rms-enlinea.com.ar\/wp-content\/uploads\/2025\/06\/D_950552-MLU73573990991_122023-F.jpg",1200,677,false],"woocommerce_thumbnail":["https:\/\/rms-enlinea.com.ar\/wp-content\/uploads\/2025\/06\/D_950552-MLU73573990991_122023-F-450x450.jpg",450,450,true],"woocommerce_single":["https:\/\/rms-enlinea.com.ar\/wp-content\/uploads\/2025\/06\/D_950552-MLU73573990991_122023-F-600x339.jpg",600,339,true],"woocommerce_gallery_thumbnail":["https:\/\/rms-enlinea.com.ar\/wp-content\/uploads\/2025\/06\/D_950552-MLU73573990991_122023-F-100x100.jpg",100,100,true]},"uagb_author_info":{"display_name":"l0071054","author_link":"https:\/\/rms-enlinea.com.ar\/tienda\/author\/"},"uagb_comment_info":0,"uagb_excerpt":"Con procesador NoCondici\u00f3n del \u00edtem NuevoCapacidad m\u00e1xima soportada de la memoria RAM 64 GBModelo H610M-HDV\/M.2 R2.0Socket 1700Tipo de memoria RAM DDR4Marca ASRockChipsets H610Plataforma IntelRanuras de expansi\u00f3n 1 x PCIe 3.0 x1 Slot,1 x PCIe 4.0 x16 SlotC\u00f3digo universal de producto 4710483939914Aplicaciones PC","_links":{"self":[{"href":"https:\/\/rms-enlinea.com.ar\/tienda\/wp-json\/wp\/v2\/product\/13390","targetHints":{"allow":["GET"]}}],"collection":[{"href":"https:\/\/rms-enlinea.com.ar\/tienda\/wp-json\/wp\/v2\/product"}],"about":[{"href":"https:\/\/rms-enlinea.com.ar\/tienda\/wp-json\/wp\/v2\/types\/product"}],"replies":[{"embeddable":true,"href":"https:\/\/rms-enlinea.com.ar\/tienda\/wp-json\/wp\/v2\/comments?post=13390"}],"wp:featuredmedia":[{"embeddable":true,"href":"https:\/\/rms-enlinea.com.ar\/tienda\/wp-json\/wp\/v2\/media\/13386"}],"wp:attachment":[{"href":"https:\/\/rms-enlinea.com.ar\/tienda\/wp-json\/wp\/v2\/media?parent=13390"}],"wp:term":[{"taxonomy":"product_brand","embeddable":true,"href":"https:\/\/rms-enlinea.com.ar\/tienda\/wp-json\/wp\/v2\/product_brand?post=13390"},{"taxonomy":"product_cat","embeddable":true,"href":"https:\/\/rms-enlinea.com.ar\/tienda\/wp-json\/wp\/v2\/product_cat?post=13390"},{"taxonomy":"product_tag","embeddable":true,"href":"https:\/\/rms-enlinea.com.ar\/tienda\/wp-json\/wp\/v2\/product_tag?post=13390"}],"curies":[{"name":"wp","href":"https:\/\/api.w.org\/{rel}","templated":true}]}}