{"id":13458,"date":"2025-06-12T06:23:47","date_gmt":"2025-06-12T09:23:47","guid":{"rendered":"https:\/\/rms-enlinea.com.ar\/tienda\/producto\/microprocesador-amd-ryzen-7-7700x-32mb-5-4-ghz-socket-am5\/"},"modified":"2026-04-06T11:37:31","modified_gmt":"2026-04-06T14:37:31","slug":"microprocesador-amd-ryzen-7-7700x-32mb-5-4-ghz-socket-am5","status":"publish","type":"product","link":"https:\/\/rms-enlinea.com.ar\/tienda\/producto\/microprocesador-amd-ryzen-7-7700x-32mb-5-4-ghz-socket-am5\/","title":{"rendered":"Microprocesador Amd Ryzen 7 7700x 32mb 5.4 Ghz Socket Am5"},"content":{"rendered":"<p>Clave en el rendimiento de tu computadora de escritorio, ya no ten\u00e9s que pensar en c\u00f3mo distribuir el tiempo y acciones porque ahora las tareas en simult\u00e1neo son posibles.<br \/>\nAMD cuenta con un cat\u00e1logo de productos que se adaptan a los requerimientos de todo tipo de usuarios: juegos en l\u00ednea, edici\u00f3n a gran escala, contenido en m\u00faltiples plataformas y m\u00e1s.<\/p>\n<p>N\u00facleos: el coraz\u00f3n del procesador<br \/>\nEn este producto, encontrar\u00e1s los n\u00facleos, que son los encargados de ejecutar las instrucciones y actividades que le asign\u00e1s a tu dispositivo. Estos tienen relaci\u00f3n directa con dos elementos: los hilos y el modelo. Por lo tanto, a la hora de elegir un procesador, es importante que valores los tres en su conjunto.<\/p>\n<p>M\u00e1xima potencia<br \/>\nAl estar desbloqueado, podr\u00e1s realizar overclocking y as\u00ed aumentar la frecuencia de funcionamiento y optimizar el rendimiento de tu equipo. Personalizalo a tu gusto y disfrut\u00e1 de tus videojuegos o hac\u00e9 que la renderizaci\u00f3n de im\u00e1genes sea m\u00e1s \u00e1gil. \u00a1Descubr\u00ed el abanico de posibilidades que esta funci\u00f3n te ofrece!<\/p>\n","protected":false},"excerpt":{"rendered":"<p>Clave en el rendimiento de tu computadora de escritorio, ya no ten\u00e9s que pensar en c\u00f3mo distribuir el tiempo y acciones porque ahora las tareas en simult\u00e1neo son posibles. AMD cuenta con un cat\u00e1logo de productos que se adaptan a los requerimientos de todo tipo de usuarios: juegos en l\u00ednea, edici\u00f3n a gran escala, contenido [&hellip;]<\/p>\n","protected":false},"featured_media":13459,"comment_status":"open","ping_status":"closed","template":"","meta":{"_uag_custom_page_level_css":""},"product_brand":[531],"product_cat":[121],"product_tag":[],"class_list":{"0":"post-13458","1":"product","2":"type-product","3":"status-publish","4":"has-post-thumbnail","6":"product_brand-amd","7":"product_cat-procesadores-computacion","9":"first","10":"instock","11":"sale","12":"taxable","13":"shipping-taxable","14":"purchasable","15":"product-type-simple"},"uagb_featured_image_src":{"full":["https:\/\/rms-enlinea.com.ar\/wp-content\/uploads\/2025\/06\/D_735385-MLA52321392659_112022-F.jpg",1025,1196,false],"thumbnail":["https:\/\/rms-enlinea.com.ar\/wp-content\/uploads\/2025\/06\/D_735385-MLA52321392659_112022-F-150x150.jpg",150,150,true],"medium":["https:\/\/rms-enlinea.com.ar\/wp-content\/uploads\/2025\/06\/D_735385-MLA52321392659_112022-F-257x300.jpg",257,300,true],"medium_large":["https:\/\/rms-enlinea.com.ar\/wp-content\/uploads\/2025\/06\/D_735385-MLA52321392659_112022-F-768x896.jpg",768,896,true],"large":["https:\/\/rms-enlinea.com.ar\/wp-content\/uploads\/2025\/06\/D_735385-MLA52321392659_112022-F-878x1024.jpg",878,1024,true],"1536x1536":["https:\/\/rms-enlinea.com.ar\/wp-content\/uploads\/2025\/06\/D_735385-MLA52321392659_112022-F.jpg",1025,1196,false],"2048x2048":["https:\/\/rms-enlinea.com.ar\/wp-content\/uploads\/2025\/06\/D_735385-MLA52321392659_112022-F.jpg",1025,1196,false],"woocommerce_thumbnail":["https:\/\/rms-enlinea.com.ar\/wp-content\/uploads\/2025\/06\/D_735385-MLA52321392659_112022-F-450x450.jpg",450,450,true],"woocommerce_single":["https:\/\/rms-enlinea.com.ar\/wp-content\/uploads\/2025\/06\/D_735385-MLA52321392659_112022-F-600x700.jpg",600,700,true],"woocommerce_gallery_thumbnail":["https:\/\/rms-enlinea.com.ar\/wp-content\/uploads\/2025\/06\/D_735385-MLA52321392659_112022-F-100x100.jpg",100,100,true]},"uagb_author_info":{"display_name":"l0071054","author_link":"https:\/\/rms-enlinea.com.ar\/tienda\/author\/"},"uagb_comment_info":0,"uagb_excerpt":"Clave en el rendimiento de tu computadora de escritorio, ya no ten\u00e9s que pensar en c\u00f3mo distribuir el tiempo y acciones porque ahora las tareas en simult\u00e1neo son posibles. AMD cuenta con un cat\u00e1logo de productos que se adaptan a los requerimientos de todo tipo de usuarios: juegos en l\u00ednea, edici\u00f3n a gran escala, contenido&hellip;","_links":{"self":[{"href":"https:\/\/rms-enlinea.com.ar\/tienda\/wp-json\/wp\/v2\/product\/13458","targetHints":{"allow":["GET"]}}],"collection":[{"href":"https:\/\/rms-enlinea.com.ar\/tienda\/wp-json\/wp\/v2\/product"}],"about":[{"href":"https:\/\/rms-enlinea.com.ar\/tienda\/wp-json\/wp\/v2\/types\/product"}],"replies":[{"embeddable":true,"href":"https:\/\/rms-enlinea.com.ar\/tienda\/wp-json\/wp\/v2\/comments?post=13458"}],"wp:featuredmedia":[{"embeddable":true,"href":"https:\/\/rms-enlinea.com.ar\/tienda\/wp-json\/wp\/v2\/media\/13459"}],"wp:attachment":[{"href":"https:\/\/rms-enlinea.com.ar\/tienda\/wp-json\/wp\/v2\/media?parent=13458"}],"wp:term":[{"taxonomy":"product_brand","embeddable":true,"href":"https:\/\/rms-enlinea.com.ar\/tienda\/wp-json\/wp\/v2\/product_brand?post=13458"},{"taxonomy":"product_cat","embeddable":true,"href":"https:\/\/rms-enlinea.com.ar\/tienda\/wp-json\/wp\/v2\/product_cat?post=13458"},{"taxonomy":"product_tag","embeddable":true,"href":"https:\/\/rms-enlinea.com.ar\/tienda\/wp-json\/wp\/v2\/product_tag?post=13458"}],"curies":[{"name":"wp","href":"https:\/\/api.w.org\/{rel}","templated":true}]}}