{"id":13532,"date":"2025-06-12T06:25:17","date_gmt":"2025-06-12T09:25:17","guid":{"rendered":"https:\/\/rms-enlinea.com.ar\/tienda\/producto\/parlantes-usb-para-pc-2-0-3w-x-2-luz-rgb-nisuta-nspau65\/"},"modified":"2026-04-06T12:49:52","modified_gmt":"2026-04-06T15:49:52","slug":"parlantes-usb-para-pc-2-0-3w-x-2-luz-rgb-nisuta-nspau65","status":"publish","type":"product","link":"https:\/\/rms-enlinea.com.ar\/tienda\/producto\/parlantes-usb-para-pc-2-0-3w-x-2-luz-rgb-nisuta-nspau65\/","title":{"rendered":"Parlantes Usb Para Pc 2.0 3w X 2 Luz Rgb Nisuta Nspau65"},"content":{"rendered":"<p>Nisuta NS-PAU65 ofrece un sonido natural, con una gran claridad y precisi\u00f3n, que se dispersa de manera uniforme. Un parlante que asegura potencia y calidad por igual en la reproducci\u00f3n de contenidos multimedia.<\/p>\n<p>Olvidate del amplificador<br \/>\nAl ser activo solo necesitar\u00e1s conectarlo a la fuente de sonido y el mismo equipo se encargar\u00e1 de amplificar y reproducir: ganar\u00e1s practicidad y espacio, ya que adem\u00e1s requiere menos cableado que uno pasivo. Es la soluci\u00f3n m\u00e1s conveniente si quer\u00e9s producir m\u00fasica en tu casa o en un estudio, y tambi\u00e9n para DJs.<\/p>\n<p>DESCRIPCI\u00d3N:<br \/>\nPOTENCIA DE SALIDA (RMS): 3WX2<br \/>\nFRECUENCIA: 30HZ~15KHZ<br \/>\nSEPARACI\u00d3N: =36DB<br \/>\nRELACI\u00d3N S\/R: =65DB B<br \/>\nALIMENTACI\u00d3N: USB\/5VDC<br \/>\nCON CONECTOR 3.5MM EST\u00c9REO<br \/>\nCANAL: 2.0<br \/>\nCON CONTROL DE VOLUMEN<br \/>\nCON LUZ LED<\/p>\n","protected":false},"excerpt":{"rendered":"<p>Nisuta NS-PAU65 ofrece un sonido natural, con una gran claridad y precisi\u00f3n, que se dispersa de manera uniforme. Un parlante que asegura potencia y calidad por igual en la reproducci\u00f3n de contenidos multimedia. Olvidate del amplificador Al ser activo solo necesitar\u00e1s conectarlo a la fuente de sonido y el mismo equipo se encargar\u00e1 de amplificar [&hellip;]<\/p>\n","protected":false},"featured_media":13533,"comment_status":"open","ping_status":"closed","template":"","meta":{"_uag_custom_page_level_css":""},"product_brand":[],"product_cat":[124],"product_tag":[],"class_list":{"0":"post-13532","1":"product","2":"type-product","3":"status-publish","4":"has-post-thumbnail","6":"product_cat-sistemas-de-sonido-parlantes","8":"first","9":"outofstock","10":"sale","11":"taxable","12":"shipping-taxable","13":"purchasable","14":"product-type-simple"},"uagb_featured_image_src":{"full":["https:\/\/rms-enlinea.com.ar\/wp-content\/uploads\/2025\/06\/D_871683-MLA70151578585_062023-F.jpg",914,500,false],"thumbnail":["https:\/\/rms-enlinea.com.ar\/wp-content\/uploads\/2025\/06\/D_871683-MLA70151578585_062023-F-150x150.jpg",150,150,true],"medium":["https:\/\/rms-enlinea.com.ar\/wp-content\/uploads\/2025\/06\/D_871683-MLA70151578585_062023-F-300x164.jpg",300,164,true],"medium_large":["https:\/\/rms-enlinea.com.ar\/wp-content\/uploads\/2025\/06\/D_871683-MLA70151578585_062023-F-768x420.jpg",768,420,true],"large":["https:\/\/rms-enlinea.com.ar\/wp-content\/uploads\/2025\/06\/D_871683-MLA70151578585_062023-F.jpg",914,500,false],"1536x1536":["https:\/\/rms-enlinea.com.ar\/wp-content\/uploads\/2025\/06\/D_871683-MLA70151578585_062023-F.jpg",914,500,false],"2048x2048":["https:\/\/rms-enlinea.com.ar\/wp-content\/uploads\/2025\/06\/D_871683-MLA70151578585_062023-F.jpg",914,500,false],"woocommerce_thumbnail":["https:\/\/rms-enlinea.com.ar\/wp-content\/uploads\/2025\/06\/D_871683-MLA70151578585_062023-F-450x450.jpg",450,450,true],"woocommerce_single":["https:\/\/rms-enlinea.com.ar\/wp-content\/uploads\/2025\/06\/D_871683-MLA70151578585_062023-F-600x328.jpg",600,328,true],"woocommerce_gallery_thumbnail":["https:\/\/rms-enlinea.com.ar\/wp-content\/uploads\/2025\/06\/D_871683-MLA70151578585_062023-F-100x100.jpg",100,100,true]},"uagb_author_info":{"display_name":"l0071054","author_link":"https:\/\/rms-enlinea.com.ar\/tienda\/author\/"},"uagb_comment_info":0,"uagb_excerpt":"Nisuta NS-PAU65 ofrece un sonido natural, con una gran claridad y precisi\u00f3n, que se dispersa de manera uniforme. Un parlante que asegura potencia y calidad por igual en la reproducci\u00f3n de contenidos multimedia. Olvidate del amplificador Al ser activo solo necesitar\u00e1s conectarlo a la fuente de sonido y el mismo equipo se encargar\u00e1 de amplificar&hellip;","_links":{"self":[{"href":"https:\/\/rms-enlinea.com.ar\/tienda\/wp-json\/wp\/v2\/product\/13532","targetHints":{"allow":["GET"]}}],"collection":[{"href":"https:\/\/rms-enlinea.com.ar\/tienda\/wp-json\/wp\/v2\/product"}],"about":[{"href":"https:\/\/rms-enlinea.com.ar\/tienda\/wp-json\/wp\/v2\/types\/product"}],"replies":[{"embeddable":true,"href":"https:\/\/rms-enlinea.com.ar\/tienda\/wp-json\/wp\/v2\/comments?post=13532"}],"wp:featuredmedia":[{"embeddable":true,"href":"https:\/\/rms-enlinea.com.ar\/tienda\/wp-json\/wp\/v2\/media\/13533"}],"wp:attachment":[{"href":"https:\/\/rms-enlinea.com.ar\/tienda\/wp-json\/wp\/v2\/media?parent=13532"}],"wp:term":[{"taxonomy":"product_brand","embeddable":true,"href":"https:\/\/rms-enlinea.com.ar\/tienda\/wp-json\/wp\/v2\/product_brand?post=13532"},{"taxonomy":"product_cat","embeddable":true,"href":"https:\/\/rms-enlinea.com.ar\/tienda\/wp-json\/wp\/v2\/product_cat?post=13532"},{"taxonomy":"product_tag","embeddable":true,"href":"https:\/\/rms-enlinea.com.ar\/tienda\/wp-json\/wp\/v2\/product_tag?post=13532"}],"curies":[{"name":"wp","href":"https:\/\/api.w.org\/{rel}","templated":true}]}}