{"id":13582,"date":"2025-06-12T06:26:39","date_gmt":"2025-06-12T09:26:39","guid":{"rendered":"https:\/\/rms-enlinea.com.ar\/tienda\/producto\/kit-x-8-esquineros-tapa-canto-madera-vidrio-rab-k3d-0075\/"},"modified":"2026-04-21T05:01:54","modified_gmt":"2026-04-21T08:01:54","slug":"kit-x-8-esquineros-tapa-canto-madera-vidrio-rab-k3d-0075","status":"publish","type":"product","link":"https:\/\/rms-enlinea.com.ar\/tienda\/producto\/kit-x-8-esquineros-tapa-canto-madera-vidrio-rab-k3d-0075\/","title":{"rendered":"Kit X 8 Esquineros Tapa Canto Madera Vidrio Rab K3d-0075"},"content":{"rendered":"<p>RAB-3D (By RMS-ENLINEA) <\/p>\n<p>Nace de la experiencia acumulada estos 10 a\u00f1os, en la venta de hardware para profesionales en la construcci\u00f3n de flights case, maletines, ba\u00fales, rack, etc.<br \/>Hoy queremos llevar ese conocimiento a otro nivel y gracias a la tecnolog\u00eda 3D, vamos a ser los pioneros en la construcci\u00f3n de este tipo de productos.<br \/>Esta tecnolog\u00eda permite hacer accesorios est\u00e1ndar, personalizados y lo m\u00e1s importante piezas que no existen. Podr\u00e1n ser utilizados<br \/>para el armado de productos LOW COST, prototipos, para hogare\u00f1os o profesionales, sin tener que hacer grandes inversiones. <\/p>\n<p>\/\/\/ Dise\u00f1os Personalizado? \/\/\/<\/p>\n<p>Si necesitas producir alg\u00fan tipo de accesorio en serie. Podes comunicarte con nosotros para su presupuesto !!!<\/p>\n<p>\/\/\/ Comprar un Dise\u00f1o? \/\/\/<\/p>\n<p>Si vos contas con una impresora 3D y queres comprar alguno de nuestros dise\u00f1os. Podes comunicarte con nosotros para su presupuesto !!! <\/p>\n<p>\/\/\/ Acabado del Producto Y Resistencia \/\/\/<\/p>\n<p>D\u00eda a d\u00eda tratamos de mejorar y pulir los detalles al m\u00e1ximo nivel. Los productos comercializado se entregan virgen como son terminados por la impresora.<br \/>Su terminaci\u00f3n y texturas pueden ser distintas a otras piezas pl\u00e1sticas con otros procesos de fabricaci\u00f3n, pero su durabilidad y calidad pueden ser iguales<br \/>o hasta mejor.<\/p>\n<p>&#8211; DESCRIPCION DEL PRODUCTO<\/p>\n<p>TIPO DE PRODUCTO: ESQUINERO <br \/>TIPO: PLANO<br \/>MATERIAL: PLASTICO<br \/>ACABADO: IMPRESION 3D<br \/>COLOR: NEGRO<br \/>ESPESOR: 1 MM<br \/>ESCUADRA INTEGRADA: NO<br \/>PASO PERFIL: NO<br \/>APILABLE: NO<\/p>\n","protected":false},"excerpt":{"rendered":"<p>RAB-3D (By RMS-ENLINEA) Nace de la experiencia acumulada estos 10 a\u00f1os, en la venta de hardware para profesionales en la construcci\u00f3n de flights case, maletines, ba\u00fales, rack, etc.Hoy queremos llevar ese conocimiento a otro nivel y gracias a la tecnolog\u00eda 3D, vamos a ser los pioneros en la construcci\u00f3n de este tipo de productos.Esta tecnolog\u00eda [&hellip;]<\/p>\n","protected":false},"featured_media":13583,"comment_status":"open","ping_status":"closed","template":"","meta":{"_uag_custom_page_level_css":""},"product_brand":[],"product_cat":[40],"product_tag":[],"class_list":{"0":"post-13582","1":"product","2":"type-product","3":"status-publish","4":"has-post-thumbnail","6":"product_cat-esquineros","8":"first","9":"outofstock","10":"sale","11":"taxable","12":"shipping-taxable","13":"purchasable","14":"product-type-simple"},"uagb_featured_image_src":{"full":["https:\/\/rms-enlinea.com.ar\/wp-content\/uploads\/2025\/06\/D_662934-MLA69861556149_062023-F.jpg",1171,1005,false],"thumbnail":["https:\/\/rms-enlinea.com.ar\/wp-content\/uploads\/2025\/06\/D_662934-MLA69861556149_062023-F-150x150.jpg",150,150,true],"medium":["https:\/\/rms-enlinea.com.ar\/wp-content\/uploads\/2025\/06\/D_662934-MLA69861556149_062023-F-300x257.jpg",300,257,true],"medium_large":["https:\/\/rms-enlinea.com.ar\/wp-content\/uploads\/2025\/06\/D_662934-MLA69861556149_062023-F-768x659.jpg",768,659,true],"large":["https:\/\/rms-enlinea.com.ar\/wp-content\/uploads\/2025\/06\/D_662934-MLA69861556149_062023-F-1024x879.jpg",1024,879,true],"1536x1536":["https:\/\/rms-enlinea.com.ar\/wp-content\/uploads\/2025\/06\/D_662934-MLA69861556149_062023-F.jpg",1171,1005,false],"2048x2048":["https:\/\/rms-enlinea.com.ar\/wp-content\/uploads\/2025\/06\/D_662934-MLA69861556149_062023-F.jpg",1171,1005,false],"woocommerce_thumbnail":["https:\/\/rms-enlinea.com.ar\/wp-content\/uploads\/2025\/06\/D_662934-MLA69861556149_062023-F-450x450.jpg",450,450,true],"woocommerce_single":["https:\/\/rms-enlinea.com.ar\/wp-content\/uploads\/2025\/06\/D_662934-MLA69861556149_062023-F-600x515.jpg",600,515,true],"woocommerce_gallery_thumbnail":["https:\/\/rms-enlinea.com.ar\/wp-content\/uploads\/2025\/06\/D_662934-MLA69861556149_062023-F-100x100.jpg",100,100,true]},"uagb_author_info":{"display_name":"l0071054","author_link":"https:\/\/rms-enlinea.com.ar\/tienda\/author\/"},"uagb_comment_info":0,"uagb_excerpt":"RAB-3D (By RMS-ENLINEA) Nace de la experiencia acumulada estos 10 a\u00f1os, en la venta de hardware para profesionales en la construcci\u00f3n de flights case, maletines, ba\u00fales, rack, etc.Hoy queremos llevar ese conocimiento a otro nivel y gracias a la tecnolog\u00eda 3D, vamos a ser los pioneros en la construcci\u00f3n de este tipo de productos.Esta tecnolog\u00eda&hellip;","_links":{"self":[{"href":"https:\/\/rms-enlinea.com.ar\/tienda\/wp-json\/wp\/v2\/product\/13582","targetHints":{"allow":["GET"]}}],"collection":[{"href":"https:\/\/rms-enlinea.com.ar\/tienda\/wp-json\/wp\/v2\/product"}],"about":[{"href":"https:\/\/rms-enlinea.com.ar\/tienda\/wp-json\/wp\/v2\/types\/product"}],"replies":[{"embeddable":true,"href":"https:\/\/rms-enlinea.com.ar\/tienda\/wp-json\/wp\/v2\/comments?post=13582"}],"wp:featuredmedia":[{"embeddable":true,"href":"https:\/\/rms-enlinea.com.ar\/tienda\/wp-json\/wp\/v2\/media\/13583"}],"wp:attachment":[{"href":"https:\/\/rms-enlinea.com.ar\/tienda\/wp-json\/wp\/v2\/media?parent=13582"}],"wp:term":[{"taxonomy":"product_brand","embeddable":true,"href":"https:\/\/rms-enlinea.com.ar\/tienda\/wp-json\/wp\/v2\/product_brand?post=13582"},{"taxonomy":"product_cat","embeddable":true,"href":"https:\/\/rms-enlinea.com.ar\/tienda\/wp-json\/wp\/v2\/product_cat?post=13582"},{"taxonomy":"product_tag","embeddable":true,"href":"https:\/\/rms-enlinea.com.ar\/tienda\/wp-json\/wp\/v2\/product_tag?post=13582"}],"curies":[{"name":"wp","href":"https:\/\/api.w.org\/{rel}","templated":true}]}}