{"id":13601,"date":"2025-06-12T06:27:07","date_gmt":"2025-06-12T09:27:07","guid":{"rendered":"https:\/\/rms-enlinea.com.ar\/tienda\/producto\/cabezal-movil-beam-led-150w-e-lighting-13-gobos-astro-150b\/"},"modified":"2026-04-06T14:03:33","modified_gmt":"2026-04-06T17:03:33","slug":"cabezal-movil-beam-led-150w-e-lighting-13-gobos-astro-150b","status":"publish","type":"product","link":"https:\/\/rms-enlinea.com.ar\/tienda\/producto\/cabezal-movil-beam-led-150w-e-lighting-13-gobos-astro-150b\/","title":{"rendered":"Cabezal M\u00f3vil Beam Led 150w E-lighting 13 Gobos &#8211; Astro 150b"},"content":{"rendered":"<p>ASTRO-150B<br \/>Marca : E-LIGHTING &#8211; PRO<br \/>Categor\u00eda : Iluminaci\u00f3n<\/p>\n<p>L\u00e1mpara: Led de 150W blanco.<br \/>\u00c1ngulo de apertura: 3\u00b0.<br \/>Efectos: Cambios de color, Dimmer, Estrobo.<br \/>Modos de Comando: DMX, Auto, Sound, Maestro-Esclavo.<br \/>Cantidad de Canales: 10\/13 canales DMX.<br \/>Movimientos: PAN 270\u00b0 \/ TILT 540\u00b0.<br \/>Peso: 8Kg.<\/p>\n<p>Cabezales M\u00f3viles BEAM de alta potencia con excelente relaci\u00f3n precio-calidad.<br \/>Led de 150W Blanco de alta luminosidad.<br \/>Rueda de colores: 12 + blanco.<br \/>Rueda de gobos fijos: 13 + abierto con efecto Shake.<br \/>Prisma de 18 caras rotativo.<br \/>Foco lineal electr\u00f3nico.<br \/>Estrobo con velocidad variable de 1-20 flash\/seg.<br \/>Dimmer electr\u00f3nico 0-100%.<br \/>Ideales para shows, eventos sociales, discos, Dj, salones, etc.<\/p>\n","protected":false},"excerpt":{"rendered":"<p>ASTRO-150BMarca : E-LIGHTING &#8211; PROCategor\u00eda : Iluminaci\u00f3n L\u00e1mpara: Led de 150W blanco.\u00c1ngulo de apertura: 3\u00b0.Efectos: Cambios de color, Dimmer, Estrobo.Modos de Comando: DMX, Auto, Sound, Maestro-Esclavo.Cantidad de Canales: 10\/13 canales DMX.Movimientos: PAN 270\u00b0 \/ TILT 540\u00b0.Peso: 8Kg. Cabezales M\u00f3viles BEAM de alta potencia con excelente relaci\u00f3n precio-calidad.Led de 150W Blanco de alta luminosidad.Rueda de colores: [&hellip;]<\/p>\n","protected":false},"featured_media":13602,"comment_status":"open","ping_status":"closed","template":"","meta":{"_uag_custom_page_level_css":""},"product_brand":[],"product_cat":[84],"product_tag":[],"class_list":{"0":"post-13601","1":"product","2":"type-product","3":"status-publish","4":"has-post-thumbnail","6":"product_cat-cabezales-moviles","8":"first","9":"instock","10":"sale","11":"taxable","12":"shipping-taxable","13":"purchasable","14":"product-type-simple"},"uagb_featured_image_src":{"full":["https:\/\/rms-enlinea.com.ar\/wp-content\/uploads\/2025\/06\/D_634948-MLA71900480186_092023-F.jpg",500,705,false],"thumbnail":["https:\/\/rms-enlinea.com.ar\/wp-content\/uploads\/2025\/06\/D_634948-MLA71900480186_092023-F-150x150.jpg",150,150,true],"medium":["https:\/\/rms-enlinea.com.ar\/wp-content\/uploads\/2025\/06\/D_634948-MLA71900480186_092023-F-213x300.jpg",213,300,true],"medium_large":["https:\/\/rms-enlinea.com.ar\/wp-content\/uploads\/2025\/06\/D_634948-MLA71900480186_092023-F.jpg",500,705,false],"large":["https:\/\/rms-enlinea.com.ar\/wp-content\/uploads\/2025\/06\/D_634948-MLA71900480186_092023-F.jpg",500,705,false],"1536x1536":["https:\/\/rms-enlinea.com.ar\/wp-content\/uploads\/2025\/06\/D_634948-MLA71900480186_092023-F.jpg",500,705,false],"2048x2048":["https:\/\/rms-enlinea.com.ar\/wp-content\/uploads\/2025\/06\/D_634948-MLA71900480186_092023-F.jpg",500,705,false],"woocommerce_thumbnail":["https:\/\/rms-enlinea.com.ar\/wp-content\/uploads\/2025\/06\/D_634948-MLA71900480186_092023-F-450x450.jpg",450,450,true],"woocommerce_single":["https:\/\/rms-enlinea.com.ar\/wp-content\/uploads\/2025\/06\/D_634948-MLA71900480186_092023-F.jpg",500,705,false],"woocommerce_gallery_thumbnail":["https:\/\/rms-enlinea.com.ar\/wp-content\/uploads\/2025\/06\/D_634948-MLA71900480186_092023-F-100x100.jpg",100,100,true]},"uagb_author_info":{"display_name":"l0071054","author_link":"https:\/\/rms-enlinea.com.ar\/tienda\/author\/"},"uagb_comment_info":0,"uagb_excerpt":"ASTRO-150BMarca : E-LIGHTING &#8211; PROCategor\u00eda : Iluminaci\u00f3n L\u00e1mpara: Led de 150W blanco.\u00c1ngulo de apertura: 3\u00b0.Efectos: Cambios de color, Dimmer, Estrobo.Modos de Comando: DMX, Auto, Sound, Maestro-Esclavo.Cantidad de Canales: 10\/13 canales DMX.Movimientos: PAN 270\u00b0 \/ TILT 540\u00b0.Peso: 8Kg. Cabezales M\u00f3viles BEAM de alta potencia con excelente relaci\u00f3n precio-calidad.Led de 150W Blanco de alta luminosidad.Rueda de colores:&hellip;","_links":{"self":[{"href":"https:\/\/rms-enlinea.com.ar\/tienda\/wp-json\/wp\/v2\/product\/13601","targetHints":{"allow":["GET"]}}],"collection":[{"href":"https:\/\/rms-enlinea.com.ar\/tienda\/wp-json\/wp\/v2\/product"}],"about":[{"href":"https:\/\/rms-enlinea.com.ar\/tienda\/wp-json\/wp\/v2\/types\/product"}],"replies":[{"embeddable":true,"href":"https:\/\/rms-enlinea.com.ar\/tienda\/wp-json\/wp\/v2\/comments?post=13601"}],"wp:featuredmedia":[{"embeddable":true,"href":"https:\/\/rms-enlinea.com.ar\/tienda\/wp-json\/wp\/v2\/media\/13602"}],"wp:attachment":[{"href":"https:\/\/rms-enlinea.com.ar\/tienda\/wp-json\/wp\/v2\/media?parent=13601"}],"wp:term":[{"taxonomy":"product_brand","embeddable":true,"href":"https:\/\/rms-enlinea.com.ar\/tienda\/wp-json\/wp\/v2\/product_brand?post=13601"},{"taxonomy":"product_cat","embeddable":true,"href":"https:\/\/rms-enlinea.com.ar\/tienda\/wp-json\/wp\/v2\/product_cat?post=13601"},{"taxonomy":"product_tag","embeddable":true,"href":"https:\/\/rms-enlinea.com.ar\/tienda\/wp-json\/wp\/v2\/product_tag?post=13601"}],"curies":[{"name":"wp","href":"https:\/\/api.w.org\/{rel}","templated":true}]}}