{"id":13619,"date":"2025-06-12T06:27:25","date_gmt":"2025-06-12T09:27:25","guid":{"rendered":"https:\/\/rms-enlinea.com.ar\/tienda\/producto\/mouse-inalambrico-logitech-m650-4000dpi-910-006231\/"},"modified":"2026-04-06T14:30:13","modified_gmt":"2026-04-06T17:30:13","slug":"mouse-inalambrico-logitech-m650-4000dpi-910-006231","status":"publish","type":"product","link":"https:\/\/rms-enlinea.com.ar\/tienda\/producto\/mouse-inalambrico-logitech-m650-4000dpi-910-006231\/","title":{"rendered":"Mouse Inalambrico Logitech M650 4000dpi 910-006231"},"content":{"rendered":"<p>Dimensions<br \/>Signature M650 L<\/p>\n<p>Altura: 118,19 mm<br \/>Ancho: 65,63 mm<br \/>Profundidad: 41,52 mm<br \/>Peso: 111,2 g<br \/>Technical Specifications<br \/>Tecnolog\u00eda de sensor<\/p>\n<p>Tecnolog\u00eda de sensor: Seguimiento \u00f3ptico avanzado de Logitech<br \/>Valor nominal: 400 dpi<br \/>Valor m\u00e1ximo: Up to 4000<br \/>Botones<\/p>\n<p>N\u00famero de botones: 5 (click izquierdo\/derecho, retroceso\/avance, bot\u00f3n rueda con click de bot\u00f3n central)<br \/>Bater\u00eda<\/p>\n<p>Tipo de bater\u00edas: 1 bater\u00eda AA (incluida)<br \/>Duraci\u00f3n de la bater\u00eda con receptor USB Logi Bolt: Hasta 24 meses Depende del uso y del equipo.<br \/>Duraci\u00f3n de la bater\u00eda con Bluetooth: hasta 20 meses Depende del uso y del equipo.<br \/>Tipo de conexi\u00f3n<\/p>\n<p>Tipo de conexi\u00f3n: Receptor USB Logi Bolt<br \/>Tecnolog\u00eda Bluetooth de bajo consumo<br \/>Radio de acci\u00f3n inal\u00e1mbrico: Radio de acci\u00f3n inal\u00e1mbrico de 10 m El radio de acci\u00f3n inal\u00e1mbrico depende del entorno operativo y de la configuraci\u00f3n de dispositivos<br \/>Software opcional: Compatible con Logitech Options en macOS 10.14 o posteriores y Windows\u00ae 10, 11, Windows 10 o posteriores<\/p>\n<p>Sostenibilidad<\/p>\n<p>Pl\u00e1stico en blanco crudo: 26% de material reciclado posconsumo<br \/>Pl\u00e1stico en rosado: 26% de material reciclado posconsumo<br \/>Pl\u00e1stico en grafito: 64% de material reciclado posconsumo<\/p>\n","protected":false},"excerpt":{"rendered":"<p>DimensionsSignature M650 L Altura: 118,19 mmAncho: 65,63 mmProfundidad: 41,52 mmPeso: 111,2 gTechnical SpecificationsTecnolog\u00eda de sensor Tecnolog\u00eda de sensor: Seguimiento \u00f3ptico avanzado de LogitechValor nominal: 400 dpiValor m\u00e1ximo: Up to 4000Botones N\u00famero de botones: 5 (click izquierdo\/derecho, retroceso\/avance, bot\u00f3n rueda con click de bot\u00f3n central)Bater\u00eda Tipo de bater\u00edas: 1 bater\u00eda AA (incluida)Duraci\u00f3n de la bater\u00eda con [&hellip;]<\/p>\n","protected":false},"featured_media":13625,"comment_status":"open","ping_status":"closed","template":"","meta":{"_uag_custom_page_level_css":""},"product_brand":[549],"product_cat":[125],"product_tag":[],"class_list":{"0":"post-13619","1":"product","2":"type-product","3":"status-publish","4":"has-post-thumbnail","6":"product_brand-logitech","7":"product_cat-teclados-y-mouses","9":"first","10":"outofstock","11":"sale","12":"taxable","13":"shipping-taxable","14":"purchasable","15":"product-type-simple"},"uagb_featured_image_src":{"full":["https:\/\/rms-enlinea.com.ar\/wp-content\/uploads\/2025\/06\/D_884797-MLU76348126126_052024-F-1.jpg",522,927,false],"thumbnail":["https:\/\/rms-enlinea.com.ar\/wp-content\/uploads\/2025\/06\/D_884797-MLU76348126126_052024-F-1-150x150.jpg",150,150,true],"medium":["https:\/\/rms-enlinea.com.ar\/wp-content\/uploads\/2025\/06\/D_884797-MLU76348126126_052024-F-1-169x300.jpg",169,300,true],"medium_large":["https:\/\/rms-enlinea.com.ar\/wp-content\/uploads\/2025\/06\/D_884797-MLU76348126126_052024-F-1.jpg",522,927,false],"large":["https:\/\/rms-enlinea.com.ar\/wp-content\/uploads\/2025\/06\/D_884797-MLU76348126126_052024-F-1.jpg",522,927,false],"1536x1536":["https:\/\/rms-enlinea.com.ar\/wp-content\/uploads\/2025\/06\/D_884797-MLU76348126126_052024-F-1.jpg",522,927,false],"2048x2048":["https:\/\/rms-enlinea.com.ar\/wp-content\/uploads\/2025\/06\/D_884797-MLU76348126126_052024-F-1.jpg",522,927,false],"woocommerce_thumbnail":["https:\/\/rms-enlinea.com.ar\/wp-content\/uploads\/2025\/06\/D_884797-MLU76348126126_052024-F-1-450x450.jpg",450,450,true],"woocommerce_single":["https:\/\/rms-enlinea.com.ar\/wp-content\/uploads\/2025\/06\/D_884797-MLU76348126126_052024-F-1.jpg",522,927,false],"woocommerce_gallery_thumbnail":["https:\/\/rms-enlinea.com.ar\/wp-content\/uploads\/2025\/06\/D_884797-MLU76348126126_052024-F-1-100x100.jpg",100,100,true]},"uagb_author_info":{"display_name":"l0071054","author_link":"https:\/\/rms-enlinea.com.ar\/tienda\/author\/"},"uagb_comment_info":0,"uagb_excerpt":"DimensionsSignature M650 L Altura: 118,19 mmAncho: 65,63 mmProfundidad: 41,52 mmPeso: 111,2 gTechnical SpecificationsTecnolog\u00eda de sensor Tecnolog\u00eda de sensor: Seguimiento \u00f3ptico avanzado de LogitechValor nominal: 400 dpiValor m\u00e1ximo: Up to 4000Botones N\u00famero de botones: 5 (click izquierdo\/derecho, retroceso\/avance, bot\u00f3n rueda con click de bot\u00f3n central)Bater\u00eda Tipo de bater\u00edas: 1 bater\u00eda AA (incluida)Duraci\u00f3n de la bater\u00eda con&hellip;","_links":{"self":[{"href":"https:\/\/rms-enlinea.com.ar\/tienda\/wp-json\/wp\/v2\/product\/13619","targetHints":{"allow":["GET"]}}],"collection":[{"href":"https:\/\/rms-enlinea.com.ar\/tienda\/wp-json\/wp\/v2\/product"}],"about":[{"href":"https:\/\/rms-enlinea.com.ar\/tienda\/wp-json\/wp\/v2\/types\/product"}],"replies":[{"embeddable":true,"href":"https:\/\/rms-enlinea.com.ar\/tienda\/wp-json\/wp\/v2\/comments?post=13619"}],"wp:featuredmedia":[{"embeddable":true,"href":"https:\/\/rms-enlinea.com.ar\/tienda\/wp-json\/wp\/v2\/media\/13625"}],"wp:attachment":[{"href":"https:\/\/rms-enlinea.com.ar\/tienda\/wp-json\/wp\/v2\/media?parent=13619"}],"wp:term":[{"taxonomy":"product_brand","embeddable":true,"href":"https:\/\/rms-enlinea.com.ar\/tienda\/wp-json\/wp\/v2\/product_brand?post=13619"},{"taxonomy":"product_cat","embeddable":true,"href":"https:\/\/rms-enlinea.com.ar\/tienda\/wp-json\/wp\/v2\/product_cat?post=13619"},{"taxonomy":"product_tag","embeddable":true,"href":"https:\/\/rms-enlinea.com.ar\/tienda\/wp-json\/wp\/v2\/product_tag?post=13619"}],"curies":[{"name":"wp","href":"https:\/\/api.w.org\/{rel}","templated":true}]}}