{"id":13634,"date":"2025-06-12T06:27:39","date_gmt":"2025-06-12T09:27:39","guid":{"rendered":"https:\/\/rms-enlinea.com.ar\/tienda\/producto\/auricular-inalambrico-logitech-g535-pc-ps5-ps4-981-000971\/"},"modified":"2026-04-21T05:57:34","modified_gmt":"2026-04-21T08:57:34","slug":"auricular-inalambrico-logitech-g535-pc-ps5-ps4-981-000971","status":"publish","type":"product","link":"https:\/\/rms-enlinea.com.ar\/tienda\/producto\/auricular-inalambrico-logitech-g535-pc-ps5-ps4-981-000971\/","title":{"rendered":"Auricular Inalambrico Logitech G535 Pc Ps5 Ps4 981-000971"},"content":{"rendered":"<p>ESPECIFICACIONES F\u00cdSICAS<br \/>Peso: 236 g<\/p>\n<p>ESPECIFICACIONES T\u00c9CNICAS<br \/>Transductor: 40 mm<\/p>\n<p>Respuesta de frecuencia: 20Hz-20KHz<\/p>\n<p>Impedancia: 36 ohmios<\/p>\n<p>Sensibilidad: 87,5 dB SPL\/mW<\/p>\n<p>Toma de audio de 3,5 mm: Plug and Play<\/p>\n<p>Certificaci\u00f3n Discord: Comunicaciones n\u00edtidas<\/p>\n<p>MICR\u00d3FONO (VARILLA)<br \/>Patr\u00f3n de captaci\u00f3n: Cardioide (unidireccional)<\/p>\n<p>Respuesta de frecuencia: (100 Hz-10 kHz)<\/p>\n<p>Radio de acci\u00f3n inal\u00e1mbrico: Hasta 12 m<\/p>\n<p>Duraci\u00f3n de la bater\u00eda (recargable): 33 h 1Depende del uso y de los dispositivos. La duraci\u00f3n de la bater\u00eda se basa en un volumen de aud\u00edfonos configurado en 50%.<\/p>\n","protected":false},"excerpt":{"rendered":"<p>ESPECIFICACIONES F\u00cdSICASPeso: 236 g ESPECIFICACIONES T\u00c9CNICASTransductor: 40 mm Respuesta de frecuencia: 20Hz-20KHz Impedancia: 36 ohmios Sensibilidad: 87,5 dB SPL\/mW Toma de audio de 3,5 mm: Plug and Play Certificaci\u00f3n Discord: Comunicaciones n\u00edtidas MICR\u00d3FONO (VARILLA)Patr\u00f3n de captaci\u00f3n: Cardioide (unidireccional) Respuesta de frecuencia: (100 Hz-10 kHz) Radio de acci\u00f3n inal\u00e1mbrico: Hasta 12 m Duraci\u00f3n de la bater\u00eda [&hellip;]<\/p>\n","protected":false},"featured_media":13635,"comment_status":"open","ping_status":"closed","template":"","meta":{"_uag_custom_page_level_css":""},"product_brand":[549],"product_cat":[99],"product_tag":[],"class_list":{"0":"post-13634","1":"product","2":"type-product","3":"status-publish","4":"has-post-thumbnail","6":"product_brand-logitech","7":"product_cat-auriculares-computacion","9":"first","10":"outofstock","11":"sale","12":"taxable","13":"shipping-taxable","14":"purchasable","15":"product-type-simple"},"uagb_featured_image_src":{"full":["https:\/\/rms-enlinea.com.ar\/wp-content\/uploads\/2025\/06\/D_803449-MLC48893437431_012022-F.jpg",1162,1200,false],"thumbnail":["https:\/\/rms-enlinea.com.ar\/wp-content\/uploads\/2025\/06\/D_803449-MLC48893437431_012022-F-150x150.jpg",150,150,true],"medium":["https:\/\/rms-enlinea.com.ar\/wp-content\/uploads\/2025\/06\/D_803449-MLC48893437431_012022-F-291x300.jpg",291,300,true],"medium_large":["https:\/\/rms-enlinea.com.ar\/wp-content\/uploads\/2025\/06\/D_803449-MLC48893437431_012022-F-768x793.jpg",768,793,true],"large":["https:\/\/rms-enlinea.com.ar\/wp-content\/uploads\/2025\/06\/D_803449-MLC48893437431_012022-F-992x1024.jpg",992,1024,true],"1536x1536":["https:\/\/rms-enlinea.com.ar\/wp-content\/uploads\/2025\/06\/D_803449-MLC48893437431_012022-F.jpg",1162,1200,false],"2048x2048":["https:\/\/rms-enlinea.com.ar\/wp-content\/uploads\/2025\/06\/D_803449-MLC48893437431_012022-F.jpg",1162,1200,false],"woocommerce_thumbnail":["https:\/\/rms-enlinea.com.ar\/wp-content\/uploads\/2025\/06\/D_803449-MLC48893437431_012022-F-450x450.jpg",450,450,true],"woocommerce_single":["https:\/\/rms-enlinea.com.ar\/wp-content\/uploads\/2025\/06\/D_803449-MLC48893437431_012022-F-600x620.jpg",600,620,true],"woocommerce_gallery_thumbnail":["https:\/\/rms-enlinea.com.ar\/wp-content\/uploads\/2025\/06\/D_803449-MLC48893437431_012022-F-100x100.jpg",100,100,true]},"uagb_author_info":{"display_name":"l0071054","author_link":"https:\/\/rms-enlinea.com.ar\/tienda\/author\/"},"uagb_comment_info":0,"uagb_excerpt":"ESPECIFICACIONES F\u00cdSICASPeso: 236 g ESPECIFICACIONES T\u00c9CNICASTransductor: 40 mm Respuesta de frecuencia: 20Hz-20KHz Impedancia: 36 ohmios Sensibilidad: 87,5 dB SPL\/mW Toma de audio de 3,5 mm: Plug and Play Certificaci\u00f3n Discord: Comunicaciones n\u00edtidas MICR\u00d3FONO (VARILLA)Patr\u00f3n de captaci\u00f3n: Cardioide (unidireccional) Respuesta de frecuencia: (100 Hz-10 kHz) Radio de acci\u00f3n inal\u00e1mbrico: Hasta 12 m Duraci\u00f3n de la bater\u00eda&hellip;","_links":{"self":[{"href":"https:\/\/rms-enlinea.com.ar\/tienda\/wp-json\/wp\/v2\/product\/13634","targetHints":{"allow":["GET"]}}],"collection":[{"href":"https:\/\/rms-enlinea.com.ar\/tienda\/wp-json\/wp\/v2\/product"}],"about":[{"href":"https:\/\/rms-enlinea.com.ar\/tienda\/wp-json\/wp\/v2\/types\/product"}],"replies":[{"embeddable":true,"href":"https:\/\/rms-enlinea.com.ar\/tienda\/wp-json\/wp\/v2\/comments?post=13634"}],"wp:featuredmedia":[{"embeddable":true,"href":"https:\/\/rms-enlinea.com.ar\/tienda\/wp-json\/wp\/v2\/media\/13635"}],"wp:attachment":[{"href":"https:\/\/rms-enlinea.com.ar\/tienda\/wp-json\/wp\/v2\/media?parent=13634"}],"wp:term":[{"taxonomy":"product_brand","embeddable":true,"href":"https:\/\/rms-enlinea.com.ar\/tienda\/wp-json\/wp\/v2\/product_brand?post=13634"},{"taxonomy":"product_cat","embeddable":true,"href":"https:\/\/rms-enlinea.com.ar\/tienda\/wp-json\/wp\/v2\/product_cat?post=13634"},{"taxonomy":"product_tag","embeddable":true,"href":"https:\/\/rms-enlinea.com.ar\/tienda\/wp-json\/wp\/v2\/product_tag?post=13634"}],"curies":[{"name":"wp","href":"https:\/\/api.w.org\/{rel}","templated":true}]}}