{"id":13687,"date":"2025-06-12T06:28:59","date_gmt":"2025-06-12T09:28:59","guid":{"rendered":"https:\/\/rms-enlinea.com.ar\/tienda\/producto\/kit-x-110-switch-gateron-g-pro-red-ducky-dsk110-rpa3\/"},"modified":"2026-05-04T09:38:58","modified_gmt":"2026-05-04T12:38:58","slug":"kit-x-110-switch-gateron-g-pro-red-ducky-dsk110-rpa3","status":"publish","type":"product","link":"https:\/\/rms-enlinea.com.ar\/tienda\/producto\/kit-x-110-switch-gateron-g-pro-red-ducky-dsk110-rpa3\/","title":{"rendered":"Kit X 110 Switch Gateron G Pro Red Ducky Dsk110-rpa3"},"content":{"rendered":"<p>El producto SWITCH KIT DUCKY GATERON G PRO RED DSK110-RPA3 es un kit de interruptores mec\u00e1nicos dise\u00f1ado para teclados mec\u00e1nicos personalizados o para reparar teclados existentes. Los interruptores Gateron G Pro Red son conocidos por ser suaves y lineales, ideales para una escritura r\u00e1pida y agradable. Este kit incluye 10 interruptores Gateron G Pro Red para que puedas reemplazar los interruptores de tu teclado o para construir tu propio teclado personalizado. Los interruptores mec\u00e1nicos como estos suelen tener una mayor durabilidad y capacidad de respuesta que los interruptores de membrana tradicionales<\/p>\n","protected":false},"excerpt":{"rendered":"<p>El producto SWITCH KIT DUCKY GATERON G PRO RED DSK110-RPA3 es un kit de interruptores mec\u00e1nicos dise\u00f1ado para teclados mec\u00e1nicos personalizados o para reparar teclados existentes. Los interruptores Gateron G Pro Red son conocidos por ser suaves y lineales, ideales para una escritura r\u00e1pida y agradable. Este kit incluye 10 interruptores Gateron G Pro Red [&hellip;]<\/p>\n","protected":false},"featured_media":13688,"comment_status":"open","ping_status":"closed","template":"","meta":{"_uag_custom_page_level_css":""},"product_brand":[576],"product_cat":[125],"product_tag":[],"class_list":{"0":"post-13687","1":"product","2":"type-product","3":"status-publish","4":"has-post-thumbnail","6":"product_brand-ducky","7":"product_cat-teclados-y-mouses","9":"first","10":"outofstock","11":"sale","12":"taxable","13":"shipping-taxable","14":"purchasable","15":"product-type-simple"},"uagb_featured_image_src":{"full":["https:\/\/rms-enlinea.com.ar\/wp-content\/uploads\/2025\/06\/D_816397-MLA78230767737_082024-F.jpg",746,1200,false],"thumbnail":["https:\/\/rms-enlinea.com.ar\/wp-content\/uploads\/2025\/06\/D_816397-MLA78230767737_082024-F-150x150.jpg",150,150,true],"medium":["https:\/\/rms-enlinea.com.ar\/wp-content\/uploads\/2025\/06\/D_816397-MLA78230767737_082024-F-187x300.jpg",187,300,true],"medium_large":["https:\/\/rms-enlinea.com.ar\/wp-content\/uploads\/2025\/06\/D_816397-MLA78230767737_082024-F.jpg",746,1200,false],"large":["https:\/\/rms-enlinea.com.ar\/wp-content\/uploads\/2025\/06\/D_816397-MLA78230767737_082024-F-637x1024.jpg",637,1024,true],"1536x1536":["https:\/\/rms-enlinea.com.ar\/wp-content\/uploads\/2025\/06\/D_816397-MLA78230767737_082024-F.jpg",746,1200,false],"2048x2048":["https:\/\/rms-enlinea.com.ar\/wp-content\/uploads\/2025\/06\/D_816397-MLA78230767737_082024-F.jpg",746,1200,false],"woocommerce_thumbnail":["https:\/\/rms-enlinea.com.ar\/wp-content\/uploads\/2025\/06\/D_816397-MLA78230767737_082024-F-450x450.jpg",450,450,true],"woocommerce_single":["https:\/\/rms-enlinea.com.ar\/wp-content\/uploads\/2025\/06\/D_816397-MLA78230767737_082024-F-600x965.jpg",600,965,true],"woocommerce_gallery_thumbnail":["https:\/\/rms-enlinea.com.ar\/wp-content\/uploads\/2025\/06\/D_816397-MLA78230767737_082024-F-100x100.jpg",100,100,true]},"uagb_author_info":{"display_name":"l0071054","author_link":"https:\/\/rms-enlinea.com.ar\/tienda\/author\/"},"uagb_comment_info":0,"uagb_excerpt":"El producto SWITCH KIT DUCKY GATERON G PRO RED DSK110-RPA3 es un kit de interruptores mec\u00e1nicos dise\u00f1ado para teclados mec\u00e1nicos personalizados o para reparar teclados existentes. Los interruptores Gateron G Pro Red son conocidos por ser suaves y lineales, ideales para una escritura r\u00e1pida y agradable. Este kit incluye 10 interruptores Gateron G Pro Red&hellip;","_links":{"self":[{"href":"https:\/\/rms-enlinea.com.ar\/tienda\/wp-json\/wp\/v2\/product\/13687","targetHints":{"allow":["GET"]}}],"collection":[{"href":"https:\/\/rms-enlinea.com.ar\/tienda\/wp-json\/wp\/v2\/product"}],"about":[{"href":"https:\/\/rms-enlinea.com.ar\/tienda\/wp-json\/wp\/v2\/types\/product"}],"replies":[{"embeddable":true,"href":"https:\/\/rms-enlinea.com.ar\/tienda\/wp-json\/wp\/v2\/comments?post=13687"}],"wp:featuredmedia":[{"embeddable":true,"href":"https:\/\/rms-enlinea.com.ar\/tienda\/wp-json\/wp\/v2\/media\/13688"}],"wp:attachment":[{"href":"https:\/\/rms-enlinea.com.ar\/tienda\/wp-json\/wp\/v2\/media?parent=13687"}],"wp:term":[{"taxonomy":"product_brand","embeddable":true,"href":"https:\/\/rms-enlinea.com.ar\/tienda\/wp-json\/wp\/v2\/product_brand?post=13687"},{"taxonomy":"product_cat","embeddable":true,"href":"https:\/\/rms-enlinea.com.ar\/tienda\/wp-json\/wp\/v2\/product_cat?post=13687"},{"taxonomy":"product_tag","embeddable":true,"href":"https:\/\/rms-enlinea.com.ar\/tienda\/wp-json\/wp\/v2\/product_tag?post=13687"}],"curies":[{"name":"wp","href":"https:\/\/api.w.org\/{rel}","templated":true}]}}