{"id":13723,"date":"2025-06-12T06:29:43","date_gmt":"2025-06-12T09:29:43","guid":{"rendered":"https:\/\/rms-enlinea.com.ar\/tienda\/producto\/procesador-amd-ryzen-9-7950x-5-7ghz-64mb-am5-c-graficos\/"},"modified":"2026-04-21T04:35:35","modified_gmt":"2026-04-21T07:35:35","slug":"procesador-amd-ryzen-9-7950x-5-7ghz-64mb-am5-c-graficos","status":"publish","type":"product","link":"https:\/\/rms-enlinea.com.ar\/tienda\/producto\/procesador-amd-ryzen-9-7950x-5-7ghz-64mb-am5-c-graficos\/","title":{"rendered":"Procesador Amd Ryzen 9 7950x 5.7ghz 64mb Am5 C\/graficos"},"content":{"rendered":"<p>ArquitecturaRAPHAEL<br \/>FamiliaAMD Ryzen 9<br \/>ModeloRyzen 9 7950X<br \/>SocketAM5<br \/>N\u00facleos16<br \/>Hilos32<br \/>Frecuencia Base4.50GHz<br \/>Frecuencia M\u00e1xima5.70GHz<br \/>Memoria Cach\u00e9 L364MB<br \/>Overclock DesbloqueadoSI<br \/>Tipo de Memoria RAMDDR5<br \/>Velocidad M\u00e1x. de Memoria RAMDDR5-5200MHz<br \/>Cantidad M\u00e1x. de Memoria RAM128GB<br \/>Canales de Memoria RAMDual Channel<br \/>Versi\u00f3n de PCI ExpressPCIe 4.0<br \/>Cantidad M\u00e1x. de l\u00edneas PCI Express24<br \/>Gr\u00e1ficos IntegradosSI<br \/>Modelo de Gr\u00e1ficos IntegradosAMD Radeon Graphic<br \/>Frecuencia Base de Gr\u00e1ficos Integrados2200MHz<br \/>CPU Cooler IncluidoNO<br \/>Temperatura M\u00e1xima95\u00b0C<br \/>TDP170W<br \/>Litograf\u00edaTSMC 5nm FinFET<br \/>Iluminaci\u00f3nNO<\/p>\n","protected":false},"excerpt":{"rendered":"<p>ArquitecturaRAPHAELFamiliaAMD Ryzen 9ModeloRyzen 9 7950XSocketAM5N\u00facleos16Hilos32Frecuencia Base4.50GHzFrecuencia M\u00e1xima5.70GHzMemoria Cach\u00e9 L364MBOverclock DesbloqueadoSITipo de Memoria RAMDDR5Velocidad M\u00e1x. de Memoria RAMDDR5-5200MHzCantidad M\u00e1x. de Memoria RAM128GBCanales de Memoria RAMDual ChannelVersi\u00f3n de PCI ExpressPCIe 4.0Cantidad M\u00e1x. de l\u00edneas PCI Express24Gr\u00e1ficos IntegradosSIModelo de Gr\u00e1ficos IntegradosAMD Radeon GraphicFrecuencia Base de Gr\u00e1ficos Integrados2200MHzCPU Cooler IncluidoNOTemperatura M\u00e1xima95\u00b0CTDP170WLitograf\u00edaTSMC 5nm FinFETIluminaci\u00f3nNO<\/p>\n","protected":false},"featured_media":13724,"comment_status":"open","ping_status":"closed","template":"","meta":{"_uag_custom_page_level_css":""},"product_brand":[531],"product_cat":[121],"product_tag":[],"class_list":{"0":"post-13723","1":"product","2":"type-product","3":"status-publish","4":"has-post-thumbnail","6":"product_brand-amd","7":"product_cat-procesadores-computacion","9":"first","10":"outofstock","11":"sale","12":"taxable","13":"shipping-taxable","14":"purchasable","15":"product-type-simple"},"uagb_featured_image_src":{"full":["https:\/\/rms-enlinea.com.ar\/wp-content\/uploads\/2025\/06\/D_695992-MLA52735195222_122022-F.jpg",1200,1145,false],"thumbnail":["https:\/\/rms-enlinea.com.ar\/wp-content\/uploads\/2025\/06\/D_695992-MLA52735195222_122022-F-150x150.jpg",150,150,true],"medium":["https:\/\/rms-enlinea.com.ar\/wp-content\/uploads\/2025\/06\/D_695992-MLA52735195222_122022-F-300x286.jpg",300,286,true],"medium_large":["https:\/\/rms-enlinea.com.ar\/wp-content\/uploads\/2025\/06\/D_695992-MLA52735195222_122022-F-768x733.jpg",768,733,true],"large":["https:\/\/rms-enlinea.com.ar\/wp-content\/uploads\/2025\/06\/D_695992-MLA52735195222_122022-F-1024x977.jpg",1024,977,true],"1536x1536":["https:\/\/rms-enlinea.com.ar\/wp-content\/uploads\/2025\/06\/D_695992-MLA52735195222_122022-F.jpg",1200,1145,false],"2048x2048":["https:\/\/rms-enlinea.com.ar\/wp-content\/uploads\/2025\/06\/D_695992-MLA52735195222_122022-F.jpg",1200,1145,false],"woocommerce_thumbnail":["https:\/\/rms-enlinea.com.ar\/wp-content\/uploads\/2025\/06\/D_695992-MLA52735195222_122022-F-450x450.jpg",450,450,true],"woocommerce_single":["https:\/\/rms-enlinea.com.ar\/wp-content\/uploads\/2025\/06\/D_695992-MLA52735195222_122022-F-600x573.jpg",600,573,true],"woocommerce_gallery_thumbnail":["https:\/\/rms-enlinea.com.ar\/wp-content\/uploads\/2025\/06\/D_695992-MLA52735195222_122022-F-100x100.jpg",100,100,true]},"uagb_author_info":{"display_name":"l0071054","author_link":"https:\/\/rms-enlinea.com.ar\/tienda\/author\/"},"uagb_comment_info":0,"uagb_excerpt":"ArquitecturaRAPHAELFamiliaAMD Ryzen 9ModeloRyzen 9 7950XSocketAM5N\u00facleos16Hilos32Frecuencia Base4.50GHzFrecuencia M\u00e1xima5.70GHzMemoria Cach\u00e9 L364MBOverclock DesbloqueadoSITipo de Memoria RAMDDR5Velocidad M\u00e1x. de Memoria RAMDDR5-5200MHzCantidad M\u00e1x. de Memoria RAM128GBCanales de Memoria RAMDual ChannelVersi\u00f3n de PCI ExpressPCIe 4.0Cantidad M\u00e1x. de l\u00edneas PCI Express24Gr\u00e1ficos IntegradosSIModelo de Gr\u00e1ficos IntegradosAMD Radeon GraphicFrecuencia Base de Gr\u00e1ficos Integrados2200MHzCPU Cooler IncluidoNOTemperatura M\u00e1xima95\u00b0CTDP170WLitograf\u00edaTSMC 5nm FinFETIluminaci\u00f3nNO","_links":{"self":[{"href":"https:\/\/rms-enlinea.com.ar\/tienda\/wp-json\/wp\/v2\/product\/13723","targetHints":{"allow":["GET"]}}],"collection":[{"href":"https:\/\/rms-enlinea.com.ar\/tienda\/wp-json\/wp\/v2\/product"}],"about":[{"href":"https:\/\/rms-enlinea.com.ar\/tienda\/wp-json\/wp\/v2\/types\/product"}],"replies":[{"embeddable":true,"href":"https:\/\/rms-enlinea.com.ar\/tienda\/wp-json\/wp\/v2\/comments?post=13723"}],"wp:featuredmedia":[{"embeddable":true,"href":"https:\/\/rms-enlinea.com.ar\/tienda\/wp-json\/wp\/v2\/media\/13724"}],"wp:attachment":[{"href":"https:\/\/rms-enlinea.com.ar\/tienda\/wp-json\/wp\/v2\/media?parent=13723"}],"wp:term":[{"taxonomy":"product_brand","embeddable":true,"href":"https:\/\/rms-enlinea.com.ar\/tienda\/wp-json\/wp\/v2\/product_brand?post=13723"},{"taxonomy":"product_cat","embeddable":true,"href":"https:\/\/rms-enlinea.com.ar\/tienda\/wp-json\/wp\/v2\/product_cat?post=13723"},{"taxonomy":"product_tag","embeddable":true,"href":"https:\/\/rms-enlinea.com.ar\/tienda\/wp-json\/wp\/v2\/product_tag?post=13723"}],"curies":[{"name":"wp","href":"https:\/\/api.w.org\/{rel}","templated":true}]}}