{"id":13766,"date":"2025-06-12T06:30:44","date_gmt":"2025-06-12T09:30:44","guid":{"rendered":"https:\/\/rms-enlinea.com.ar\/tienda\/producto\/laser-rgb-potencia-de-1w-audio-auto-dmx-tecshow-lz1\/"},"modified":"2026-05-04T12:16:55","modified_gmt":"2026-05-04T15:16:55","slug":"laser-rgb-potencia-de-1w-audio-auto-dmx-tecshow-lz1","status":"publish","type":"product","link":"https:\/\/rms-enlinea.com.ar\/tienda\/producto\/laser-rgb-potencia-de-1w-audio-auto-dmx-tecshow-lz1\/","title":{"rendered":"Laser Rgb Potencia De 1w Audio Auto Dmx Tecshow Lz1"},"content":{"rendered":"<p>Fuente &amp; \u00d3ptica<br \/>\nL\u00e1ser rojo: 200mW \/ 638 nm L\u00e1ser verde: 80mW \/ 520nm L\u00e1ser azul: 150mW \/ 450nm \u00c1ngulo de escaneo: \u00b130\u00b0<br \/>\nEfectos y Funciones<br \/>\nMezcla de color: RGB<br \/>\nControl<br \/>\nModos de operaci\u00f3n: DMX, audio r\u00edtmico &amp; autom\u00e1tico<br \/>\nF\u00edsico<br \/>\nConectores DMX: Conectores XLR (XLR-3 de entrada &amp; salida) Dimensiones: 130x190x90mm.<\/p>\n","protected":false},"excerpt":{"rendered":"<p>Fuente &amp; \u00d3ptica L\u00e1ser rojo: 200mW \/ 638 nm L\u00e1ser verde: 80mW \/ 520nm L\u00e1ser azul: 150mW \/ 450nm \u00c1ngulo de escaneo: \u00b130\u00b0 Efectos y Funciones Mezcla de color: RGB Control Modos de operaci\u00f3n: DMX, audio r\u00edtmico &amp; autom\u00e1tico F\u00edsico Conectores DMX: Conectores XLR (XLR-3 de entrada &amp; salida) Dimensiones: 130x190x90mm.<\/p>\n","protected":false},"featured_media":13767,"comment_status":"open","ping_status":"closed","template":"","meta":{"_uag_custom_page_level_css":""},"product_brand":[],"product_cat":[94],"product_tag":[],"class_list":{"0":"post-13766","1":"product","2":"type-product","3":"status-publish","4":"has-post-thumbnail","6":"product_cat-laser","8":"first","9":"instock","10":"sale","11":"taxable","12":"shipping-taxable","13":"purchasable","14":"product-type-simple"},"uagb_featured_image_src":{"full":["https:\/\/rms-enlinea.com.ar\/wp-content\/uploads\/2025\/06\/D_825320-MLA82899577361_032025-F.jpg",603,558,false],"thumbnail":["https:\/\/rms-enlinea.com.ar\/wp-content\/uploads\/2025\/06\/D_825320-MLA82899577361_032025-F-150x150.jpg",150,150,true],"medium":["https:\/\/rms-enlinea.com.ar\/wp-content\/uploads\/2025\/06\/D_825320-MLA82899577361_032025-F-300x278.jpg",300,278,true],"medium_large":["https:\/\/rms-enlinea.com.ar\/wp-content\/uploads\/2025\/06\/D_825320-MLA82899577361_032025-F.jpg",603,558,false],"large":["https:\/\/rms-enlinea.com.ar\/wp-content\/uploads\/2025\/06\/D_825320-MLA82899577361_032025-F.jpg",603,558,false],"1536x1536":["https:\/\/rms-enlinea.com.ar\/wp-content\/uploads\/2025\/06\/D_825320-MLA82899577361_032025-F.jpg",603,558,false],"2048x2048":["https:\/\/rms-enlinea.com.ar\/wp-content\/uploads\/2025\/06\/D_825320-MLA82899577361_032025-F.jpg",603,558,false],"woocommerce_thumbnail":["https:\/\/rms-enlinea.com.ar\/wp-content\/uploads\/2025\/06\/D_825320-MLA82899577361_032025-F-450x450.jpg",450,450,true],"woocommerce_single":["https:\/\/rms-enlinea.com.ar\/wp-content\/uploads\/2025\/06\/D_825320-MLA82899577361_032025-F-600x555.jpg",600,555,true],"woocommerce_gallery_thumbnail":["https:\/\/rms-enlinea.com.ar\/wp-content\/uploads\/2025\/06\/D_825320-MLA82899577361_032025-F-100x100.jpg",100,100,true]},"uagb_author_info":{"display_name":"l0071054","author_link":"https:\/\/rms-enlinea.com.ar\/tienda\/author\/"},"uagb_comment_info":0,"uagb_excerpt":"Fuente &amp; \u00d3ptica L\u00e1ser rojo: 200mW \/ 638 nm L\u00e1ser verde: 80mW \/ 520nm L\u00e1ser azul: 150mW \/ 450nm \u00c1ngulo de escaneo: \u00b130\u00b0 Efectos y Funciones Mezcla de color: RGB Control Modos de operaci\u00f3n: DMX, audio r\u00edtmico &amp; autom\u00e1tico F\u00edsico Conectores DMX: Conectores XLR (XLR-3 de entrada &amp; salida) Dimensiones: 130x190x90mm.","_links":{"self":[{"href":"https:\/\/rms-enlinea.com.ar\/tienda\/wp-json\/wp\/v2\/product\/13766","targetHints":{"allow":["GET"]}}],"collection":[{"href":"https:\/\/rms-enlinea.com.ar\/tienda\/wp-json\/wp\/v2\/product"}],"about":[{"href":"https:\/\/rms-enlinea.com.ar\/tienda\/wp-json\/wp\/v2\/types\/product"}],"replies":[{"embeddable":true,"href":"https:\/\/rms-enlinea.com.ar\/tienda\/wp-json\/wp\/v2\/comments?post=13766"}],"wp:featuredmedia":[{"embeddable":true,"href":"https:\/\/rms-enlinea.com.ar\/tienda\/wp-json\/wp\/v2\/media\/13767"}],"wp:attachment":[{"href":"https:\/\/rms-enlinea.com.ar\/tienda\/wp-json\/wp\/v2\/media?parent=13766"}],"wp:term":[{"taxonomy":"product_brand","embeddable":true,"href":"https:\/\/rms-enlinea.com.ar\/tienda\/wp-json\/wp\/v2\/product_brand?post=13766"},{"taxonomy":"product_cat","embeddable":true,"href":"https:\/\/rms-enlinea.com.ar\/tienda\/wp-json\/wp\/v2\/product_cat?post=13766"},{"taxonomy":"product_tag","embeddable":true,"href":"https:\/\/rms-enlinea.com.ar\/tienda\/wp-json\/wp\/v2\/product_tag?post=13766"}],"curies":[{"name":"wp","href":"https:\/\/api.w.org\/{rel}","templated":true}]}}