{"id":13776,"date":"2025-06-12T06:30:52","date_gmt":"2025-06-12T09:30:52","guid":{"rendered":"https:\/\/rms-enlinea.com.ar\/tienda\/producto\/laser-rgbw-potencia-de-2w-auto-dmx-ilda-tecshow-lz2\/"},"modified":"2026-04-21T04:51:57","modified_gmt":"2026-04-21T07:51:57","slug":"laser-rgbw-potencia-de-2w-auto-dmx-ilda-tecshow-lz2","status":"publish","type":"product","link":"https:\/\/rms-enlinea.com.ar\/tienda\/producto\/laser-rgbw-potencia-de-2w-auto-dmx-ilda-tecshow-lz2\/","title":{"rendered":"Laser Rgbw Potencia De 2w Auto Dmx Ilda Tecshow Lz2"},"content":{"rendered":"<p>Fuente &amp; \u00d3ptica<br \/>\nPotencia: 2W L\u00e1ser rojo: 500mW \/ 638 nm L\u00e1ser verde: 500mW \/ 520nm L\u00e1ser azul: 1W \/ 450nm \u00c1ngulo de escaneo: \u00b130\u00b0<br \/>\nEfectos y Funciones<br \/>\nMezcla de color RGB<br \/>\nControl<br \/>\nModos de operaci\u00f3n: DMX, ILDA, audio r\u00edtmico &amp; autom\u00e1tico<br \/>\nF\u00edsico<br \/>\nConectores DMX: Conectores XLR (XLR-3 de entrada &amp; salida) Conector ILDA compatible: s\u00ed. Dimensiones: 240x190x90mm.<\/p>\n","protected":false},"excerpt":{"rendered":"<p>Fuente &amp; \u00d3ptica Potencia: 2W L\u00e1ser rojo: 500mW \/ 638 nm L\u00e1ser verde: 500mW \/ 520nm L\u00e1ser azul: 1W \/ 450nm \u00c1ngulo de escaneo: \u00b130\u00b0 Efectos y Funciones Mezcla de color RGB Control Modos de operaci\u00f3n: DMX, ILDA, audio r\u00edtmico &amp; autom\u00e1tico F\u00edsico Conectores DMX: Conectores XLR (XLR-3 de entrada &amp; salida) Conector ILDA compatible: [&hellip;]<\/p>\n","protected":false},"featured_media":13777,"comment_status":"open","ping_status":"closed","template":"","meta":{"_uag_custom_page_level_css":""},"product_brand":[],"product_cat":[94],"product_tag":[],"class_list":{"0":"post-13776","1":"product","2":"type-product","3":"status-publish","4":"has-post-thumbnail","6":"product_cat-laser","8":"first","9":"outofstock","10":"sale","11":"taxable","12":"shipping-taxable","13":"purchasable","14":"product-type-simple"},"uagb_featured_image_src":{"full":["https:\/\/rms-enlinea.com.ar\/wp-content\/uploads\/2025\/06\/D_673644-MLA82898963609_032025-F.jpg",830,519,false],"thumbnail":["https:\/\/rms-enlinea.com.ar\/wp-content\/uploads\/2025\/06\/D_673644-MLA82898963609_032025-F-150x150.jpg",150,150,true],"medium":["https:\/\/rms-enlinea.com.ar\/wp-content\/uploads\/2025\/06\/D_673644-MLA82898963609_032025-F-300x188.jpg",300,188,true],"medium_large":["https:\/\/rms-enlinea.com.ar\/wp-content\/uploads\/2025\/06\/D_673644-MLA82898963609_032025-F-768x480.jpg",768,480,true],"large":["https:\/\/rms-enlinea.com.ar\/wp-content\/uploads\/2025\/06\/D_673644-MLA82898963609_032025-F.jpg",830,519,false],"1536x1536":["https:\/\/rms-enlinea.com.ar\/wp-content\/uploads\/2025\/06\/D_673644-MLA82898963609_032025-F.jpg",830,519,false],"2048x2048":["https:\/\/rms-enlinea.com.ar\/wp-content\/uploads\/2025\/06\/D_673644-MLA82898963609_032025-F.jpg",830,519,false],"woocommerce_thumbnail":["https:\/\/rms-enlinea.com.ar\/wp-content\/uploads\/2025\/06\/D_673644-MLA82898963609_032025-F-450x450.jpg",450,450,true],"woocommerce_single":["https:\/\/rms-enlinea.com.ar\/wp-content\/uploads\/2025\/06\/D_673644-MLA82898963609_032025-F-600x375.jpg",600,375,true],"woocommerce_gallery_thumbnail":["https:\/\/rms-enlinea.com.ar\/wp-content\/uploads\/2025\/06\/D_673644-MLA82898963609_032025-F-100x100.jpg",100,100,true]},"uagb_author_info":{"display_name":"l0071054","author_link":"https:\/\/rms-enlinea.com.ar\/tienda\/author\/"},"uagb_comment_info":0,"uagb_excerpt":"Fuente &amp; \u00d3ptica Potencia: 2W L\u00e1ser rojo: 500mW \/ 638 nm L\u00e1ser verde: 500mW \/ 520nm L\u00e1ser azul: 1W \/ 450nm \u00c1ngulo de escaneo: \u00b130\u00b0 Efectos y Funciones Mezcla de color RGB Control Modos de operaci\u00f3n: DMX, ILDA, audio r\u00edtmico &amp; autom\u00e1tico F\u00edsico Conectores DMX: Conectores XLR (XLR-3 de entrada &amp; salida) Conector ILDA compatible:&hellip;","_links":{"self":[{"href":"https:\/\/rms-enlinea.com.ar\/tienda\/wp-json\/wp\/v2\/product\/13776","targetHints":{"allow":["GET"]}}],"collection":[{"href":"https:\/\/rms-enlinea.com.ar\/tienda\/wp-json\/wp\/v2\/product"}],"about":[{"href":"https:\/\/rms-enlinea.com.ar\/tienda\/wp-json\/wp\/v2\/types\/product"}],"replies":[{"embeddable":true,"href":"https:\/\/rms-enlinea.com.ar\/tienda\/wp-json\/wp\/v2\/comments?post=13776"}],"wp:featuredmedia":[{"embeddable":true,"href":"https:\/\/rms-enlinea.com.ar\/tienda\/wp-json\/wp\/v2\/media\/13777"}],"wp:attachment":[{"href":"https:\/\/rms-enlinea.com.ar\/tienda\/wp-json\/wp\/v2\/media?parent=13776"}],"wp:term":[{"taxonomy":"product_brand","embeddable":true,"href":"https:\/\/rms-enlinea.com.ar\/tienda\/wp-json\/wp\/v2\/product_brand?post=13776"},{"taxonomy":"product_cat","embeddable":true,"href":"https:\/\/rms-enlinea.com.ar\/tienda\/wp-json\/wp\/v2\/product_cat?post=13776"},{"taxonomy":"product_tag","embeddable":true,"href":"https:\/\/rms-enlinea.com.ar\/tienda\/wp-json\/wp\/v2\/product_tag?post=13776"}],"curies":[{"name":"wp","href":"https:\/\/api.w.org\/{rel}","templated":true}]}}