{"id":13795,"date":"2025-06-12T06:31:18","date_gmt":"2025-06-12T09:31:18","guid":{"rendered":"https:\/\/rms-enlinea.com.ar\/tienda\/producto\/kit-x-110-switch-kailh-brown-box-ducky-dsk110-bpa2\/"},"modified":"2026-02-20T22:28:00","modified_gmt":"2026-02-21T01:28:00","slug":"kit-x-110-switch-kailh-brown-box-ducky-dsk110-bpa2","status":"publish","type":"product","link":"https:\/\/rms-enlinea.com.ar\/tienda\/producto\/kit-x-110-switch-kailh-brown-box-ducky-dsk110-bpa2\/","title":{"rendered":"Kit X 110 Switch Kailh Brown Box Ducky Dsk110-bpa2"},"content":{"rendered":"<p>El producto SWITCH KIT DUCKY KAILH BOX WHITE DSK110-CPA2 es un kit de interruptores mec\u00e1nicos para teclados mec\u00e1nicos personalizados o para realizar cambios en teclados existentes. Los interruptores Kailh Box White son conocidos por ser t\u00e1ctiles y clicky, lo que significa que proporcionan una respuesta t\u00e1ctil distintiva y hacen un sonido de clic audible al presionarlos.<br \/>Estos interruptores son populares entre los entusiastas de los teclados mec\u00e1nicos por su sensaci\u00f3n t\u00e1ctil y su sonido caracter\u00edstico al escribir. Este kit de interruptores te permite experimentar con diferentes tipos de interruptores para encontrar el que mejor se adapte a tus preferencias de escritura y estilo de uso. \u00a1Es una excelente opci\u00f3n para personalizar tu experiencia de escritura en tu teclado mec\u00e1nico!<\/p>\n","protected":false},"excerpt":{"rendered":"<p>El producto SWITCH KIT DUCKY KAILH BOX WHITE DSK110-CPA2 es un kit de interruptores mec\u00e1nicos para teclados mec\u00e1nicos personalizados o para realizar cambios en teclados existentes. Los interruptores Kailh Box White son conocidos por ser t\u00e1ctiles y clicky, lo que significa que proporcionan una respuesta t\u00e1ctil distintiva y hacen un sonido de clic audible al [&hellip;]<\/p>\n","protected":false},"featured_media":13796,"comment_status":"open","ping_status":"closed","template":"","meta":{"_uag_custom_page_level_css":""},"product_brand":[576],"product_cat":[125],"product_tag":[],"class_list":{"0":"post-13795","1":"product","2":"type-product","3":"status-publish","4":"has-post-thumbnail","6":"product_brand-ducky","7":"product_cat-teclados-y-mouses","9":"first","10":"instock","11":"sale","12":"taxable","13":"shipping-taxable","14":"purchasable","15":"product-type-simple"},"uagb_featured_image_src":{"full":["https:\/\/rms-enlinea.com.ar\/wp-content\/uploads\/2025\/06\/D_632138-MLA78004948996_082024-F.jpg",743,1200,false],"thumbnail":["https:\/\/rms-enlinea.com.ar\/wp-content\/uploads\/2025\/06\/D_632138-MLA78004948996_082024-F-150x150.jpg",150,150,true],"medium":["https:\/\/rms-enlinea.com.ar\/wp-content\/uploads\/2025\/06\/D_632138-MLA78004948996_082024-F-186x300.jpg",186,300,true],"medium_large":["https:\/\/rms-enlinea.com.ar\/wp-content\/uploads\/2025\/06\/D_632138-MLA78004948996_082024-F.jpg",743,1200,false],"large":["https:\/\/rms-enlinea.com.ar\/wp-content\/uploads\/2025\/06\/D_632138-MLA78004948996_082024-F-634x1024.jpg",634,1024,true],"1536x1536":["https:\/\/rms-enlinea.com.ar\/wp-content\/uploads\/2025\/06\/D_632138-MLA78004948996_082024-F.jpg",743,1200,false],"2048x2048":["https:\/\/rms-enlinea.com.ar\/wp-content\/uploads\/2025\/06\/D_632138-MLA78004948996_082024-F.jpg",743,1200,false],"woocommerce_thumbnail":["https:\/\/rms-enlinea.com.ar\/wp-content\/uploads\/2025\/06\/D_632138-MLA78004948996_082024-F-450x450.jpg",450,450,true],"woocommerce_single":["https:\/\/rms-enlinea.com.ar\/wp-content\/uploads\/2025\/06\/D_632138-MLA78004948996_082024-F-600x969.jpg",600,969,true],"woocommerce_gallery_thumbnail":["https:\/\/rms-enlinea.com.ar\/wp-content\/uploads\/2025\/06\/D_632138-MLA78004948996_082024-F-100x100.jpg",100,100,true]},"uagb_author_info":{"display_name":"l0071054","author_link":"https:\/\/rms-enlinea.com.ar\/tienda\/author\/"},"uagb_comment_info":0,"uagb_excerpt":"El producto SWITCH KIT DUCKY KAILH BOX WHITE DSK110-CPA2 es un kit de interruptores mec\u00e1nicos para teclados mec\u00e1nicos personalizados o para realizar cambios en teclados existentes. Los interruptores Kailh Box White son conocidos por ser t\u00e1ctiles y clicky, lo que significa que proporcionan una respuesta t\u00e1ctil distintiva y hacen un sonido de clic audible al&hellip;","_links":{"self":[{"href":"https:\/\/rms-enlinea.com.ar\/tienda\/wp-json\/wp\/v2\/product\/13795","targetHints":{"allow":["GET"]}}],"collection":[{"href":"https:\/\/rms-enlinea.com.ar\/tienda\/wp-json\/wp\/v2\/product"}],"about":[{"href":"https:\/\/rms-enlinea.com.ar\/tienda\/wp-json\/wp\/v2\/types\/product"}],"replies":[{"embeddable":true,"href":"https:\/\/rms-enlinea.com.ar\/tienda\/wp-json\/wp\/v2\/comments?post=13795"}],"wp:featuredmedia":[{"embeddable":true,"href":"https:\/\/rms-enlinea.com.ar\/tienda\/wp-json\/wp\/v2\/media\/13796"}],"wp:attachment":[{"href":"https:\/\/rms-enlinea.com.ar\/tienda\/wp-json\/wp\/v2\/media?parent=13795"}],"wp:term":[{"taxonomy":"product_brand","embeddable":true,"href":"https:\/\/rms-enlinea.com.ar\/tienda\/wp-json\/wp\/v2\/product_brand?post=13795"},{"taxonomy":"product_cat","embeddable":true,"href":"https:\/\/rms-enlinea.com.ar\/tienda\/wp-json\/wp\/v2\/product_cat?post=13795"},{"taxonomy":"product_tag","embeddable":true,"href":"https:\/\/rms-enlinea.com.ar\/tienda\/wp-json\/wp\/v2\/product_tag?post=13795"}],"curies":[{"name":"wp","href":"https:\/\/api.w.org\/{rel}","templated":true}]}}