{"id":13803,"date":"2025-06-12T06:31:28","date_gmt":"2025-06-12T09:31:28","guid":{"rendered":"https:\/\/rms-enlinea.com.ar\/tienda\/producto\/ficha-conector-plug-recto-amphenol-acpm-gr\/"},"modified":"2026-04-21T06:35:30","modified_gmt":"2026-04-21T09:35:30","slug":"ficha-conector-plug-recto-amphenol-acpm-gr","status":"publish","type":"product","link":"https:\/\/rms-enlinea.com.ar\/tienda\/producto\/ficha-conector-plug-recto-amphenol-acpm-gr\/","title":{"rendered":"Ficha Conector Plug Recto Amphenol Acpm-gr"},"content":{"rendered":"<p>TIPO DE PRODUCTO: CONECTOR PLUG MONO<br \/>N\u00daMERO DE PINES 2<br \/>TIPO MACHO<br \/>DI\u00c1METRO DEL CABLE: 4-6 MM<br \/>TIPO DE CONEXI\u00d3N: SOLDADURA<br \/>TIPO DE CONTACTOS: NIQUEL<br \/>CARCASA: FUNDICION DE ZINC<br \/>ALIVIADOR DE TENSI\u00d3N <br \/>NORMA ROHS<\/p>\n","protected":false},"excerpt":{"rendered":"<p>TIPO DE PRODUCTO: CONECTOR PLUG MONON\u00daMERO DE PINES 2TIPO MACHODI\u00c1METRO DEL CABLE: 4-6 MMTIPO DE CONEXI\u00d3N: SOLDADURATIPO DE CONTACTOS: NIQUELCARCASA: FUNDICION DE ZINCALIVIADOR DE TENSI\u00d3N NORMA ROHS<\/p>\n","protected":false},"featured_media":13804,"comment_status":"open","ping_status":"closed","template":"","meta":{"_uag_custom_page_level_css":""},"product_brand":[487],"product_cat":[58,86],"product_tag":[],"class_list":{"0":"post-13803","1":"product","2":"type-product","3":"status-publish","4":"has-post-thumbnail","6":"product_brand-amphenol","7":"product_cat-conectores-fichas-y-adaptadores","8":"product_cat-onectores-fichas-y-adaptadores","10":"first","11":"outofstock","12":"sale","13":"taxable","14":"shipping-taxable","15":"purchasable","16":"product-type-simple"},"uagb_featured_image_src":{"full":["https:\/\/rms-enlinea.com.ar\/wp-content\/uploads\/2025\/06\/D_652307-MLA27096212187_032018-F.jpg",640,560,false],"thumbnail":["https:\/\/rms-enlinea.com.ar\/wp-content\/uploads\/2025\/06\/D_652307-MLA27096212187_032018-F-150x150.jpg",150,150,true],"medium":["https:\/\/rms-enlinea.com.ar\/wp-content\/uploads\/2025\/06\/D_652307-MLA27096212187_032018-F-300x263.jpg",300,263,true],"medium_large":["https:\/\/rms-enlinea.com.ar\/wp-content\/uploads\/2025\/06\/D_652307-MLA27096212187_032018-F.jpg",640,560,false],"large":["https:\/\/rms-enlinea.com.ar\/wp-content\/uploads\/2025\/06\/D_652307-MLA27096212187_032018-F.jpg",640,560,false],"1536x1536":["https:\/\/rms-enlinea.com.ar\/wp-content\/uploads\/2025\/06\/D_652307-MLA27096212187_032018-F.jpg",640,560,false],"2048x2048":["https:\/\/rms-enlinea.com.ar\/wp-content\/uploads\/2025\/06\/D_652307-MLA27096212187_032018-F.jpg",640,560,false],"woocommerce_thumbnail":["https:\/\/rms-enlinea.com.ar\/wp-content\/uploads\/2025\/06\/D_652307-MLA27096212187_032018-F-450x450.jpg",450,450,true],"woocommerce_single":["https:\/\/rms-enlinea.com.ar\/wp-content\/uploads\/2025\/06\/D_652307-MLA27096212187_032018-F-600x525.jpg",600,525,true],"woocommerce_gallery_thumbnail":["https:\/\/rms-enlinea.com.ar\/wp-content\/uploads\/2025\/06\/D_652307-MLA27096212187_032018-F-100x100.jpg",100,100,true]},"uagb_author_info":{"display_name":"l0071054","author_link":"https:\/\/rms-enlinea.com.ar\/tienda\/author\/"},"uagb_comment_info":0,"uagb_excerpt":"TIPO DE PRODUCTO: CONECTOR PLUG MONON\u00daMERO DE PINES 2TIPO MACHODI\u00c1METRO DEL CABLE: 4-6 MMTIPO DE CONEXI\u00d3N: SOLDADURATIPO DE CONTACTOS: NIQUELCARCASA: FUNDICION DE ZINCALIVIADOR DE TENSI\u00d3N NORMA ROHS","_links":{"self":[{"href":"https:\/\/rms-enlinea.com.ar\/tienda\/wp-json\/wp\/v2\/product\/13803","targetHints":{"allow":["GET"]}}],"collection":[{"href":"https:\/\/rms-enlinea.com.ar\/tienda\/wp-json\/wp\/v2\/product"}],"about":[{"href":"https:\/\/rms-enlinea.com.ar\/tienda\/wp-json\/wp\/v2\/types\/product"}],"replies":[{"embeddable":true,"href":"https:\/\/rms-enlinea.com.ar\/tienda\/wp-json\/wp\/v2\/comments?post=13803"}],"wp:featuredmedia":[{"embeddable":true,"href":"https:\/\/rms-enlinea.com.ar\/tienda\/wp-json\/wp\/v2\/media\/13804"}],"wp:attachment":[{"href":"https:\/\/rms-enlinea.com.ar\/tienda\/wp-json\/wp\/v2\/media?parent=13803"}],"wp:term":[{"taxonomy":"product_brand","embeddable":true,"href":"https:\/\/rms-enlinea.com.ar\/tienda\/wp-json\/wp\/v2\/product_brand?post=13803"},{"taxonomy":"product_cat","embeddable":true,"href":"https:\/\/rms-enlinea.com.ar\/tienda\/wp-json\/wp\/v2\/product_cat?post=13803"},{"taxonomy":"product_tag","embeddable":true,"href":"https:\/\/rms-enlinea.com.ar\/tienda\/wp-json\/wp\/v2\/product_tag?post=13803"}],"curies":[{"name":"wp","href":"https:\/\/api.w.org\/{rel}","templated":true}]}}