{"id":13844,"date":"2025-06-12T06:32:23","date_gmt":"2025-06-12T09:32:23","guid":{"rendered":"https:\/\/rms-enlinea.com.ar\/tienda\/producto\/auriculares-gaming-ttesports-shock-pro-rgb-7-1-digital-negro\/"},"modified":"2026-04-21T03:46:45","modified_gmt":"2026-04-21T06:46:45","slug":"auriculares-gaming-ttesports-shock-pro-rgb-7-1-digital-negro","status":"publish","type":"product","link":"https:\/\/rms-enlinea.com.ar\/tienda\/producto\/auriculares-gaming-ttesports-shock-pro-rgb-7-1-digital-negro\/","title":{"rendered":"Auriculares Gaming Ttesports Shock Pro Rgb 7.1 Digital Negro"},"content":{"rendered":"<p>Respuesta en frecuencia 20 Hz &#8211; 20 kHz<br \/>Es gamer S\u00ed<br \/>Es monoaural No<br \/>Es inal\u00e1mbrico No<br \/>L\u00ednea SHOCK<br \/>Modelo HT-SHK-DIECBK-25<br \/>Sensibilidad 3 dB<br \/>Embalaje del env\u00edo Caja<br \/>Con Bluetooth No<br \/>Con luz LED S\u00ed<br \/>Con micr\u00f3fono S\u00ed<br \/>Marca Thermaltake<br \/>Largo del cable 2.2 m<\/p>\n","protected":false},"excerpt":{"rendered":"<p>Respuesta en frecuencia 20 Hz &#8211; 20 kHzEs gamer S\u00edEs monoaural NoEs inal\u00e1mbrico NoL\u00ednea SHOCKModelo HT-SHK-DIECBK-25Sensibilidad 3 dBEmbalaje del env\u00edo CajaCon Bluetooth NoCon luz LED S\u00edCon micr\u00f3fono S\u00edMarca ThermaltakeLargo del cable 2.2 m<\/p>\n","protected":false},"featured_media":13845,"comment_status":"open","ping_status":"closed","template":"","meta":{"_uag_custom_page_level_css":""},"product_brand":[561],"product_cat":[99],"product_tag":[],"class_list":{"0":"post-13844","1":"product","2":"type-product","3":"status-publish","4":"has-post-thumbnail","6":"product_brand-thermaltake","7":"product_cat-auriculares-computacion","9":"first","10":"outofstock","11":"sale","12":"taxable","13":"shipping-taxable","14":"purchasable","15":"product-type-simple"},"uagb_featured_image_src":{"full":["https:\/\/rms-enlinea.com.ar\/wp-content\/uploads\/2025\/06\/D_818128-MLA82611055527_022025-F.jpg",859,1200,false],"thumbnail":["https:\/\/rms-enlinea.com.ar\/wp-content\/uploads\/2025\/06\/D_818128-MLA82611055527_022025-F-150x150.jpg",150,150,true],"medium":["https:\/\/rms-enlinea.com.ar\/wp-content\/uploads\/2025\/06\/D_818128-MLA82611055527_022025-F-215x300.jpg",215,300,true],"medium_large":["https:\/\/rms-enlinea.com.ar\/wp-content\/uploads\/2025\/06\/D_818128-MLA82611055527_022025-F-768x1073.jpg",768,1073,true],"large":["https:\/\/rms-enlinea.com.ar\/wp-content\/uploads\/2025\/06\/D_818128-MLA82611055527_022025-F-733x1024.jpg",733,1024,true],"1536x1536":["https:\/\/rms-enlinea.com.ar\/wp-content\/uploads\/2025\/06\/D_818128-MLA82611055527_022025-F.jpg",859,1200,false],"2048x2048":["https:\/\/rms-enlinea.com.ar\/wp-content\/uploads\/2025\/06\/D_818128-MLA82611055527_022025-F.jpg",859,1200,false],"woocommerce_thumbnail":["https:\/\/rms-enlinea.com.ar\/wp-content\/uploads\/2025\/06\/D_818128-MLA82611055527_022025-F-450x450.jpg",450,450,true],"woocommerce_single":["https:\/\/rms-enlinea.com.ar\/wp-content\/uploads\/2025\/06\/D_818128-MLA82611055527_022025-F-600x838.jpg",600,838,true],"woocommerce_gallery_thumbnail":["https:\/\/rms-enlinea.com.ar\/wp-content\/uploads\/2025\/06\/D_818128-MLA82611055527_022025-F-100x100.jpg",100,100,true]},"uagb_author_info":{"display_name":"l0071054","author_link":"https:\/\/rms-enlinea.com.ar\/tienda\/author\/"},"uagb_comment_info":0,"uagb_excerpt":"Respuesta en frecuencia 20 Hz &#8211; 20 kHzEs gamer S\u00edEs monoaural NoEs inal\u00e1mbrico NoL\u00ednea SHOCKModelo HT-SHK-DIECBK-25Sensibilidad 3 dBEmbalaje del env\u00edo CajaCon Bluetooth NoCon luz LED S\u00edCon micr\u00f3fono S\u00edMarca ThermaltakeLargo del cable 2.2 m","_links":{"self":[{"href":"https:\/\/rms-enlinea.com.ar\/tienda\/wp-json\/wp\/v2\/product\/13844","targetHints":{"allow":["GET"]}}],"collection":[{"href":"https:\/\/rms-enlinea.com.ar\/tienda\/wp-json\/wp\/v2\/product"}],"about":[{"href":"https:\/\/rms-enlinea.com.ar\/tienda\/wp-json\/wp\/v2\/types\/product"}],"replies":[{"embeddable":true,"href":"https:\/\/rms-enlinea.com.ar\/tienda\/wp-json\/wp\/v2\/comments?post=13844"}],"wp:featuredmedia":[{"embeddable":true,"href":"https:\/\/rms-enlinea.com.ar\/tienda\/wp-json\/wp\/v2\/media\/13845"}],"wp:attachment":[{"href":"https:\/\/rms-enlinea.com.ar\/tienda\/wp-json\/wp\/v2\/media?parent=13844"}],"wp:term":[{"taxonomy":"product_brand","embeddable":true,"href":"https:\/\/rms-enlinea.com.ar\/tienda\/wp-json\/wp\/v2\/product_brand?post=13844"},{"taxonomy":"product_cat","embeddable":true,"href":"https:\/\/rms-enlinea.com.ar\/tienda\/wp-json\/wp\/v2\/product_cat?post=13844"},{"taxonomy":"product_tag","embeddable":true,"href":"https:\/\/rms-enlinea.com.ar\/tienda\/wp-json\/wp\/v2\/product_tag?post=13844"}],"curies":[{"name":"wp","href":"https:\/\/api.w.org\/{rel}","templated":true}]}}